{"id":449570,"date":"2025-02-23T12:17:05","date_gmt":"2025-02-23T11:17:05","guid":{"rendered":"https:\/\/www.pricetornado.com\/da\/produkt\/nedis-rf-fjernbetjening-1-kanal-rfws10wt\/"},"modified":"2026-04-29T01:21:58","modified_gmt":"2026-04-28T23:21:58","slug":"nedis-rf-fjernbetjening-1-kanal-rfws10wt","status":"publish","type":"product","link":"https:\/\/www.pricetornado.com\/da\/produkt\/nedis-rf-fjernbetjening-1-kanal-rfws10wt\/","title":{"rendered":"Nedis &#8211; RF Fjernbetjening | 1 Kanal &#8211; RFWS10WT"},"content":{"rendered":"<p>K\u00f8b billig Nedis &#8211; RF Fjernbetjening | 1 Kanal &#8211; RFWS10WT!<br \/>\nBetjen en eller flere lamper eller enheder med denne fjernbetjent Nedis-v\u00e6gkontakt. Du kan registrere flere modtagere pr. kanal for at t\u00e6nde og slukke adskillige lamper eller enheder med et tryk p\u00e5 en knapDenne fjernbetjente v\u00e6gkontakt har \u00e9n sendekanal.Nedis RF modtagere kan lagre op til 5 transmissionskoder, s\u00e5 du hurtigt og nemt har en l\u00f8sning til enhver t\u00e6nkelig situation.Underst\u00f8tter alle t\u00e6nd\/sluk- og d\u00e6mpbare modtagere og fungerer med n\u00e6sten alle eksisterende 433,92 MHz systemer, uanset fabrikat.<\/p>\n<p>Sammenlign priser p\u00e5 Nedis &#8211; RF Fjernbetjening | 1 Kanal &#8211; RFWS10WT og k\u00f8b online til den billigste pris, samt p\u00e5 tilbud!\u00a0\u00a0Tjek den bedste pris, produkt beskrivelse, video, test, anmeldelser osv.<\/p>\n<p><strong>Brand: <\/strong>Nedis<br \/>\n<strong>EAN: <\/strong>5412810319336<br \/>\n<strong>Producentens varenr.:<\/strong> 5412810319336<\/p>\n<p><strong>P.S.<\/strong><br \/>\nTilmeld dig til &#8220;Opret Gratis Prisfald Alarm&#8221;, og bliv underrettet med det samme om prisfald p\u00e5 Nedis &#8211; RF Fjernbetjening | 1 Kanal &#8211; RFWS10WT, og f\u00e5 den billigste pris!<\/p>\n<p>&nbsp;<\/p>\n<p>&nbsp;<\/p>\n","protected":false},"excerpt":{"rendered":"<p>K\u00f8b billig Nedis &#8211; RF Fjernbetjening | 1 Kanal &#8211; RFWS10WT! Betjen en eller flere lamper eller enheder med denne fjernbetjent Nedis-v\u00e6gkontakt. Du kan registrere flere modtagere pr. kanal for at t\u00e6nde og slukke adskillige lamper eller enheder med et tryk p\u00e5 en knapDenne fjernbetjente v\u00e6gkontakt har \u00e9n sendekanal.Nedis RF modtagere kan lagre op til [&hellip;]<\/p>\n","protected":false},"featured_media":999980000004495700,"template":"","meta":[],"store":[1272516],"product_brand":[1272517],"product_cat":[797161],"product_tag":[1275234,1275178],"class_list":{"0":"post-449570","1":"product","2":"type-product","3":"status-publish","4":"has-post-thumbnail","6":"store-butik24","7":"product_brand-nedis","8":"product_cat-energi","9":"product_tag-energi","10":"product_tag-nedis","11":"pa_maerke-nedis","13":"first","14":"instock","15":"product-type-external"},"_links":{"self":[{"href":"https:\/\/www.pricetornado.com\/da\/wp-json\/wp\/v2\/product\/449570","targetHints":{"allow":["GET"]}}],"collection":[{"href":"https:\/\/www.pricetornado.com\/da\/wp-json\/wp\/v2\/product"}],"about":[{"href":"https:\/\/www.pricetornado.com\/da\/wp-json\/wp\/v2\/types\/product"}],"wp:featuredmedia":[{"embeddable":true,"href":"https:\/\/www.pricetornado.com\/da\/wp-json\/"}],"wp:attachment":[{"href":"https:\/\/www.pricetornado.com\/da\/wp-json\/wp\/v2\/media?parent=449570"}],"wp:term":[{"taxonomy":"store","embeddable":true,"href":"https:\/\/www.pricetornado.com\/da\/wp-json\/wp\/v2\/store?post=449570"},{"taxonomy":"product_brand","embeddable":true,"href":"https:\/\/www.pricetornado.com\/da\/wp-json\/wp\/v2\/product_brand?post=449570"},{"taxonomy":"product_cat","embeddable":true,"href":"https:\/\/www.pricetornado.com\/da\/wp-json\/wp\/v2\/product_cat?post=449570"},{"taxonomy":"product_tag","embeddable":true,"href":"https:\/\/www.pricetornado.com\/da\/wp-json\/wp\/v2\/product_tag?post=449570"}],"curies":[{"name":"wp","href":"https:\/\/api.w.org\/{rel}","templated":true}]}}