{"id":449544,"date":"2025-02-20T02:20:46","date_gmt":"2025-02-20T01:20:46","guid":{"rendered":"https:\/\/www.pricetornado.com\/da\/produkt\/nedis-ultra-high-speed-hdmi-kabel-hdmi-stik-hdmi-stik-8k60hz-48-gbps-1-00-m-runde-6-3-mm-gun-metal-graa-cover-window-box-cvtb35000gy10\/"},"modified":"2026-05-13T02:12:38","modified_gmt":"2026-05-13T00:12:38","slug":"nedis-ultra-high-speed-hdmi-kabel-hdmi-stik-hdmi-stik-8k60hz-48-gbps-1-00-m-runde-6-3-mm-gun-metal-graa-cover-window-box-cvtb35000gy10","status":"publish","type":"product","link":"https:\/\/www.pricetornado.com\/da\/produkt\/nedis-ultra-high-speed-hdmi-kabel-hdmi-stik-hdmi-stik-8k60hz-48-gbps-1-00-m-runde-6-3-mm-gun-metal-graa-cover-window-box-cvtb35000gy10\/","title":{"rendered":"Nedis &#8211; Ultra High Speed HDMI \u2122 kabel | HDMI\u2122 Stik | HDMI\u2122 Stik | 8K@60Hz | 48 Gbps | 1.00 m | Runde | 6.3 mm | Gun Metal Gr\u00e5 | Cover Window Box &#8211; CVTB35000GY10"},"content":{"rendered":"<p>K\u00f8b billig Nedis &#8211; Ultra High Speed HDMI \u2122 kabel | HDMI\u2122 Stik | HDMI\u2122 Stik | 8K@60Hz | 48 Gbps | 1.00 m | Runde | 6.3 mm | Gun Metal Gr\u00e5 | Cover Window Box &#8211; CVTB35000GY10!<br \/>\nNedis Fabritallic Ultra High Speed HDMI-kabel med Ethernet er udviklet til dig, der \u00f8nsker en ultraeffektiv og stabil videoforbindelse til TV, hjemmebiograf og de nyeste spilkonsoller. Serien h\u00f8rer til blandt de bedste i sit segment og kombinerer visuel kvalitet med et detaljeret, f\u00f8rsteklasses design, der matcher moderne TV-sk\u00e6rme og professionelle s\u00e5vel som private ops\u00e6tninger.Kablet underst\u00f8tter en maksimal opl\u00f8sning p\u00e5 8K ved 60 Hz og 4K ved 120 Hz via en b\u00e5ndbredde p\u00e5 op til 48 Gbps. Det giver mulighed for ukomprimeret 8K-video med HDR samt knivskarpe billeder, maksimal kontrast og fyldige, naturlige farver med alle detaljer gengivet uden forvr\u00e6ngning eller interferens. Det g\u00f8r en tydelig forskel, n\u00e5r du ser film, spiller videospil eller streamer TV-serier.HDMI 2.1 med eARC, HDR og EthernetKablet er HDMI 2.1-kompatibelt og underst\u00f8tter de nyeste teknologier, herunder 3D, eARC, HDR, HDCP og HDMI-CEC. Dynamic HDR underst\u00f8ttes ogs\u00e5 og bidrager til mere lys og et bredere udvalg af farvedetaljer, s\u00e5 billedet fremst\u00e5r perfekt, realistisk og detaljeret.eARC-funktionen g\u00f8r det muligt at sende lyd i bedst mulig kvalitet fra dit TV til en soundbar eller AV-modtager. Derudover underst\u00f8tter kablet Ethernet pass-through, s\u00e5 lyd, video og data kan overf\u00f8res via \u00e9n samlet forbindelse. Kablet er samtidig bagudkompatibelt med eksisterende HDMI-enheder og tidligere versioner, hvilket g\u00f8r integrationen enkel i nuv\u00e6rende ops\u00e6tninger.Kablets interne konstruktion er optimeret til 48 Gbps b\u00e5ndbredde og er opbygget med f\u00f8rsteklasses oxygenfri kobberledere, som sikrer fremragende, fejlfri og krystalklar overf\u00f8rsel af data-, video- og lydsignaler. De 24-karats forgyldte kontakter beskytter mod korrosion, underst\u00f8tter h\u00f8j signalintegritet og hj\u00e6lper med at reducere slid over tid.Metalafsk\u00e6rmning i stik og A-klasse, ikke-ledende kabelafsk\u00e6rmninger beskytter effektivt mod EMI- og RF-interferens. Den lave elektromagnetiske interferens hj\u00e6lper ogs\u00e5 med at reducere p\u00e5virkning af n\u00e6rliggende tr\u00e5dl\u00f8se enheder og bidrager til en stabil forbindelse.Nedis Fabritallic-serien er skabt med fokus p\u00e5 holdbarhed i hele produktets levetid. Kablet har et stikkabinet i aluminiumslegering, som giver en robust og holdbar finish. HDMI Type A-hanstik i begge ender er udf\u00f8rt med metalafsk\u00e6rmning og guldbelagte kontakter for stabil signaloverf\u00f8rsel.Den runde ydre kappe i gunmetal gr\u00e5 har en diameter p\u00e5 6,3 mm, hvilket g\u00f8r kablet fleksibelt og nemt at f\u00f8re, ogs\u00e5 hvor pladsen er begr\u00e6nset. Den flettede sammenkoblingskappe i dual-tone bomuldsstof og nylon beskytter forbindelsen mod ultraviolette lyseffekter, vridning og tr\u00e6kbelastning. Samtidig er kablet udstyret med robust tr\u00e6kaflastning ved stikhovederne, som forbedrer holdbarheden ved gentagen til- og frakobling.Med en l\u00e6ngde p\u00e5 1,00 meter er kablet velegnet til kompakte installationer, hvor du \u00f8nsker en kort og praktisk forbindelse mellem dine HDMI-enheder. Den fleksible, runde konstruktion g\u00f8r det nemt at bruge i sm\u00e5 eller t\u00e6tte ops\u00e6tninger, og den kompakte st\u00f8rrelse g\u00f8r det samtidig let at transportere og anvende i b\u00e5de hjemmet og professionelle milj\u00f8er.Alle Nedis Fabritallic Ultra High Speed HDMI-kabler med Ethernet er HDMI-certificerede og designet til ultrap\u00e5lidelig ydeevne til 8K og Ultra HD. Denne certificering er udviklet til HDMI-kabler, der skal levere p\u00e5lidelig performance ved h\u00f8je opl\u00f8sninger og h\u00f8j b\u00e5ndbredde.Resultatet er et kabel, der er ideelt til hjemmebiograf, gaming og moderne underholdning, hvor b\u00e5de billedkvalitet, lydkvalitet og driftssikkerhed er afg\u00f8rende.HDMI 2.1-kompatibeltV\u00e6lg et HDMI-kabel, der kombinerer h\u00f8j opl\u00f8sning, stabil signaloverf\u00f8rsel, maksimal holdbarhed og certificeret kvalitet til din daglige ops\u00e6tning.<\/p>\n<p>Sammenlign priser p\u00e5 Nedis &#8211; Ultra High Speed HDMI \u2122 kabel | HDMI\u2122 Stik | HDMI\u2122 Stik | 8K@60Hz | 48 Gbps | 1.00 m | Runde | 6.3 mm | Gun Metal Gr\u00e5 | Cover Window Box &#8211; CVTB35000GY10 og k\u00f8b online til den billigste pris, samt p\u00e5 tilbud!\u00a0\u00a0Tjek den bedste pris, produkt beskrivelse, video, test, anmeldelser osv.<\/p>\n<p><strong>Brand: <\/strong>Nedis<br \/>\n<strong>EAN: <\/strong>5412810318933<br \/>\n<strong>Producentens varenr.:<\/strong> 5412810318933<\/p>\n<p><strong>P.S.<\/strong><br \/>\nTilmeld dig til &#8220;Opret Gratis Prisfald Alarm&#8221;, og bliv underrettet med det samme om prisfald p\u00e5 Nedis &#8211; Ultra High Speed HDMI \u2122 kabel | HDMI\u2122 Stik | HDMI\u2122 Stik | 8K@60Hz | 48 Gbps | 1.00 m | Runde | 6.3 mm | Gun Metal Gr\u00e5 | Cover Window Box &#8211; CVTB35000GY10, og f\u00e5 den billigste pris!<\/p>\n<p>&nbsp;<\/p>\n<p>&nbsp;<\/p>\n","protected":false},"excerpt":{"rendered":"<p>K\u00f8b billig Nedis &#8211; Ultra High Speed HDMI \u2122 kabel | HDMI\u2122 Stik | HDMI\u2122 Stik | 8K@60Hz | 48 Gbps | 1.00 m | Runde | 6.3 mm | Gun Metal Gr\u00e5 | Cover Window Box &#8211; CVTB35000GY10! Nedis Fabritallic Ultra High Speed HDMI-kabel med Ethernet er udviklet til dig, der \u00f8nsker en ultraeffektiv [&hellip;]<\/p>\n","protected":false},"featured_media":0,"template":"","meta":[],"store":[1272516],"product_brand":[1272517],"product_cat":[1275230],"product_tag":[1275178,1275231],"class_list":{"0":"post-449544","1":"product","2":"type-product","3":"status-publish","5":"store-butik24","6":"product_brand-nedis","7":"product_cat-video","8":"product_tag-nedis","9":"product_tag-video","10":"pa_maerke-nedis","12":"first","13":"instock","14":"product-type-external"},"_links":{"self":[{"href":"https:\/\/www.pricetornado.com\/da\/wp-json\/wp\/v2\/product\/449544","targetHints":{"allow":["GET"]}}],"collection":[{"href":"https:\/\/www.pricetornado.com\/da\/wp-json\/wp\/v2\/product"}],"about":[{"href":"https:\/\/www.pricetornado.com\/da\/wp-json\/wp\/v2\/types\/product"}],"wp:attachment":[{"href":"https:\/\/www.pricetornado.com\/da\/wp-json\/wp\/v2\/media?parent=449544"}],"wp:term":[{"taxonomy":"store","embeddable":true,"href":"https:\/\/www.pricetornado.com\/da\/wp-json\/wp\/v2\/store?post=449544"},{"taxonomy":"product_brand","embeddable":true,"href":"https:\/\/www.pricetornado.com\/da\/wp-json\/wp\/v2\/product_brand?post=449544"},{"taxonomy":"product_cat","embeddable":true,"href":"https:\/\/www.pricetornado.com\/da\/wp-json\/wp\/v2\/product_cat?post=449544"},{"taxonomy":"product_tag","embeddable":true,"href":"https:\/\/www.pricetornado.com\/da\/wp-json\/wp\/v2\/product_tag?post=449544"}],"curies":[{"name":"wp","href":"https:\/\/api.w.org\/{rel}","templated":true}]}}