{"id":449543,"date":"2025-02-23T22:09:12","date_gmt":"2025-02-23T21:09:12","guid":{"rendered":"https:\/\/www.pricetornado.com\/da\/produkt\/nedis-hoejttaler-kontrolboks-2-port-ports-banan-hoejttalerimpedans-4-16-ohm-maksimal-belastning-pr-kanal-60-w-volumenkontrol-aluminium-sort-aswi2652bk\/"},"modified":"2026-04-29T01:16:10","modified_gmt":"2026-04-28T23:16:10","slug":"nedis-hoejttaler-kontrolboks-2-port-ports-banan-hoejttalerimpedans-4-16-ohm-maksimal-belastning-pr-kanal-60-w-volumenkontrol-aluminium-sort-aswi2652bk","status":"publish","type":"product","link":"https:\/\/www.pricetornado.com\/da\/produkt\/nedis-hoejttaler-kontrolboks-2-port-ports-banan-hoejttalerimpedans-4-16-ohm-maksimal-belastning-pr-kanal-60-w-volumenkontrol-aluminium-sort-aswi2652bk\/","title":{"rendered":"Nedis &#8211; H\u00f8jttaler kontrolboks | 2-Port port(s) | Banan | H\u00f8jttalerimpedans: 4-16 Ohm | Maksimal Belastning pr. Kanal: 60 W | Volumenkontrol | Aluminium | Sort &#8211; ASWI2652BK"},"content":{"rendered":"<p>K\u00f8b billig Nedis &#8211; H\u00f8jttaler kontrolboks | 2-Port port(s) | Banan | H\u00f8jttalerimpedans: 4-16 Ohm | Maksimal Belastning pr. Kanal: 60 W | Volumenkontrol | Aluminium | Sort &#8211; ASWI2652BK!<br \/>\nDenne h\u00f8jttalerkontrolboks kan skifte mellem to par h\u00f8jttalere eller spille samtidigt fra dem alle fra en udgang. Elegant metaldesign med to separate vippekontakter til eliminering af interferens og nem betjening.Kontrolboksen er udstyret med lydstyrkeregulering, s\u00e5 du kan justere lydniveauet, som du \u00f8nsker.<\/p>\n<p>Sammenlign priser p\u00e5 Nedis &#8211; H\u00f8jttaler kontrolboks | 2-Port port(s) | Banan | H\u00f8jttalerimpedans: 4-16 Ohm | Maksimal Belastning pr. Kanal: 60 W | Volumenkontrol | Aluminium | Sort &#8211; ASWI2652BK og k\u00f8b online til den billigste pris, samt p\u00e5 tilbud!\u00a0\u00a0Tjek den bedste pris, produkt beskrivelse, video, test, anmeldelser osv.<\/p>\n<p><strong>Brand: <\/strong>Nedis<br \/>\n<strong>EAN: <\/strong>5412810315673<br \/>\n<strong>Producentens varenr.:<\/strong> 5412810315673<\/p>\n<p><strong>P.S.<\/strong><br \/>\nTilmeld dig til &#8220;Opret Gratis Prisfald Alarm&#8221;, og bliv underrettet med det samme om prisfald p\u00e5 Nedis &#8211; H\u00f8jttaler kontrolboks | 2-Port port(s) | Banan | H\u00f8jttalerimpedans: 4-16 Ohm | Maksimal Belastning pr. Kanal: 60 W | Volumenkontrol | Aluminium | Sort &#8211; ASWI2652BK, og f\u00e5 den billigste pris!<\/p>\n<p>&nbsp;<\/p>\n<p>&nbsp;<\/p>\n","protected":false},"excerpt":{"rendered":"<p>K\u00f8b billig Nedis &#8211; H\u00f8jttaler kontrolboks | 2-Port port(s) | Banan | H\u00f8jttalerimpedans: 4-16 Ohm | Maksimal Belastning pr. Kanal: 60 W | Volumenkontrol | Aluminium | Sort &#8211; ASWI2652BK! Denne h\u00f8jttalerkontrolboks kan skifte mellem to par h\u00f8jttalere eller spille samtidigt fra dem alle fra en udgang. Elegant metaldesign med to separate vippekontakter til eliminering [&hellip;]<\/p>\n","protected":false},"featured_media":999980000004495430,"template":"","meta":[],"store":[1272516],"product_brand":[1272517],"product_cat":[1272472],"product_tag":[1272746,1275178],"class_list":{"0":"post-449543","1":"product","2":"type-product","3":"status-publish","4":"has-post-thumbnail","6":"store-butik24","7":"product_brand-nedis","8":"product_cat-lyd","9":"product_tag-lyd","10":"product_tag-nedis","11":"pa_maerke-nedis","13":"first","14":"instock","15":"product-type-external"},"_links":{"self":[{"href":"https:\/\/www.pricetornado.com\/da\/wp-json\/wp\/v2\/product\/449543","targetHints":{"allow":["GET"]}}],"collection":[{"href":"https:\/\/www.pricetornado.com\/da\/wp-json\/wp\/v2\/product"}],"about":[{"href":"https:\/\/www.pricetornado.com\/da\/wp-json\/wp\/v2\/types\/product"}],"wp:featuredmedia":[{"embeddable":true,"href":"https:\/\/www.pricetornado.com\/da\/wp-json\/"}],"wp:attachment":[{"href":"https:\/\/www.pricetornado.com\/da\/wp-json\/wp\/v2\/media?parent=449543"}],"wp:term":[{"taxonomy":"store","embeddable":true,"href":"https:\/\/www.pricetornado.com\/da\/wp-json\/wp\/v2\/store?post=449543"},{"taxonomy":"product_brand","embeddable":true,"href":"https:\/\/www.pricetornado.com\/da\/wp-json\/wp\/v2\/product_brand?post=449543"},{"taxonomy":"product_cat","embeddable":true,"href":"https:\/\/www.pricetornado.com\/da\/wp-json\/wp\/v2\/product_cat?post=449543"},{"taxonomy":"product_tag","embeddable":true,"href":"https:\/\/www.pricetornado.com\/da\/wp-json\/wp\/v2\/product_tag?post=449543"}],"curies":[{"name":"wp","href":"https:\/\/api.w.org\/{rel}","templated":true}]}}