{"id":449537,"date":"2026-04-23T00:17:58","date_gmt":"2026-04-22T22:17:58","guid":{"rendered":"https:\/\/www.pricetornado.com\/da\/produkt\/puro-icon-mag-pro-bagsidecover-magsafe-kompatibilitet-3\/"},"modified":"2026-04-25T03:20:40","modified_gmt":"2026-04-25T01:20:40","slug":"puro-icon-mag-pro-bagsidecover-magsafe-kompatibilitet-3","status":"publish","type":"product","link":"https:\/\/www.pricetornado.com\/da\/produkt\/puro-icon-mag-pro-bagsidecover-magsafe-kompatibilitet-3\/","title":{"rendered":"PURO Icon Mag Pro &#8211; Bagsidecover &#8211; MagSafe-kompatibilitet"},"content":{"rendered":"<p>K\u00f8b billig PURO Icon Mag Pro &#8211; Bagsidecover &#8211; MagSafe-kompatibilitet!<\/p>\n<p>Sammenlign priser p\u00e5 PURO Icon Mag Pro &#8211; Bagsidecover &#8211; MagSafe-kompatibilitet og k\u00f8b online til den billigste pris, samt p\u00e5 tilbud!\u00a0\u00a0Tjek den bedste pris, produkt beskrivelse, video, test, anmeldelser osv.<\/p>\n<p><strong>Brand: <\/strong>PURO<br \/>\n<strong>EAN: <\/strong>8018417485251<br \/>\n<strong>Producentens varenr.:<\/strong> 8018417485251<\/p>\n<p><strong>P.S.<\/strong><br \/>\nTilmeld dig til &#8220;Opret Gratis Prisfald Alarm&#8221;, og bliv underrettet med det samme om prisfald p\u00e5 PURO Icon Mag Pro &#8211; Bagsidecover &#8211; MagSafe-kompatibilitet, og f\u00e5 den billigste pris!<\/p>\n<p>&nbsp;<\/p>\n","protected":false},"excerpt":{"rendered":"<p>K\u00f8b billig PURO Icon Mag Pro &#8211; Bagsidecover &#8211; MagSafe-kompatibilitet! Sammenlign priser p\u00e5 PURO Icon Mag Pro &#8211; Bagsidecover &#8211; MagSafe-kompatibilitet og k\u00f8b online til den billigste pris, samt p\u00e5 tilbud!\u00a0\u00a0Tjek den bedste pris, produkt beskrivelse, video, test, anmeldelser osv. Brand: PURO EAN: 8018417485251 Producentens varenr.: 8018417485251 P.S. Tilmeld dig til &#8220;Opret Gratis Prisfald Alarm&#8221;, [&hellip;]<\/p>\n","protected":false},"featured_media":999980000004495370,"template":"","meta":[],"store":[1272539],"product_brand":[1272579],"product_cat":[783873,783867,783866],"product_tag":[],"class_list":{"0":"post-449537","1":"product","2":"type-product","3":"status-publish","4":"has-post-thumbnail","6":"store-computersalg","7":"product_brand-puro","8":"product_cat-alle-mobiltelefoner","9":"product_cat-mobiltelefoner","10":"product_cat-telefoni-gps","11":"pa_maerke-puro","13":"first","14":"instock","15":"product-type-external"},"_links":{"self":[{"href":"https:\/\/www.pricetornado.com\/da\/wp-json\/wp\/v2\/product\/449537","targetHints":{"allow":["GET"]}}],"collection":[{"href":"https:\/\/www.pricetornado.com\/da\/wp-json\/wp\/v2\/product"}],"about":[{"href":"https:\/\/www.pricetornado.com\/da\/wp-json\/wp\/v2\/types\/product"}],"wp:featuredmedia":[{"embeddable":true,"href":"https:\/\/www.pricetornado.com\/da\/wp-json\/"}],"wp:attachment":[{"href":"https:\/\/www.pricetornado.com\/da\/wp-json\/wp\/v2\/media?parent=449537"}],"wp:term":[{"taxonomy":"store","embeddable":true,"href":"https:\/\/www.pricetornado.com\/da\/wp-json\/wp\/v2\/store?post=449537"},{"taxonomy":"product_brand","embeddable":true,"href":"https:\/\/www.pricetornado.com\/da\/wp-json\/wp\/v2\/product_brand?post=449537"},{"taxonomy":"product_cat","embeddable":true,"href":"https:\/\/www.pricetornado.com\/da\/wp-json\/wp\/v2\/product_cat?post=449537"},{"taxonomy":"product_tag","embeddable":true,"href":"https:\/\/www.pricetornado.com\/da\/wp-json\/wp\/v2\/product_tag?post=449537"}],"curies":[{"name":"wp","href":"https:\/\/api.w.org\/{rel}","templated":true}]}}