{"id":449524,"date":"2026-04-23T00:14:15","date_gmt":"2026-04-22T22:14:15","guid":{"rendered":"https:\/\/www.pricetornado.com\/da\/produkt\/tenda-traadloes-roegdetektor-iget-p14-security-p14\/"},"modified":"2026-05-02T01:20:01","modified_gmt":"2026-05-01T23:20:01","slug":"tenda-traadloes-roegdetektor-iget-p14-security-p14","status":"publish","type":"product","link":"https:\/\/www.pricetornado.com\/da\/produkt\/tenda-traadloes-roegdetektor-iget-p14-security-p14\/","title":{"rendered":"Tenda tr\u00e5dl\u00f8s r\u00f8gdetektor Iget P14 Security (P14)"},"content":{"rendered":"<p>K\u00f8b billig Tenda tr\u00e5dl\u00f8s r\u00f8gdetektor Iget P14 Security (P14)!<\/p>\n<p>Sammenlign priser p\u00e5 Tenda tr\u00e5dl\u00f8s r\u00f8gdetektor Iget P14 Security (P14) og k\u00f8b online til den billigste pris, samt p\u00e5 tilbud!\u00a0\u00a0Tjek den bedste pris, produkt beskrivelse, video, test, anmeldelser osv.<\/p>\n<p><strong>Brand: <\/strong>TENDA<br \/>\n<strong>EAN: <\/strong>8594177650165<br \/>\n<strong>Producentens varenr.:<\/strong> P14<\/p>\n<p><strong>P.S.<\/strong><br \/>\nTilmeld dig til &#8220;Opret Gratis Prisfald Alarm&#8221;, og bliv underrettet med det samme om prisfald p\u00e5 Tenda tr\u00e5dl\u00f8s r\u00f8gdetektor Iget P14 Security (P14), og f\u00e5 den billigste pris!<\/p>\n<p>&nbsp;<\/p>\n","protected":false},"excerpt":{"rendered":"<p>K\u00f8b billig Tenda tr\u00e5dl\u00f8s r\u00f8gdetektor Iget P14 Security (P14)! Sammenlign priser p\u00e5 Tenda tr\u00e5dl\u00f8s r\u00f8gdetektor Iget P14 Security (P14) og k\u00f8b online til den billigste pris, samt p\u00e5 tilbud!\u00a0\u00a0Tjek den bedste pris, produkt beskrivelse, video, test, anmeldelser osv. Brand: TENDA EAN: 8594177650165 Producentens varenr.: P14 P.S. Tilmeld dig til &#8220;Opret Gratis Prisfald Alarm&#8221;, og bliv [&hellip;]<\/p>\n","protected":false},"featured_media":999980000004495240,"template":"","meta":[],"store":[1272539],"product_brand":[1272590],"product_cat":[783873,783867,783866],"product_tag":[],"class_list":{"0":"post-449524","1":"product","2":"type-product","3":"status-publish","4":"has-post-thumbnail","6":"store-computersalg","7":"product_brand-tenda","8":"product_cat-alle-mobiltelefoner","9":"product_cat-mobiltelefoner","10":"product_cat-telefoni-gps","11":"pa_maerke-tenda","13":"first","14":"instock","15":"product-type-external"},"_links":{"self":[{"href":"https:\/\/www.pricetornado.com\/da\/wp-json\/wp\/v2\/product\/449524","targetHints":{"allow":["GET"]}}],"collection":[{"href":"https:\/\/www.pricetornado.com\/da\/wp-json\/wp\/v2\/product"}],"about":[{"href":"https:\/\/www.pricetornado.com\/da\/wp-json\/wp\/v2\/types\/product"}],"wp:featuredmedia":[{"embeddable":true,"href":"https:\/\/www.pricetornado.com\/da\/wp-json\/"}],"wp:attachment":[{"href":"https:\/\/www.pricetornado.com\/da\/wp-json\/wp\/v2\/media?parent=449524"}],"wp:term":[{"taxonomy":"store","embeddable":true,"href":"https:\/\/www.pricetornado.com\/da\/wp-json\/wp\/v2\/store?post=449524"},{"taxonomy":"product_brand","embeddable":true,"href":"https:\/\/www.pricetornado.com\/da\/wp-json\/wp\/v2\/product_brand?post=449524"},{"taxonomy":"product_cat","embeddable":true,"href":"https:\/\/www.pricetornado.com\/da\/wp-json\/wp\/v2\/product_cat?post=449524"},{"taxonomy":"product_tag","embeddable":true,"href":"https:\/\/www.pricetornado.com\/da\/wp-json\/wp\/v2\/product_tag?post=449524"}],"curies":[{"name":"wp","href":"https:\/\/api.w.org\/{rel}","templated":true}]}}