{"id":449511,"date":"2026-04-30T00:11:55","date_gmt":"2026-04-29T22:11:55","guid":{"rendered":"https:\/\/www.pricetornado.com\/da\/produkt\/xiaomi-redmi-9c-2-32gb-graa\/"},"modified":"2026-04-30T00:12:29","modified_gmt":"2026-04-29T22:12:29","slug":"xiaomi-redmi-9c-2-32gb-graa","status":"publish","type":"product","link":"https:\/\/www.pricetornado.com\/da\/produkt\/xiaomi-redmi-9c-2-32gb-graa\/","title":{"rendered":"Xiaomi Redmi 9c 2\/32GB gr\u00e5"},"content":{"rendered":"<p>K\u00f8b billig Xiaomi Redmi 9c 2\/32GB gr\u00e5!<\/p>\n<p>Sammenlign priser p\u00e5 Xiaomi Redmi 9c 2\/32GB gr\u00e5 og k\u00f8b online til den billigste pris, samt p\u00e5 tilbud!\u00a0\u00a0Tjek den bedste pris, produkt beskrivelse, video, test, anmeldelser osv.<\/p>\n<p><strong>Brand: <\/strong>Xiaomi<br \/>\n<strong>EAN: <\/strong>6934177766541<br \/>\n<strong>Producentens varenr.:<\/strong> 6934177766541<\/p>\n<p><strong>P.S.<\/strong><br \/>\nTilmeld dig til &#8220;Opret Gratis Prisfald Alarm&#8221;, og bliv underrettet med det samme om prisfald p\u00e5 Xiaomi Redmi 9c 2\/32GB gr\u00e5, og f\u00e5 den billigste pris!<\/p>\n<p>&nbsp;<\/p>\n","protected":false},"excerpt":{"rendered":"<p>K\u00f8b billig Xiaomi Redmi 9c 2\/32GB gr\u00e5! Sammenlign priser p\u00e5 Xiaomi Redmi 9c 2\/32GB gr\u00e5 og k\u00f8b online til den billigste pris, samt p\u00e5 tilbud!\u00a0\u00a0Tjek den bedste pris, produkt beskrivelse, video, test, anmeldelser osv. Brand: Xiaomi EAN: 6934177766541 Producentens varenr.: 6934177766541 P.S. Tilmeld dig til &#8220;Opret Gratis Prisfald Alarm&#8221;, og bliv underrettet med det samme [&hellip;]<\/p>\n","protected":false},"featured_media":0,"template":"","meta":[],"store":[1272539],"product_brand":[1272542],"product_cat":[783873,783867,783866],"product_tag":[],"class_list":{"0":"post-449511","1":"product","2":"type-product","3":"status-publish","5":"store-computersalg","6":"product_brand-xiaomi","7":"product_cat-alle-mobiltelefoner","8":"product_cat-mobiltelefoner","9":"product_cat-telefoni-gps","10":"pa_maerke-xiaomi","12":"first","13":"instock","14":"product-type-external"},"_links":{"self":[{"href":"https:\/\/www.pricetornado.com\/da\/wp-json\/wp\/v2\/product\/449511","targetHints":{"allow":["GET"]}}],"collection":[{"href":"https:\/\/www.pricetornado.com\/da\/wp-json\/wp\/v2\/product"}],"about":[{"href":"https:\/\/www.pricetornado.com\/da\/wp-json\/wp\/v2\/types\/product"}],"wp:attachment":[{"href":"https:\/\/www.pricetornado.com\/da\/wp-json\/wp\/v2\/media?parent=449511"}],"wp:term":[{"taxonomy":"store","embeddable":true,"href":"https:\/\/www.pricetornado.com\/da\/wp-json\/wp\/v2\/store?post=449511"},{"taxonomy":"product_brand","embeddable":true,"href":"https:\/\/www.pricetornado.com\/da\/wp-json\/wp\/v2\/product_brand?post=449511"},{"taxonomy":"product_cat","embeddable":true,"href":"https:\/\/www.pricetornado.com\/da\/wp-json\/wp\/v2\/product_cat?post=449511"},{"taxonomy":"product_tag","embeddable":true,"href":"https:\/\/www.pricetornado.com\/da\/wp-json\/wp\/v2\/product_tag?post=449511"}],"curies":[{"name":"wp","href":"https:\/\/api.w.org\/{rel}","templated":true}]}}