{"id":449503,"date":"2026-05-07T00:10:12","date_gmt":"2026-05-06T22:10:12","guid":{"rendered":"https:\/\/www.pricetornado.com\/da\/produkt\/xiaomi-redmi-15-5g-175-cm-6-9-8-gb-256-gb-50-mp-android-15-graa\/"},"modified":"2026-05-13T00:50:54","modified_gmt":"2026-05-12T22:50:54","slug":"xiaomi-redmi-15-5g-175-cm-6-9-8-gb-256-gb-50-mp-android-15-graa","status":"publish","type":"product","link":"https:\/\/www.pricetornado.com\/da\/produkt\/xiaomi-redmi-15-5g-175-cm-6-9-8-gb-256-gb-50-mp-android-15-graa\/","title":{"rendered":"Xiaomi Redmi 15 5G, 17,5 cm (6.9), 8 GB, 256 GB, 50 MP, Android 15, Gr\u00e5"},"content":{"rendered":"<p>K\u00f8b billig Xiaomi Redmi 15 5G, 17,5 cm (6.9), 8 GB, 256 GB, 50 MP, Android 15, Gr\u00e5!<\/p>\n<p>Sammenlign priser p\u00e5 Xiaomi Redmi 15 5G, 17,5 cm (6.9), 8 GB, 256 GB, 50 MP, Android 15, Gr\u00e5 og k\u00f8b online til den billigste pris, samt p\u00e5 tilbud!\u00a0\u00a0Tjek den bedste pris, produkt beskrivelse, video, test, anmeldelser osv.<\/p>\n<p><strong>Brand: <\/strong>Xiaomi<br \/>\n<strong>EAN: <\/strong>6932554454234<br \/>\n<strong>Producentens varenr.:<\/strong> MZB0L9PEU<\/p>\n<p><strong>P.S.<\/strong><br \/>\nTilmeld dig til &#8220;Opret Gratis Prisfald Alarm&#8221;, og bliv underrettet med det samme om prisfald p\u00e5 Xiaomi Redmi 15 5G, 17,5 cm (6.9), 8 GB, 256 GB, 50 MP, Android 15, Gr\u00e5, og f\u00e5 den billigste pris!<\/p>\n<p>&nbsp;<\/p>\n","protected":false},"excerpt":{"rendered":"<p>K\u00f8b billig Xiaomi Redmi 15 5G, 17,5 cm (6.9), 8 GB, 256 GB, 50 MP, Android 15, Gr\u00e5! Sammenlign priser p\u00e5 Xiaomi Redmi 15 5G, 17,5 cm (6.9), 8 GB, 256 GB, 50 MP, Android 15, Gr\u00e5 og k\u00f8b online til den billigste pris, samt p\u00e5 tilbud!\u00a0\u00a0Tjek den bedste pris, produkt beskrivelse, video, test, anmeldelser [&hellip;]<\/p>\n","protected":false},"featured_media":999980000004495030,"template":"","meta":[],"store":[1272539],"product_brand":[1272542],"product_cat":[783873,783867,783866],"product_tag":[],"class_list":{"0":"post-449503","1":"product","2":"type-product","3":"status-publish","4":"has-post-thumbnail","6":"store-computersalg","7":"product_brand-xiaomi","8":"product_cat-alle-mobiltelefoner","9":"product_cat-mobiltelefoner","10":"product_cat-telefoni-gps","11":"pa_maerke-xiaomi","13":"first","14":"instock","15":"product-type-external"},"_links":{"self":[{"href":"https:\/\/www.pricetornado.com\/da\/wp-json\/wp\/v2\/product\/449503","targetHints":{"allow":["GET"]}}],"collection":[{"href":"https:\/\/www.pricetornado.com\/da\/wp-json\/wp\/v2\/product"}],"about":[{"href":"https:\/\/www.pricetornado.com\/da\/wp-json\/wp\/v2\/types\/product"}],"wp:featuredmedia":[{"embeddable":true,"href":"https:\/\/www.pricetornado.com\/da\/wp-json\/"}],"wp:attachment":[{"href":"https:\/\/www.pricetornado.com\/da\/wp-json\/wp\/v2\/media?parent=449503"}],"wp:term":[{"taxonomy":"store","embeddable":true,"href":"https:\/\/www.pricetornado.com\/da\/wp-json\/wp\/v2\/store?post=449503"},{"taxonomy":"product_brand","embeddable":true,"href":"https:\/\/www.pricetornado.com\/da\/wp-json\/wp\/v2\/product_brand?post=449503"},{"taxonomy":"product_cat","embeddable":true,"href":"https:\/\/www.pricetornado.com\/da\/wp-json\/wp\/v2\/product_cat?post=449503"},{"taxonomy":"product_tag","embeddable":true,"href":"https:\/\/www.pricetornado.com\/da\/wp-json\/wp\/v2\/product_tag?post=449503"}],"curies":[{"name":"wp","href":"https:\/\/api.w.org\/{rel}","templated":true}]}}