{"id":449497,"date":"2026-04-23T00:06:47","date_gmt":"2026-04-22T22:06:47","guid":{"rendered":"https:\/\/www.pricetornado.com\/da\/produkt\/fonekit-premium-magsafe-kompatibelt-beskyttelsescover-til-iphone-16-transparent\/"},"modified":"2026-04-29T00:40:22","modified_gmt":"2026-04-28T22:40:22","slug":"fonekit-premium-magsafe-kompatibelt-beskyttelsescover-til-iphone-16-transparent","status":"publish","type":"product","link":"https:\/\/www.pricetornado.com\/da\/produkt\/fonekit-premium-magsafe-kompatibelt-beskyttelsescover-til-iphone-16-transparent\/","title":{"rendered":"Fonekit Premium MagSafe-kompatibelt beskyttelsescover til iPhone 16, transparent"},"content":{"rendered":"<p>K\u00f8b billig Fonekit Premium MagSafe-kompatibelt beskyttelsescover til iPhone 16, transparent!<\/p>\n<p>Sammenlign priser p\u00e5 Fonekit Premium MagSafe-kompatibelt beskyttelsescover til iPhone 16, transparent og k\u00f8b online til den billigste pris, samt p\u00e5 tilbud!\u00a0\u00a0Tjek den bedste pris, produkt beskrivelse, video, test, anmeldelser osv.<\/p>\n<p><strong>Brand: <\/strong>FoneKit<br \/>\n<strong>EAN: <\/strong>6438148055332<br \/>\n<strong>Producentens varenr.:<\/strong> 932440<\/p>\n<p><strong>P.S.<\/strong><br \/>\nTilmeld dig til &#8220;Opret Gratis Prisfald Alarm&#8221;, og bliv underrettet med det samme om prisfald p\u00e5 Fonekit Premium MagSafe-kompatibelt beskyttelsescover til iPhone 16, transparent, og f\u00e5 den billigste pris!<\/p>\n<p>&nbsp;<\/p>\n","protected":false},"excerpt":{"rendered":"<p>K\u00f8b billig Fonekit Premium MagSafe-kompatibelt beskyttelsescover til iPhone 16, transparent! Sammenlign priser p\u00e5 Fonekit Premium MagSafe-kompatibelt beskyttelsescover til iPhone 16, transparent og k\u00f8b online til den billigste pris, samt p\u00e5 tilbud!\u00a0\u00a0Tjek den bedste pris, produkt beskrivelse, video, test, anmeldelser osv. Brand: FoneKit EAN: 6438148055332 Producentens varenr.: 932440 P.S. Tilmeld dig til &#8220;Opret Gratis Prisfald Alarm&#8221;, [&hellip;]<\/p>\n","protected":false},"featured_media":0,"template":"","meta":[],"store":[1272539],"product_brand":[1275223],"product_cat":[783873,783867,783866],"product_tag":[],"class_list":{"0":"post-449497","1":"product","2":"type-product","3":"status-publish","5":"store-computersalg","6":"product_brand-fonekit","7":"product_cat-alle-mobiltelefoner","8":"product_cat-mobiltelefoner","9":"product_cat-telefoni-gps","10":"pa_maerke-fonekit","12":"first","13":"instock","14":"product-type-external"},"_links":{"self":[{"href":"https:\/\/www.pricetornado.com\/da\/wp-json\/wp\/v2\/product\/449497","targetHints":{"allow":["GET"]}}],"collection":[{"href":"https:\/\/www.pricetornado.com\/da\/wp-json\/wp\/v2\/product"}],"about":[{"href":"https:\/\/www.pricetornado.com\/da\/wp-json\/wp\/v2\/types\/product"}],"wp:attachment":[{"href":"https:\/\/www.pricetornado.com\/da\/wp-json\/wp\/v2\/media?parent=449497"}],"wp:term":[{"taxonomy":"store","embeddable":true,"href":"https:\/\/www.pricetornado.com\/da\/wp-json\/wp\/v2\/store?post=449497"},{"taxonomy":"product_brand","embeddable":true,"href":"https:\/\/www.pricetornado.com\/da\/wp-json\/wp\/v2\/product_brand?post=449497"},{"taxonomy":"product_cat","embeddable":true,"href":"https:\/\/www.pricetornado.com\/da\/wp-json\/wp\/v2\/product_cat?post=449497"},{"taxonomy":"product_tag","embeddable":true,"href":"https:\/\/www.pricetornado.com\/da\/wp-json\/wp\/v2\/product_tag?post=449497"}],"curies":[{"name":"wp","href":"https:\/\/api.w.org\/{rel}","templated":true}]}}