{"id":449495,"date":"2026-04-30T00:04:40","date_gmt":"2026-04-29T22:04:40","guid":{"rendered":"https:\/\/www.pricetornado.com\/da\/produkt\/motorola-edge-70-5g-smartphone-dual-sim-ram-12-gb-intern-hukommelse-512-gb-poled-display-6-67-2712-x-1220-pixels-120-hz-3x-bagkamera-50-mp-50-mp-front-camera-50-mp-pantone-gadge\/"},"modified":"2026-05-01T00:10:21","modified_gmt":"2026-04-30T22:10:21","slug":"motorola-edge-70-5g-smartphone-dual-sim-ram-12-gb-intern-hukommelse-512-gb-poled-display-6-67-2712-x-1220-pixels-120-hz-3x-bagkamera-50-mp-50-mp-front-camera-50-mp-pantone-gadge","status":"publish","type":"product","link":"https:\/\/www.pricetornado.com\/da\/produkt\/motorola-edge-70-5g-smartphone-dual-sim-ram-12-gb-intern-hukommelse-512-gb-poled-display-6-67-2712-x-1220-pixels-120-hz-3x-bagkamera-50-mp-50-mp-front-camera-50-mp-pantone-gadge\/","title":{"rendered":"Motorola Edge 70 &#8211; 5G smartphone &#8211; dual-SIM &#8211; RAM 12 GB \/ Intern hukommelse 512 GB &#8211; pOLED display &#8211; 6.67 &#8211; 2712 x 1220 pixels (120 Hz) &#8211; 3x bagkamera 50 MP, 50 MP &#8211; front camera 50 MP &#8211; pantone gadgetgr\u00e5"},"content":{"rendered":"<p>K\u00f8b billig Motorola Edge 70 &#8211; 5G smartphone &#8211; dual-SIM &#8211; RAM 12 GB \/ Intern hukommelse 512 GB &#8211; pOLED display &#8211; 6.67 &#8211; 2712 x 1220 pixels (120 Hz) &#8211; 3x bagkamera 50 MP, 50 MP &#8211; front camera 50 MP &#8211; pantone gadgetgr\u00e5!<\/p>\n<p>Sammenlign priser p\u00e5 Motorola Edge 70 &#8211; 5G smartphone &#8211; dual-SIM &#8211; RAM 12 GB \/ Intern hukommelse 512 GB &#8211; pOLED display &#8211; 6.67 &#8211; 2712 x 1220 pixels (120 Hz) &#8211; 3x bagkamera 50 MP, 50 MP &#8211; front camera 50 MP &#8211; pantone gadgetgr\u00e5 og k\u00f8b online til den billigste pris, samt p\u00e5 tilbud!\u00a0\u00a0Tjek den bedste pris, produkt beskrivelse, video, test, anmeldelser osv.<\/p>\n<p><strong>Brand: <\/strong>Motorola<br \/>\n<strong>EAN: <\/strong>0840493603360<br \/>\n<strong>Producentens varenr.:<\/strong> PBA50001SE<\/p>\n<p><strong>P.S.<\/strong><br \/>\nTilmeld dig til &#8220;Opret Gratis Prisfald Alarm&#8221;, og bliv underrettet med det samme om prisfald p\u00e5 Motorola Edge 70 &#8211; 5G smartphone &#8211; dual-SIM &#8211; RAM 12 GB \/ Intern hukommelse 512 GB &#8211; pOLED display &#8211; 6.67 &#8211; 2712 x 1220 pixels (120 Hz) &#8211; 3x bagkamera 50 MP, 50 MP &#8211; front camera 50 MP &#8211; pantone gadgetgr\u00e5, og f\u00e5 den billigste pris!<\/p>\n<p>&nbsp;<\/p>\n","protected":false},"excerpt":{"rendered":"<p>K\u00f8b billig Motorola Edge 70 &#8211; 5G smartphone &#8211; dual-SIM &#8211; RAM 12 GB \/ Intern hukommelse 512 GB &#8211; pOLED display &#8211; 6.67 &#8211; 2712 x 1220 pixels (120 Hz) &#8211; 3x bagkamera 50 MP, 50 MP &#8211; front camera 50 MP &#8211; pantone gadgetgr\u00e5! Sammenlign priser p\u00e5 Motorola Edge 70 &#8211; 5G smartphone [&hellip;]<\/p>\n","protected":false},"featured_media":999980000004494950,"template":"","meta":[],"store":[1272539],"product_brand":[1272545],"product_cat":[783870,783867,783866],"product_tag":[],"class_list":{"0":"post-449495","1":"product","2":"type-product","3":"status-publish","4":"has-post-thumbnail","6":"store-computersalg","7":"product_brand-motorola","8":"product_cat-android","9":"product_cat-mobiltelefoner","10":"product_cat-telefoni-gps","11":"pa_maerke-motorola","13":"first","14":"instock","15":"product-type-external"},"_links":{"self":[{"href":"https:\/\/www.pricetornado.com\/da\/wp-json\/wp\/v2\/product\/449495","targetHints":{"allow":["GET"]}}],"collection":[{"href":"https:\/\/www.pricetornado.com\/da\/wp-json\/wp\/v2\/product"}],"about":[{"href":"https:\/\/www.pricetornado.com\/da\/wp-json\/wp\/v2\/types\/product"}],"wp:featuredmedia":[{"embeddable":true,"href":"https:\/\/www.pricetornado.com\/da\/wp-json\/"}],"wp:attachment":[{"href":"https:\/\/www.pricetornado.com\/da\/wp-json\/wp\/v2\/media?parent=449495"}],"wp:term":[{"taxonomy":"store","embeddable":true,"href":"https:\/\/www.pricetornado.com\/da\/wp-json\/wp\/v2\/store?post=449495"},{"taxonomy":"product_brand","embeddable":true,"href":"https:\/\/www.pricetornado.com\/da\/wp-json\/wp\/v2\/product_brand?post=449495"},{"taxonomy":"product_cat","embeddable":true,"href":"https:\/\/www.pricetornado.com\/da\/wp-json\/wp\/v2\/product_cat?post=449495"},{"taxonomy":"product_tag","embeddable":true,"href":"https:\/\/www.pricetornado.com\/da\/wp-json\/wp\/v2\/product_tag?post=449495"}],"curies":[{"name":"wp","href":"https:\/\/api.w.org\/{rel}","templated":true}]}}