{"id":449492,"date":"2025-02-22T00:17:12","date_gmt":"2025-02-21T23:17:12","guid":{"rendered":"https:\/\/www.pricetornado.com\/da\/produkt\/lenco-baerbar-fm-radio-cd-og-usb-afspiller-roed-scd-37-usb-red\/"},"modified":"2026-05-01T01:50:49","modified_gmt":"2026-04-30T23:50:49","slug":"lenco-baerbar-fm-radio-cd-og-usb-afspiller-roed-scd-37-usb-red","status":"publish","type":"product","link":"https:\/\/www.pricetornado.com\/da\/produkt\/lenco-baerbar-fm-radio-cd-og-usb-afspiller-roed-scd-37-usb-red\/","title":{"rendered":"Lenco &#8211; B\u00e6rbar FM-radio, CD- og USB-afspiller R\u00f8d &#8211; SCD-37 USB RED"},"content":{"rendered":"<p>K\u00f8b billig Lenco &#8211; B\u00e6rbar FM-radio, CD- og USB-afspiller R\u00f8d &#8211; SCD-37 USB RED!<br \/>\nLenco SCD-37 er en brugervenlig og b\u00e6rbar radio og CD-afspiller, ideel til b\u00e5de unge og \u00e6ldre. Med sit forenklede design er den nem at betjene, uanset om du tilslutter den til stikkontakten (230V ~ 50Hz) eller bruger 6 x 1,5V C-batterier (batterier medf\u00f8lger ikke). Den kompakte st\u00f8rrelse p\u00e5 259 x 223 x 125 mm og en v\u00e6gt p\u00e5 kun 1,28 kg samt det integrerede h\u00e5ndtag g\u00f8r det let at tage Lenco SCD-37 med dig \u2013 til parken, p\u00e5 stranden eller til fest med vennerne.Lenco SCD-37 giver dig flere m\u00e5der at nyde dine yndlingssange p\u00e5. Du f\u00e5r FM-radio med digital tuning (87,5-108 MHz), top-loading CD-afspiller der underst\u00f8tter CD, CD-R, CD-RW, samt mulighed for afspilning af MP3- og WMA-filer b\u00e5de via CD og USB. Med et enkelt tryk p\u00e5 en knap kan du straks begynde at lytte til din yndlingsmusik eller radiostationer.Med Lenco SCD-37 kan du nyde stereolyd fra to indbyggede h\u00f8jttalere, uanset hvor du befinder dig. Den lave standby-str\u00f8mforbrug p\u00e5 0,41W sikrer ogs\u00e5 effektivt energiforbrug. Lydoplevelsen er optimal til b\u00e5de indend\u00f8rs og udend\u00f8rs brug, og du kan gemme og programmere dine yndlingsnumre for at h\u00f8re pr\u00e6cis det, du foretr\u00e6kker.Lenco SCD-37 er det perfekte valg for dig, der \u00f8nsker en simpel, mobil og alsidig musikafspiller. Med dens intuitive betjening og fleksible str\u00f8mforsyning kan du lytte til din musik n\u00e5r som helst og hvor som helst \u2013 nemt og bekvemt.<\/p>\n<p>Sammenlign priser p\u00e5 Lenco &#8211; B\u00e6rbar FM-radio, CD- og USB-afspiller R\u00f8d &#8211; SCD-37 USB RED og k\u00f8b online til den billigste pris, samt p\u00e5 tilbud!\u00a0\u00a0Tjek den bedste pris, produkt beskrivelse, video, test, anmeldelser osv.<\/p>\n<p><strong>Brand: <\/strong>Lenco<br \/>\n<strong>EAN: <\/strong>8711902023593<br \/>\n<strong>Producentens varenr.:<\/strong> 8711902023593<\/p>\n<p><strong>P.S.<\/strong><br \/>\nTilmeld dig til &#8220;Opret Gratis Prisfald Alarm&#8221;, og bliv underrettet med det samme om prisfald p\u00e5 Lenco &#8211; B\u00e6rbar FM-radio, CD- og USB-afspiller R\u00f8d &#8211; SCD-37 USB RED, og f\u00e5 den billigste pris!<\/p>\n<p>&nbsp;<\/p>\n<p>&nbsp;<\/p>\n","protected":false},"excerpt":{"rendered":"<p>K\u00f8b billig Lenco &#8211; B\u00e6rbar FM-radio, CD- og USB-afspiller R\u00f8d &#8211; SCD-37 USB RED! Lenco SCD-37 er en brugervenlig og b\u00e6rbar radio og CD-afspiller, ideel til b\u00e5de unge og \u00e6ldre. Med sit forenklede design er den nem at betjene, uanset om du tilslutter den til stikkontakten (230V ~ 50Hz) eller bruger 6 x 1,5V C-batterier [&hellip;]<\/p>\n","protected":false},"featured_media":999980000004494920,"template":"","meta":[],"store":[1272516],"product_brand":[1272526],"product_cat":[1272439],"product_tag":[1275188,1272694],"class_list":{"0":"post-449492","1":"product","2":"type-product","3":"status-publish","4":"has-post-thumbnail","6":"store-butik24","7":"product_brand-lenco","8":"product_cat-radio-2","9":"product_tag-lenco","10":"product_tag-radio","11":"pa_maerke-lenco","13":"first","14":"instock","15":"product-type-external"},"_links":{"self":[{"href":"https:\/\/www.pricetornado.com\/da\/wp-json\/wp\/v2\/product\/449492","targetHints":{"allow":["GET"]}}],"collection":[{"href":"https:\/\/www.pricetornado.com\/da\/wp-json\/wp\/v2\/product"}],"about":[{"href":"https:\/\/www.pricetornado.com\/da\/wp-json\/wp\/v2\/types\/product"}],"wp:featuredmedia":[{"embeddable":true,"href":"https:\/\/www.pricetornado.com\/da\/wp-json\/"}],"wp:attachment":[{"href":"https:\/\/www.pricetornado.com\/da\/wp-json\/wp\/v2\/media?parent=449492"}],"wp:term":[{"taxonomy":"store","embeddable":true,"href":"https:\/\/www.pricetornado.com\/da\/wp-json\/wp\/v2\/store?post=449492"},{"taxonomy":"product_brand","embeddable":true,"href":"https:\/\/www.pricetornado.com\/da\/wp-json\/wp\/v2\/product_brand?post=449492"},{"taxonomy":"product_cat","embeddable":true,"href":"https:\/\/www.pricetornado.com\/da\/wp-json\/wp\/v2\/product_cat?post=449492"},{"taxonomy":"product_tag","embeddable":true,"href":"https:\/\/www.pricetornado.com\/da\/wp-json\/wp\/v2\/product_tag?post=449492"}],"curies":[{"name":"wp","href":"https:\/\/api.w.org\/{rel}","templated":true}]}}