{"id":449491,"date":"2025-02-25T02:18:48","date_gmt":"2025-02-25T01:18:48","guid":{"rendered":"https:\/\/www.pricetornado.com\/da\/produkt\/imperial-kompakt-hybridradio-internet-dab-fm-hi-fi-tuner-wi-fi-og-lan-med-bluetooth-dabmani430bk\/"},"modified":"2026-04-22T02:07:23","modified_gmt":"2026-04-22T00:07:23","slug":"imperial-kompakt-hybridradio-internet-dab-fm-hi-fi-tuner-wi-fi-og-lan-med-bluetooth-dabmani430bk","status":"publish","type":"product","link":"https:\/\/www.pricetornado.com\/da\/produkt\/imperial-kompakt-hybridradio-internet-dab-fm-hi-fi-tuner-wi-fi-og-lan-med-bluetooth-dabmani430bk\/","title":{"rendered":"Imperial &#8211; Kompakt hybridradio (internet, DAB+, FM Hi-Fi tuner, Wi-Fi og LAN) med Bluetooth\u00ae. &#8211; DABMANI430BK"},"content":{"rendered":"<p>K\u00f8b billig Imperial &#8211; Kompakt hybridradio (internet, DAB+, FM Hi-Fi tuner, Wi-Fi og LAN) med Bluetooth\u00ae. &#8211; DABMANI430BK!<br \/>\nImperial DABMAN i430BK er en kompakt og fremtidssikret hybridradioadapter, som nemt opgraderer ethvert stereoanl\u00e6g med et imponerende udvalg af moderne lyttemuligheder. Med sine kun 100 mm i dybden og en v\u00e6gt p\u00e5 552 gram er enheden let at placere og flytte, hvilket g\u00f8r den ideel til fleksibel brug i hjemmet.Adapteren underst\u00f8tter DAB+, FM og internetradio, s\u00e5 du f\u00e5r adgang til et stort udvalg af nationale og internationale radiostationer. Uanset musiksmag giver dette dig friheden til at lytte til dine favoritter eller opdage nye kanaler verden over.Imperial DABMAN i430BK integrerer mange popul\u00e6re musikstreamingtjenester s\u00e5som Deezer, TIDAL, Qobuz, Napster, HiResAudio, Soundmachine og Calm Radio. Du kan ogs\u00e5 afspille musik fra lokale kilder, da enheden underst\u00f8tter UPnP\/DLNA til netv\u00e6rksafspilning fra hjemmets servere samt USB-lagerenheder.Med b\u00e5de modtagelse og transmission via Bluetooth\u00ae kan du str\u00f8mme musik tr\u00e5dl\u00f8st fra smartphones eller tablets, og samtidig tilslutte tr\u00e5dl\u00f8se hovedtelefoner eller h\u00f8jttalere for st\u00f8rre fleksibilitet. Derudover giver USB-, AUX- og optisk Toslink-indgang, antenneindgang samt koaksiale udgange mange muligheder for tilkobling af dit eksisterende udstyr.Den 3,2&quot; store farvesk\u00e6rm giver et tydeligt overblik over stationsdata, menuer og vejrinformation. Enheden har dobbelte alarmfunktioner, sleep timer og equalizer, s\u00e5 du nemt kan tilpasse lytteoplevelsen. Betjeningen foreg\u00e5r enkelt via de fysiske knapper, den medf\u00f8lgende fjernbetjening eller den gratis Soundmate Controller-app.Takket v\u00e6re b\u00e5de Wi-Fi og LAN (Ethernet RJ45) forbindelser integreres DABMAN i430BK nemt i hjemmenetv\u00e6rket. Den intuitive brugerflade med flere OSD-sprog g\u00f8r navigation enkel for alle brugere.Direkte integration af streamingtjenester: Deezer, TIDAL, Qobuz, Napster, HiResAudio, Soundmachine, Calm Radio m.fl.Imperial DABMAN i430BK kombinerer omfattende streaming og radiomodtagelse i et pladsbesparende og brugervenligt design. Den er din alt-i-en opgradering til b\u00e5de moderne og traditionelle lydkilder i hjemmet.<\/p>\n<p>Sammenlign priser p\u00e5 Imperial &#8211; Kompakt hybridradio (internet, DAB+, FM Hi-Fi tuner, Wi-Fi og LAN) med Bluetooth\u00ae. &#8211; DABMANI430BK og k\u00f8b online til den billigste pris, samt p\u00e5 tilbud!\u00a0\u00a0Tjek den bedste pris, produkt beskrivelse, video, test, anmeldelser osv.<\/p>\n<p><strong>Brand: <\/strong>Imperial<br \/>\n<strong>EAN: <\/strong>8711902093794<br \/>\n<strong>Producentens varenr.:<\/strong> 8711902093794<\/p>\n<p><strong>P.S.<\/strong><br \/>\nTilmeld dig til &#8220;Opret Gratis Prisfald Alarm&#8221;, og bliv underrettet med det samme om prisfald p\u00e5 Imperial &#8211; Kompakt hybridradio (internet, DAB+, FM Hi-Fi tuner, Wi-Fi og LAN) med Bluetooth\u00ae. &#8211; DABMANI430BK, og f\u00e5 den billigste pris!<\/p>\n<p>&nbsp;<\/p>\n<p>&nbsp;<\/p>\n","protected":false},"excerpt":{"rendered":"<p>K\u00f8b billig Imperial &#8211; Kompakt hybridradio (internet, DAB+, FM Hi-Fi tuner, Wi-Fi og LAN) med Bluetooth\u00ae. &#8211; DABMANI430BK! Imperial DABMAN i430BK er en kompakt og fremtidssikret hybridradioadapter, som nemt opgraderer ethvert stereoanl\u00e6g med et imponerende udvalg af moderne lyttemuligheder. Med sine kun 100 mm i dybden og en v\u00e6gt p\u00e5 552 gram er enheden let [&hellip;]<\/p>\n","protected":false},"featured_media":0,"template":"","meta":[],"store":[1272516],"product_brand":[1272525],"product_cat":[1272439],"product_tag":[1275182,1272694],"class_list":{"0":"post-449491","1":"product","2":"type-product","3":"status-publish","5":"store-butik24","6":"product_brand-imperial","7":"product_cat-radio-2","8":"product_tag-imperial","9":"product_tag-radio","10":"pa_maerke-imperial","12":"first","13":"instock","14":"product-type-external"},"_links":{"self":[{"href":"https:\/\/www.pricetornado.com\/da\/wp-json\/wp\/v2\/product\/449491","targetHints":{"allow":["GET"]}}],"collection":[{"href":"https:\/\/www.pricetornado.com\/da\/wp-json\/wp\/v2\/product"}],"about":[{"href":"https:\/\/www.pricetornado.com\/da\/wp-json\/wp\/v2\/types\/product"}],"wp:attachment":[{"href":"https:\/\/www.pricetornado.com\/da\/wp-json\/wp\/v2\/media?parent=449491"}],"wp:term":[{"taxonomy":"store","embeddable":true,"href":"https:\/\/www.pricetornado.com\/da\/wp-json\/wp\/v2\/store?post=449491"},{"taxonomy":"product_brand","embeddable":true,"href":"https:\/\/www.pricetornado.com\/da\/wp-json\/wp\/v2\/product_brand?post=449491"},{"taxonomy":"product_cat","embeddable":true,"href":"https:\/\/www.pricetornado.com\/da\/wp-json\/wp\/v2\/product_cat?post=449491"},{"taxonomy":"product_tag","embeddable":true,"href":"https:\/\/www.pricetornado.com\/da\/wp-json\/wp\/v2\/product_tag?post=449491"}],"curies":[{"name":"wp","href":"https:\/\/api.w.org\/{rel}","templated":true}]}}