{"id":449490,"date":"2025-02-22T04:21:31","date_gmt":"2025-02-22T03:21:31","guid":{"rendered":"https:\/\/www.pricetornado.com\/da\/produkt\/imperial-kompakt-hybridradio-internet-dab-fm-hi-fi-tuner-med-bluetooth-dabmani420bk\/"},"modified":"2026-04-22T02:07:19","modified_gmt":"2026-04-22T00:07:19","slug":"imperial-kompakt-hybridradio-internet-dab-fm-hi-fi-tuner-med-bluetooth-dabmani420bk","status":"publish","type":"product","link":"https:\/\/www.pricetornado.com\/da\/produkt\/imperial-kompakt-hybridradio-internet-dab-fm-hi-fi-tuner-med-bluetooth-dabmani420bk\/","title":{"rendered":"Imperial &#8211; Kompakt hybridradio (internet, DAB+, FM hi-fi-tuner) med Bluetooth\u00ae. &#8211; DABMANI420BK"},"content":{"rendered":"<p>K\u00f8b billig Imperial &#8211; Kompakt hybridradio (internet, DAB+, FM hi-fi-tuner) med Bluetooth\u00ae. &#8211; DABMANI420BK!<br \/>\nImperial DABMAN i420BK er en alsidig og kompakt hybridradioadapter, der g\u00f8r det let at opgradere ethvert eksisterende stereoanl\u00e6g med moderne radio- og streamingfunktioner. Med adgang til DAB+, FM og internetradio f\u00e5r du tusindvis af radiostationer fra hele verden direkte ind i dit hjem. Adapteren tilbyder omfattende tilslutningsmuligheder og let integration i alle g\u00e6ngse lydops\u00e6tninger.Den brugervenlige DABMAN i420BK har et 3,2&quot; TFT-farvedisplay, der s\u00f8rger for tydelig navigation gennem menuer, viser stationsinformation, albumoplysninger og valgfri vejrdata. En intuitiv brugerflade g\u00f8r det enkelt at betjene radioen, mens den indbyggede equalizer giver mulighed for at skr\u00e6ddersy lydoplevelsen.Enheden underst\u00f8tter et v\u00e6ld af tilslutningsformer, herunder USB-afspilning, UPnP\/DLNA, AUX, RJ45, Toslink (optisk udgang), koaksial udgang, antenneindgang og en stabil 2,4 GHz WLAN-forbindelse. Du har mulighed for at afspille musik fra netv\u00e6rksdrev, USB-lager eller mobile enheder \u2013 alt sammen med problemfri integration i dit eksisterende lydsystem.DABMAN i420BK udm\u00e6rker sig med sin dobbelte Bluetooth-funktionalitet \u2013 b\u00e5de modtagelse og transmission. Du kan nemt streame musik tr\u00e5dl\u00f8st fra din smartphone eller tablet til radioen, eller sende lydsignalet videre til Bluetooth-hovedtelefoner eller tr\u00e5dl\u00f8se h\u00f8jttalere. Det giver stor frihed og fleksibilitet til enhver lyttekontekst i hjemmet.Den kompakte bordradio er perfekt til hifi-integration og fremtidssikret med b\u00e5de analoge og digitale tilslutningsmuligheder. Stabil PLL FM-modtagelse og 2,4 GHz WLAN sikrer p\u00e5lidelig digital radiooplevelse. Imperial DABMAN i420BK er det ideelle valg til alle, der \u00f8nsker at opgradere deres eksisterende lydsystem med de nyeste radio- og streamingteknologier.<\/p>\n<p>Sammenlign priser p\u00e5 Imperial &#8211; Kompakt hybridradio (internet, DAB+, FM hi-fi-tuner) med Bluetooth\u00ae. &#8211; DABMANI420BK og k\u00f8b online til den billigste pris, samt p\u00e5 tilbud!\u00a0\u00a0Tjek den bedste pris, produkt beskrivelse, video, test, anmeldelser osv.<\/p>\n<p><strong>Brand: <\/strong>Imperial<br \/>\n<strong>EAN: <\/strong>8711902093787<br \/>\n<strong>Producentens varenr.:<\/strong> 8711902093787<\/p>\n<p><strong>P.S.<\/strong><br \/>\nTilmeld dig til &#8220;Opret Gratis Prisfald Alarm&#8221;, og bliv underrettet med det samme om prisfald p\u00e5 Imperial &#8211; Kompakt hybridradio (internet, DAB+, FM hi-fi-tuner) med Bluetooth\u00ae. &#8211; DABMANI420BK, og f\u00e5 den billigste pris!<\/p>\n<p>&nbsp;<\/p>\n<p>&nbsp;<\/p>\n","protected":false},"excerpt":{"rendered":"<p>K\u00f8b billig Imperial &#8211; Kompakt hybridradio (internet, DAB+, FM hi-fi-tuner) med Bluetooth\u00ae. &#8211; DABMANI420BK! Imperial DABMAN i420BK er en alsidig og kompakt hybridradioadapter, der g\u00f8r det let at opgradere ethvert eksisterende stereoanl\u00e6g med moderne radio- og streamingfunktioner. Med adgang til DAB+, FM og internetradio f\u00e5r du tusindvis af radiostationer fra hele verden direkte ind i [&hellip;]<\/p>\n","protected":false},"featured_media":0,"template":"","meta":[],"store":[1272516],"product_brand":[1272525],"product_cat":[1272439],"product_tag":[1275182,1272694],"class_list":{"0":"post-449490","1":"product","2":"type-product","3":"status-publish","5":"store-butik24","6":"product_brand-imperial","7":"product_cat-radio-2","8":"product_tag-imperial","9":"product_tag-radio","10":"pa_maerke-imperial","12":"first","13":"instock","14":"product-type-external"},"_links":{"self":[{"href":"https:\/\/www.pricetornado.com\/da\/wp-json\/wp\/v2\/product\/449490","targetHints":{"allow":["GET"]}}],"collection":[{"href":"https:\/\/www.pricetornado.com\/da\/wp-json\/wp\/v2\/product"}],"about":[{"href":"https:\/\/www.pricetornado.com\/da\/wp-json\/wp\/v2\/types\/product"}],"wp:attachment":[{"href":"https:\/\/www.pricetornado.com\/da\/wp-json\/wp\/v2\/media?parent=449490"}],"wp:term":[{"taxonomy":"store","embeddable":true,"href":"https:\/\/www.pricetornado.com\/da\/wp-json\/wp\/v2\/store?post=449490"},{"taxonomy":"product_brand","embeddable":true,"href":"https:\/\/www.pricetornado.com\/da\/wp-json\/wp\/v2\/product_brand?post=449490"},{"taxonomy":"product_cat","embeddable":true,"href":"https:\/\/www.pricetornado.com\/da\/wp-json\/wp\/v2\/product_cat?post=449490"},{"taxonomy":"product_tag","embeddable":true,"href":"https:\/\/www.pricetornado.com\/da\/wp-json\/wp\/v2\/product_tag?post=449490"}],"curies":[{"name":"wp","href":"https:\/\/api.w.org\/{rel}","templated":true}]}}