{"id":449489,"date":"2025-02-22T06:44:54","date_gmt":"2025-02-22T05:44:54","guid":{"rendered":"https:\/\/www.pricetornado.com\/da\/produkt\/alecto-roegalarm-230v-hvid-sa241\/"},"modified":"2026-04-30T03:31:31","modified_gmt":"2026-04-30T01:31:31","slug":"alecto-roegalarm-230v-hvid-sa241","status":"publish","type":"product","link":"https:\/\/www.pricetornado.com\/da\/produkt\/alecto-roegalarm-230v-hvid-sa241\/","title":{"rendered":"Alecto &#8211; R\u00f8galarm 230V Hvid &#8211; SA241"},"content":{"rendered":"<p>K\u00f8b billig Alecto &#8211; R\u00f8galarm 230V Hvid &#8211; SA241!<br \/>\nAlecto SA241 r\u00f8galarm 230V er den ideelle l\u00f8sning til sikker brandsikring i hjemmet, erhvervslokaler eller st\u00f8rre bygningskomplekser. Den optiske r\u00f8gdetektor identificerer hurtigt r\u00f8gudvikling og aktiverer en tydelig lydalarm p\u00e5 85 dB ved 3 meters afstand, s\u00e5 du straks kan reagere og komme i sikkerhed.R\u00f8galarmen tilsluttes direkte til 230V lysnettet, hvilket eliminerer behovet for hyppig batteriudskiftning. Samtidig sikrer det medf\u00f8lgende 9V backupbatteri op til et \u00e5rs drift ved str\u00f8mafbrydelser, s\u00e5 alarmsystemet forbliver aktivt uanset forholdene. Du kan sammenkoble op til 12 SA241-enheder i samme netv\u00e6rk over op til 150 meter for en fuldt integreret brandsikringsl\u00f8sning i st\u00f8rre bygninger.Installationen er hurtig og enkel med det medf\u00f8lgende monteringss\u00e6t, loftmonteringsring og twist-lock design, som g\u00f8r, at du ikke beh\u00f8ver at bore ekstra huller til ledninger. R\u00f8galarmen vejer kun 180 g og er fremstillet i let plast. En letforst\u00e5elig testknap g\u00f8r det muligt at kontrollere funktionaliteten, hvilket anbefales ugentligt. LED-lys viser alarmstatus, normal drift og eventuelle fejl med gr\u00f8n indikator for normal funktion.Alecto SA241 har lavt str\u00f8mforbrug (maks. 18 \u00b5A standby, 45 mA alarm) og fungerer p\u00e5lideligt ved temperaturer fra 0\u201340\u00b0C og op til 93% relativ luftfugtighed. R\u00f8galarmen opfylder NEN EN 14604-standarden samt NEN 2555 for installation i nybyggeri og renoveringer, hvor dette kr\u00e6ves.Alecto SA241 r\u00f8galarm er nem at installere, brugervenlig i drift og ideel for b\u00e5de boliger og virksomheder, der \u00f8nsker et p\u00e5lideligt og udvidelsesbart alarmsystem. Med optisk detektering, energivenlig drift og mulighed for netv\u00e6rk mellem flere alarmer kan du trygt sikre dit hjem og dine v\u00e6rdier.<\/p>\n<p>Sammenlign priser p\u00e5 Alecto &#8211; R\u00f8galarm 230V Hvid &#8211; SA241 og k\u00f8b online til den billigste pris, samt p\u00e5 tilbud!\u00a0\u00a0Tjek den bedste pris, produkt beskrivelse, video, test, anmeldelser osv.<\/p>\n<p><strong>Brand: <\/strong>Alecto<br \/>\n<strong>EAN: <\/strong>8712412595884<br \/>\n<strong>Producentens varenr.:<\/strong> 8712412595884<\/p>\n<p><strong>P.S.<\/strong><br \/>\nTilmeld dig til &#8220;Opret Gratis Prisfald Alarm&#8221;, og bliv underrettet med det samme om prisfald p\u00e5 Alecto &#8211; R\u00f8galarm 230V Hvid &#8211; SA241, og f\u00e5 den billigste pris!<\/p>\n<p>&nbsp;<\/p>\n<p>&nbsp;<\/p>\n","protected":false},"excerpt":{"rendered":"<p>K\u00f8b billig Alecto &#8211; R\u00f8galarm 230V Hvid &#8211; SA241! Alecto SA241 r\u00f8galarm 230V er den ideelle l\u00f8sning til sikker brandsikring i hjemmet, erhvervslokaler eller st\u00f8rre bygningskomplekser. Den optiske r\u00f8gdetektor identificerer hurtigt r\u00f8gudvikling og aktiverer en tydelig lydalarm p\u00e5 85 dB ved 3 meters afstand, s\u00e5 du straks kan reagere og komme i sikkerhed.R\u00f8galarmen tilsluttes direkte [&hellip;]<\/p>\n","protected":false},"featured_media":999980000004494890,"template":"","meta":[],"store":[1272516],"product_brand":[1272518],"product_cat":[1272469],"product_tag":[1275186,1273060],"class_list":{"0":"post-449489","1":"product","2":"type-product","3":"status-publish","4":"has-post-thumbnail","6":"store-butik24","7":"product_brand-alecto","8":"product_cat-detektorer","9":"product_tag-alecto","10":"product_tag-detektorer","11":"pa_maerke-alecto","13":"first","14":"instock","15":"product-type-external"},"_links":{"self":[{"href":"https:\/\/www.pricetornado.com\/da\/wp-json\/wp\/v2\/product\/449489","targetHints":{"allow":["GET"]}}],"collection":[{"href":"https:\/\/www.pricetornado.com\/da\/wp-json\/wp\/v2\/product"}],"about":[{"href":"https:\/\/www.pricetornado.com\/da\/wp-json\/wp\/v2\/types\/product"}],"wp:featuredmedia":[{"embeddable":true,"href":"https:\/\/www.pricetornado.com\/da\/wp-json\/"}],"wp:attachment":[{"href":"https:\/\/www.pricetornado.com\/da\/wp-json\/wp\/v2\/media?parent=449489"}],"wp:term":[{"taxonomy":"store","embeddable":true,"href":"https:\/\/www.pricetornado.com\/da\/wp-json\/wp\/v2\/store?post=449489"},{"taxonomy":"product_brand","embeddable":true,"href":"https:\/\/www.pricetornado.com\/da\/wp-json\/wp\/v2\/product_brand?post=449489"},{"taxonomy":"product_cat","embeddable":true,"href":"https:\/\/www.pricetornado.com\/da\/wp-json\/wp\/v2\/product_cat?post=449489"},{"taxonomy":"product_tag","embeddable":true,"href":"https:\/\/www.pricetornado.com\/da\/wp-json\/wp\/v2\/product_tag?post=449489"}],"curies":[{"name":"wp","href":"https:\/\/api.w.org\/{rel}","templated":true}]}}