{"id":449482,"date":"2026-04-16T00:24:25","date_gmt":"2026-04-15T22:24:25","guid":{"rendered":"https:\/\/www.pricetornado.com\/da\/produkt\/apple-iphone-13-61-super-retina-xdr-oled-5g-128gb-midnight-ios-apple-renew-grade-b\/"},"modified":"2026-04-17T00:30:35","modified_gmt":"2026-04-16T22:30:35","slug":"apple-iphone-13-61-super-retina-xdr-oled-5g-128gb-midnight-ios-apple-renew-grade-b","status":"publish","type":"product","link":"https:\/\/www.pricetornado.com\/da\/produkt\/apple-iphone-13-61-super-retina-xdr-oled-5g-128gb-midnight-ios-apple-renew-grade-b\/","title":{"rendered":"Apple iPhone 13 6,1 Super Retina XDR OLED 5G 128GB Midnight iOS Apple Renew (Grade B)"},"content":{"rendered":"<p>K\u00f8b billig Apple iPhone 13 6,1 Super Retina XDR OLED 5G 128GB Midnight iOS Apple Renew (Grade B)!<\/p>\n<p>Sammenlign priser p\u00e5 Apple iPhone 13 6,1 Super Retina XDR OLED 5G 128GB Midnight iOS Apple Renew (Grade B) og k\u00f8b online til den billigste pris, samt p\u00e5 tilbud!\u00a0\u00a0Tjek den bedste pris, produkt beskrivelse, video, test, anmeldelser osv.<\/p>\n<p><strong>Brand: <\/strong>Usorteret<br \/>\n<strong>EAN: <\/strong>4770070883907<br \/>\n<strong>Producentens varenr.:<\/strong> AppleiPhone13128MidnightB<\/p>\n<p><strong>P.S.<\/strong><br \/>\nTilmeld dig til &#8220;Opret Gratis Prisfald Alarm&#8221;, og bliv underrettet med det samme om prisfald p\u00e5 Apple iPhone 13 6,1 Super Retina XDR OLED 5G 128GB Midnight iOS Apple Renew (Grade B), og f\u00e5 den billigste pris!<\/p>\n<p>&nbsp;<\/p>\n","protected":false},"excerpt":{"rendered":"<p>K\u00f8b billig Apple iPhone 13 6,1 Super Retina XDR OLED 5G 128GB Midnight iOS Apple Renew (Grade B)! Sammenlign priser p\u00e5 Apple iPhone 13 6,1 Super Retina XDR OLED 5G 128GB Midnight iOS Apple Renew (Grade B) og k\u00f8b online til den billigste pris, samt p\u00e5 tilbud!\u00a0\u00a0Tjek den bedste pris, produkt beskrivelse, video, test, anmeldelser [&hellip;]<\/p>\n","protected":false},"featured_media":0,"template":"","meta":[],"store":[1272539],"product_brand":[1272597],"product_cat":[783868,783867,783866],"product_tag":[],"class_list":{"0":"post-449482","1":"product","2":"type-product","3":"status-publish","5":"store-computersalg","6":"product_brand-usorteret","7":"product_cat-apple-iphone","8":"product_cat-mobiltelefoner","9":"product_cat-telefoni-gps","10":"pa_maerke-usorteret","12":"first","13":"instock","14":"product-type-external"},"_links":{"self":[{"href":"https:\/\/www.pricetornado.com\/da\/wp-json\/wp\/v2\/product\/449482","targetHints":{"allow":["GET"]}}],"collection":[{"href":"https:\/\/www.pricetornado.com\/da\/wp-json\/wp\/v2\/product"}],"about":[{"href":"https:\/\/www.pricetornado.com\/da\/wp-json\/wp\/v2\/types\/product"}],"wp:attachment":[{"href":"https:\/\/www.pricetornado.com\/da\/wp-json\/wp\/v2\/media?parent=449482"}],"wp:term":[{"taxonomy":"store","embeddable":true,"href":"https:\/\/www.pricetornado.com\/da\/wp-json\/wp\/v2\/store?post=449482"},{"taxonomy":"product_brand","embeddable":true,"href":"https:\/\/www.pricetornado.com\/da\/wp-json\/wp\/v2\/product_brand?post=449482"},{"taxonomy":"product_cat","embeddable":true,"href":"https:\/\/www.pricetornado.com\/da\/wp-json\/wp\/v2\/product_cat?post=449482"},{"taxonomy":"product_tag","embeddable":true,"href":"https:\/\/www.pricetornado.com\/da\/wp-json\/wp\/v2\/product_tag?post=449482"}],"curies":[{"name":"wp","href":"https:\/\/api.w.org\/{rel}","templated":true}]}}