{"id":449481,"date":"2026-04-16T00:22:38","date_gmt":"2026-04-15T22:22:38","guid":{"rendered":"https:\/\/www.pricetornado.com\/da\/produkt\/google-pixel-10a-5g-smartphone-dual-sim-ram-8-gb-intern-hukommelse-256-gb-poled-display-6-3-2424-x-1080-pixels-120-hz-2x-bagkameraer-48-mp-13-mp-front-camera-13-mp-baer\/"},"modified":"2026-04-17T00:30:32","modified_gmt":"2026-04-16T22:30:32","slug":"google-pixel-10a-5g-smartphone-dual-sim-ram-8-gb-intern-hukommelse-256-gb-poled-display-6-3-2424-x-1080-pixels-120-hz-2x-bagkameraer-48-mp-13-mp-front-camera-13-mp-baer","status":"publish","type":"product","link":"https:\/\/www.pricetornado.com\/da\/produkt\/google-pixel-10a-5g-smartphone-dual-sim-ram-8-gb-intern-hukommelse-256-gb-poled-display-6-3-2424-x-1080-pixels-120-hz-2x-bagkameraer-48-mp-13-mp-front-camera-13-mp-baer\/","title":{"rendered":"Google Pixel 10a &#8211; 5G smartphone &#8211; dual-SIM &#8211; RAM 8 GB \/ Intern hukommelse 256 GB &#8211; pOLED display &#8211; 6.3 &#8211; 2424 x 1080 pixels (120 Hz) &#8211; 2x bagkameraer 48 MP, 13 MP &#8211; front camera 13 MP &#8211; b\u00e6r"},"content":{"rendered":"<p>K\u00f8b billig Google Pixel 10a &#8211; 5G smartphone &#8211; dual-SIM &#8211; RAM 8 GB \/ Intern hukommelse 256 GB &#8211; pOLED display &#8211; 6.3 &#8211; 2424 x 1080 pixels (120 Hz) &#8211; 2x bagkameraer 48 MP, 13 MP &#8211; front camera 13 MP &#8211; b\u00e6r!<\/p>\n<p>Sammenlign priser p\u00e5 Google Pixel 10a &#8211; 5G smartphone &#8211; dual-SIM &#8211; RAM 8 GB \/ Intern hukommelse 256 GB &#8211; pOLED display &#8211; 6.3 &#8211; 2424 x 1080 pixels (120 Hz) &#8211; 2x bagkameraer 48 MP, 13 MP &#8211; front camera 13 MP &#8211; b\u00e6r og k\u00f8b online til den billigste pris, samt p\u00e5 tilbud!\u00a0\u00a0Tjek den bedste pris, produkt beskrivelse, video, test, anmeldelser osv.<\/p>\n<p><strong>Brand: <\/strong>Google<br \/>\n<strong>EAN: <\/strong>0840353950153<br \/>\n<strong>Producentens varenr.:<\/strong> GA09608-GB<\/p>\n<p><strong>P.S.<\/strong><br \/>\nTilmeld dig til &#8220;Opret Gratis Prisfald Alarm&#8221;, og bliv underrettet med det samme om prisfald p\u00e5 Google Pixel 10a &#8211; 5G smartphone &#8211; dual-SIM &#8211; RAM 8 GB \/ Intern hukommelse 256 GB &#8211; pOLED display &#8211; 6.3 &#8211; 2424 x 1080 pixels (120 Hz) &#8211; 2x bagkameraer 48 MP, 13 MP &#8211; front camera 13 MP &#8211; b\u00e6r, og f\u00e5 den billigste pris!<\/p>\n<p>&nbsp;<\/p>\n","protected":false},"excerpt":{"rendered":"<p>K\u00f8b billig Google Pixel 10a &#8211; 5G smartphone &#8211; dual-SIM &#8211; RAM 8 GB \/ Intern hukommelse 256 GB &#8211; pOLED display &#8211; 6.3 &#8211; 2424 x 1080 pixels (120 Hz) &#8211; 2x bagkameraer 48 MP, 13 MP &#8211; front camera 13 MP &#8211; b\u00e6r! Sammenlign priser p\u00e5 Google Pixel 10a &#8211; 5G smartphone &#8211; [&hellip;]<\/p>\n","protected":false},"featured_media":999980000004494810,"template":"","meta":[],"store":[1272539],"product_brand":[1272541],"product_cat":[783873,783867,783866],"product_tag":[],"class_list":{"0":"post-449481","1":"product","2":"type-product","3":"status-publish","4":"has-post-thumbnail","6":"store-computersalg","7":"product_brand-google","8":"product_cat-alle-mobiltelefoner","9":"product_cat-mobiltelefoner","10":"product_cat-telefoni-gps","11":"pa_maerke-google","13":"first","14":"instock","15":"product-type-external"},"_links":{"self":[{"href":"https:\/\/www.pricetornado.com\/da\/wp-json\/wp\/v2\/product\/449481","targetHints":{"allow":["GET"]}}],"collection":[{"href":"https:\/\/www.pricetornado.com\/da\/wp-json\/wp\/v2\/product"}],"about":[{"href":"https:\/\/www.pricetornado.com\/da\/wp-json\/wp\/v2\/types\/product"}],"wp:featuredmedia":[{"embeddable":true,"href":"https:\/\/www.pricetornado.com\/da\/wp-json\/"}],"wp:attachment":[{"href":"https:\/\/www.pricetornado.com\/da\/wp-json\/wp\/v2\/media?parent=449481"}],"wp:term":[{"taxonomy":"store","embeddable":true,"href":"https:\/\/www.pricetornado.com\/da\/wp-json\/wp\/v2\/store?post=449481"},{"taxonomy":"product_brand","embeddable":true,"href":"https:\/\/www.pricetornado.com\/da\/wp-json\/wp\/v2\/product_brand?post=449481"},{"taxonomy":"product_cat","embeddable":true,"href":"https:\/\/www.pricetornado.com\/da\/wp-json\/wp\/v2\/product_cat?post=449481"},{"taxonomy":"product_tag","embeddable":true,"href":"https:\/\/www.pricetornado.com\/da\/wp-json\/wp\/v2\/product_tag?post=449481"}],"curies":[{"name":"wp","href":"https:\/\/api.w.org\/{rel}","templated":true}]}}