{"id":449474,"date":"2026-04-16T00:19:07","date_gmt":"2026-04-15T22:19:07","guid":{"rendered":"https:\/\/www.pricetornado.com\/da\/produkt\/emporiaprime-lte-4g-funktionstelefon-ram-64-mb-intern-hukommelse-128-mb-microsd-slot-lcd-skaerm-320-x-240-pixels-rear-camera-2-mp\/"},"modified":"2026-04-19T00:40:29","modified_gmt":"2026-04-18T22:40:29","slug":"emporiaprime-lte-4g-funktionstelefon-ram-64-mb-intern-hukommelse-128-mb-microsd-slot-lcd-skaerm-320-x-240-pixels-rear-camera-2-mp","status":"publish","type":"product","link":"https:\/\/www.pricetornado.com\/da\/produkt\/emporiaprime-lte-4g-funktionstelefon-ram-64-mb-intern-hukommelse-128-mb-microsd-slot-lcd-skaerm-320-x-240-pixels-rear-camera-2-mp\/","title":{"rendered":"emporiaPRIME LTE &#8211; 4G funktionstelefon &#8211; RAM 64 MB \/ Intern hukommelse 128 MB &#8211; microSD slot &#8211; LCD-sk\u00e6rm &#8211; 320 x 240 pixels &#8211; rear camera 2 MP"},"content":{"rendered":"<p>K\u00f8b billig emporiaPRIME LTE &#8211; 4G funktionstelefon &#8211; RAM 64 MB \/ Intern hukommelse 128 MB &#8211; microSD slot &#8211; LCD-sk\u00e6rm &#8211; 320 x 240 pixels &#8211; rear camera 2 MP!<\/p>\n<p>Sammenlign priser p\u00e5 emporiaPRIME LTE &#8211; 4G funktionstelefon &#8211; RAM 64 MB \/ Intern hukommelse 128 MB &#8211; microSD slot &#8211; LCD-sk\u00e6rm &#8211; 320 x 240 pixels &#8211; rear camera 2 MP og k\u00f8b online til den billigste pris, samt p\u00e5 tilbud!\u00a0\u00a0Tjek den bedste pris, produkt beskrivelse, video, test, anmeldelser osv.<\/p>\n<p><strong>Brand: <\/strong>Emporia<br \/>\n<strong>EAN: <\/strong>9005613167608<br \/>\n<strong>Producentens varenr.:<\/strong> M76-LTE_001<\/p>\n<p><strong>P.S.<\/strong><br \/>\nTilmeld dig til &#8220;Opret Gratis Prisfald Alarm&#8221;, og bliv underrettet med det samme om prisfald p\u00e5 emporiaPRIME LTE &#8211; 4G funktionstelefon &#8211; RAM 64 MB \/ Intern hukommelse 128 MB &#8211; microSD slot &#8211; LCD-sk\u00e6rm &#8211; 320 x 240 pixels &#8211; rear camera 2 MP, og f\u00e5 den billigste pris!<\/p>\n<p>&nbsp;<\/p>\n","protected":false},"excerpt":{"rendered":"<p>K\u00f8b billig emporiaPRIME LTE &#8211; 4G funktionstelefon &#8211; RAM 64 MB \/ Intern hukommelse 128 MB &#8211; microSD slot &#8211; LCD-sk\u00e6rm &#8211; 320 x 240 pixels &#8211; rear camera 2 MP! Sammenlign priser p\u00e5 emporiaPRIME LTE &#8211; 4G funktionstelefon &#8211; RAM 64 MB \/ Intern hukommelse 128 MB &#8211; microSD slot &#8211; LCD-sk\u00e6rm &#8211; 320 [&hellip;]<\/p>\n","protected":false},"featured_media":999980000004494740,"template":"","meta":[],"store":[1272539],"product_brand":[1272566],"product_cat":[783873,783867,783866],"product_tag":[],"class_list":{"0":"post-449474","1":"product","2":"type-product","3":"status-publish","4":"has-post-thumbnail","6":"store-computersalg","7":"product_brand-emporia","8":"product_cat-alle-mobiltelefoner","9":"product_cat-mobiltelefoner","10":"product_cat-telefoni-gps","11":"pa_maerke-emporia","13":"first","14":"instock","15":"product-type-external"},"_links":{"self":[{"href":"https:\/\/www.pricetornado.com\/da\/wp-json\/wp\/v2\/product\/449474","targetHints":{"allow":["GET"]}}],"collection":[{"href":"https:\/\/www.pricetornado.com\/da\/wp-json\/wp\/v2\/product"}],"about":[{"href":"https:\/\/www.pricetornado.com\/da\/wp-json\/wp\/v2\/types\/product"}],"wp:featuredmedia":[{"embeddable":true,"href":"https:\/\/www.pricetornado.com\/da\/wp-json\/"}],"wp:attachment":[{"href":"https:\/\/www.pricetornado.com\/da\/wp-json\/wp\/v2\/media?parent=449474"}],"wp:term":[{"taxonomy":"store","embeddable":true,"href":"https:\/\/www.pricetornado.com\/da\/wp-json\/wp\/v2\/store?post=449474"},{"taxonomy":"product_brand","embeddable":true,"href":"https:\/\/www.pricetornado.com\/da\/wp-json\/wp\/v2\/product_brand?post=449474"},{"taxonomy":"product_cat","embeddable":true,"href":"https:\/\/www.pricetornado.com\/da\/wp-json\/wp\/v2\/product_cat?post=449474"},{"taxonomy":"product_tag","embeddable":true,"href":"https:\/\/www.pricetornado.com\/da\/wp-json\/wp\/v2\/product_tag?post=449474"}],"curies":[{"name":"wp","href":"https:\/\/api.w.org\/{rel}","templated":true}]}}