{"id":449467,"date":"2026-04-16T00:16:07","date_gmt":"2026-04-15T22:16:07","guid":{"rendered":"https:\/\/www.pricetornado.com\/da\/produkt\/realme-gt-8-pro-5g-172-cm-6-79-3136-x-1440-pixel-12-gb-256-gb-50-mp-hvid\/"},"modified":"2026-04-19T00:40:21","modified_gmt":"2026-04-18T22:40:21","slug":"realme-gt-8-pro-5g-172-cm-6-79-3136-x-1440-pixel-12-gb-256-gb-50-mp-hvid","status":"publish","type":"product","link":"https:\/\/www.pricetornado.com\/da\/produkt\/realme-gt-8-pro-5g-172-cm-6-79-3136-x-1440-pixel-12-gb-256-gb-50-mp-hvid\/","title":{"rendered":"realme GT 8 Pro 5G, 17,2 cm (6.79), 3136 x 1440 pixel, 12 GB, 256 GB, 50 MP, Hvid"},"content":{"rendered":"<p>K\u00f8b billig realme GT 8 Pro 5G, 17,2 cm (6.79), 3136 x 1440 pixel, 12 GB, 256 GB, 50 MP, Hvid!<\/p>\n<p>Sammenlign priser p\u00e5 realme GT 8 Pro 5G, 17,2 cm (6.79), 3136 x 1440 pixel, 12 GB, 256 GB, 50 MP, Hvid og k\u00f8b online til den billigste pris, samt p\u00e5 tilbud!\u00a0\u00a0Tjek den bedste pris, produkt beskrivelse, video, test, anmeldelser osv.<\/p>\n<p><strong>Brand: <\/strong>Realme<br \/>\n<strong>EAN: <\/strong>6941764476974<br \/>\n<strong>Producentens varenr.:<\/strong> 631002004346<\/p>\n<p><strong>P.S.<\/strong><br \/>\nTilmeld dig til &#8220;Opret Gratis Prisfald Alarm&#8221;, og bliv underrettet med det samme om prisfald p\u00e5 realme GT 8 Pro 5G, 17,2 cm (6.79), 3136 x 1440 pixel, 12 GB, 256 GB, 50 MP, Hvid, og f\u00e5 den billigste pris!<\/p>\n<p>&nbsp;<\/p>\n","protected":false},"excerpt":{"rendered":"<p>K\u00f8b billig realme GT 8 Pro 5G, 17,2 cm (6.79), 3136 x 1440 pixel, 12 GB, 256 GB, 50 MP, Hvid! Sammenlign priser p\u00e5 realme GT 8 Pro 5G, 17,2 cm (6.79), 3136 x 1440 pixel, 12 GB, 256 GB, 50 MP, Hvid og k\u00f8b online til den billigste pris, samt p\u00e5 tilbud!\u00a0\u00a0Tjek den bedste [&hellip;]<\/p>\n","protected":false},"featured_media":999980000004494670,"template":"","meta":[],"store":[1272539],"product_brand":[1272573],"product_cat":[783873,783867,783866],"product_tag":[],"class_list":{"0":"post-449467","1":"product","2":"type-product","3":"status-publish","4":"has-post-thumbnail","6":"store-computersalg","7":"product_brand-realme","8":"product_cat-alle-mobiltelefoner","9":"product_cat-mobiltelefoner","10":"product_cat-telefoni-gps","11":"pa_maerke-realme","13":"first","14":"instock","15":"product-type-external"},"_links":{"self":[{"href":"https:\/\/www.pricetornado.com\/da\/wp-json\/wp\/v2\/product\/449467","targetHints":{"allow":["GET"]}}],"collection":[{"href":"https:\/\/www.pricetornado.com\/da\/wp-json\/wp\/v2\/product"}],"about":[{"href":"https:\/\/www.pricetornado.com\/da\/wp-json\/wp\/v2\/types\/product"}],"wp:featuredmedia":[{"embeddable":true,"href":"https:\/\/www.pricetornado.com\/da\/wp-json\/"}],"wp:attachment":[{"href":"https:\/\/www.pricetornado.com\/da\/wp-json\/wp\/v2\/media?parent=449467"}],"wp:term":[{"taxonomy":"store","embeddable":true,"href":"https:\/\/www.pricetornado.com\/da\/wp-json\/wp\/v2\/store?post=449467"},{"taxonomy":"product_brand","embeddable":true,"href":"https:\/\/www.pricetornado.com\/da\/wp-json\/wp\/v2\/product_brand?post=449467"},{"taxonomy":"product_cat","embeddable":true,"href":"https:\/\/www.pricetornado.com\/da\/wp-json\/wp\/v2\/product_cat?post=449467"},{"taxonomy":"product_tag","embeddable":true,"href":"https:\/\/www.pricetornado.com\/da\/wp-json\/wp\/v2\/product_tag?post=449467"}],"curies":[{"name":"wp","href":"https:\/\/api.w.org\/{rel}","templated":true}]}}