{"id":449465,"date":"2026-04-16T00:15:10","date_gmt":"2026-04-15T22:15:10","guid":{"rendered":"https:\/\/www.pricetornado.com\/da\/produkt\/hmd-2660-flip-ta-1711-dviguba-sim-kortele-raudona\/"},"modified":"2026-04-17T00:20:27","modified_gmt":"2026-04-16T22:20:27","slug":"hmd-2660-flip-ta-1711-dviguba-sim-kortele-raudona","status":"publish","type":"product","link":"https:\/\/www.pricetornado.com\/da\/produkt\/hmd-2660-flip-ta-1711-dviguba-sim-kortele-raudona\/","title":{"rendered":"HMD 2660 Flip TA-1711 Dviguba SIM kortel\u0117, raudona"},"content":{"rendered":"<p>K\u00f8b billig HMD 2660 Flip TA-1711 Dviguba SIM kortel\u0117, raudona!<\/p>\n<p>Sammenlign priser p\u00e5 HMD 2660 Flip TA-1711 Dviguba SIM kortel\u0117, raudona og k\u00f8b online til den billigste pris, samt p\u00e5 tilbud!\u00a0\u00a0Tjek den bedste pris, produkt beskrivelse, video, test, anmeldelser osv.<\/p>\n<p><strong>Brand: <\/strong>HMD<br \/>\n<strong>EAN: <\/strong>6438409102980<br \/>\n<strong>Producentens varenr.:<\/strong> 1GF033CPC1L04<\/p>\n<p><strong>P.S.<\/strong><br \/>\nTilmeld dig til &#8220;Opret Gratis Prisfald Alarm&#8221;, og bliv underrettet med det samme om prisfald p\u00e5 HMD 2660 Flip TA-1711 Dviguba SIM kortel\u0117, raudona, og f\u00e5 den billigste pris!<\/p>\n<p>&nbsp;<\/p>\n","protected":false},"excerpt":{"rendered":"<p>K\u00f8b billig HMD 2660 Flip TA-1711 Dviguba SIM kortel\u0117, raudona! Sammenlign priser p\u00e5 HMD 2660 Flip TA-1711 Dviguba SIM kortel\u0117, raudona og k\u00f8b online til den billigste pris, samt p\u00e5 tilbud!\u00a0\u00a0Tjek den bedste pris, produkt beskrivelse, video, test, anmeldelser osv. Brand: HMD EAN: 6438409102980 Producentens varenr.: 1GF033CPC1L04 P.S. Tilmeld dig til &#8220;Opret Gratis Prisfald Alarm&#8221;, [&hellip;]<\/p>\n","protected":false},"featured_media":999980000004494650,"template":"","meta":[],"store":[1272539],"product_brand":[1272585],"product_cat":[783873,783867,783866],"product_tag":[],"class_list":{"0":"post-449465","1":"product","2":"type-product","3":"status-publish","4":"has-post-thumbnail","6":"store-computersalg","7":"product_brand-hmd","8":"product_cat-alle-mobiltelefoner","9":"product_cat-mobiltelefoner","10":"product_cat-telefoni-gps","11":"pa_maerke-hmd","13":"first","14":"instock","15":"product-type-external"},"_links":{"self":[{"href":"https:\/\/www.pricetornado.com\/da\/wp-json\/wp\/v2\/product\/449465","targetHints":{"allow":["GET"]}}],"collection":[{"href":"https:\/\/www.pricetornado.com\/da\/wp-json\/wp\/v2\/product"}],"about":[{"href":"https:\/\/www.pricetornado.com\/da\/wp-json\/wp\/v2\/types\/product"}],"wp:featuredmedia":[{"embeddable":true,"href":"https:\/\/www.pricetornado.com\/da\/wp-json\/"}],"wp:attachment":[{"href":"https:\/\/www.pricetornado.com\/da\/wp-json\/wp\/v2\/media?parent=449465"}],"wp:term":[{"taxonomy":"store","embeddable":true,"href":"https:\/\/www.pricetornado.com\/da\/wp-json\/wp\/v2\/store?post=449465"},{"taxonomy":"product_brand","embeddable":true,"href":"https:\/\/www.pricetornado.com\/da\/wp-json\/wp\/v2\/product_brand?post=449465"},{"taxonomy":"product_cat","embeddable":true,"href":"https:\/\/www.pricetornado.com\/da\/wp-json\/wp\/v2\/product_cat?post=449465"},{"taxonomy":"product_tag","embeddable":true,"href":"https:\/\/www.pricetornado.com\/da\/wp-json\/wp\/v2\/product_tag?post=449465"}],"curies":[{"name":"wp","href":"https:\/\/api.w.org\/{rel}","templated":true}]}}