{"id":449453,"date":"2026-04-16T00:13:08","date_gmt":"2026-04-15T22:13:08","guid":{"rendered":"https:\/\/www.pricetornado.com\/da\/produkt\/nothing-phone-3-5g-smartphone-dual-sim-ram-12-gb-intern-hukommelse-256-gb-oled-skaerm-6-67-2800-x-1260-pixels-120-hz-3x-bagkamera\/"},"modified":"2026-04-17T00:20:20","modified_gmt":"2026-04-16T22:20:20","slug":"nothing-phone-3-5g-smartphone-dual-sim-ram-12-gb-intern-hukommelse-256-gb-oled-skaerm-6-67-2800-x-1260-pixels-120-hz-3x-bagkamera","status":"publish","type":"product","link":"https:\/\/www.pricetornado.com\/da\/produkt\/nothing-phone-3-5g-smartphone-dual-sim-ram-12-gb-intern-hukommelse-256-gb-oled-skaerm-6-67-2800-x-1260-pixels-120-hz-3x-bagkamera\/","title":{"rendered":"Nothing Phone (3) &#8211; 5G smartphone &#8211; dual-SIM &#8211; RAM 12 GB \/ Intern hukommelse 256 GB &#8211; OLED-sk\u00e6rm &#8211; 6.67 &#8211; 2800 x 1260 pixels (120 Hz) &#8211; 3x bagkamera"},"content":{"rendered":"<p>K\u00f8b billig Nothing Phone (3) &#8211; 5G smartphone &#8211; dual-SIM &#8211; RAM 12 GB \/ Intern hukommelse 256 GB &#8211; OLED-sk\u00e6rm &#8211; 6.67 &#8211; 2800 x 1260 pixels (120 Hz) &#8211; 3x bagkamera!<\/p>\n<p>Sammenlign priser p\u00e5 Nothing Phone (3) &#8211; 5G smartphone &#8211; dual-SIM &#8211; RAM 12 GB \/ Intern hukommelse 256 GB &#8211; OLED-sk\u00e6rm &#8211; 6.67 &#8211; 2800 x 1260 pixels (120 Hz) &#8211; 3x bagkamera og k\u00f8b online til den billigste pris, samt p\u00e5 tilbud!\u00a0\u00a0Tjek den bedste pris, produkt beskrivelse, video, test, anmeldelser osv.<\/p>\n<p><strong>Brand: <\/strong>Nothing<br \/>\n<strong>EAN: <\/strong>6974434226166<br \/>\n<strong>Producentens varenr.:<\/strong> A10000023<\/p>\n<p><strong>P.S.<\/strong><br \/>\nTilmeld dig til &#8220;Opret Gratis Prisfald Alarm&#8221;, og bliv underrettet med det samme om prisfald p\u00e5 Nothing Phone (3) &#8211; 5G smartphone &#8211; dual-SIM &#8211; RAM 12 GB \/ Intern hukommelse 256 GB &#8211; OLED-sk\u00e6rm &#8211; 6.67 &#8211; 2800 x 1260 pixels (120 Hz) &#8211; 3x bagkamera, og f\u00e5 den billigste pris!<\/p>\n<p>&nbsp;<\/p>\n","protected":false},"excerpt":{"rendered":"<p>K\u00f8b billig Nothing Phone (3) &#8211; 5G smartphone &#8211; dual-SIM &#8211; RAM 12 GB \/ Intern hukommelse 256 GB &#8211; OLED-sk\u00e6rm &#8211; 6.67 &#8211; 2800 x 1260 pixels (120 Hz) &#8211; 3x bagkamera! Sammenlign priser p\u00e5 Nothing Phone (3) &#8211; 5G smartphone &#8211; dual-SIM &#8211; RAM 12 GB \/ Intern hukommelse 256 GB &#8211; OLED-sk\u00e6rm [&hellip;]<\/p>\n","protected":false},"featured_media":999980000004494530,"template":"","meta":[],"store":[1272539],"product_brand":[1272552],"product_cat":[783873,783867,783866],"product_tag":[],"class_list":{"0":"post-449453","1":"product","2":"type-product","3":"status-publish","4":"has-post-thumbnail","6":"store-computersalg","7":"product_brand-nothing","8":"product_cat-alle-mobiltelefoner","9":"product_cat-mobiltelefoner","10":"product_cat-telefoni-gps","11":"pa_maerke-nothing","13":"first","14":"instock","15":"product-type-external"},"_links":{"self":[{"href":"https:\/\/www.pricetornado.com\/da\/wp-json\/wp\/v2\/product\/449453","targetHints":{"allow":["GET"]}}],"collection":[{"href":"https:\/\/www.pricetornado.com\/da\/wp-json\/wp\/v2\/product"}],"about":[{"href":"https:\/\/www.pricetornado.com\/da\/wp-json\/wp\/v2\/types\/product"}],"wp:featuredmedia":[{"embeddable":true,"href":"https:\/\/www.pricetornado.com\/da\/wp-json\/"}],"wp:attachment":[{"href":"https:\/\/www.pricetornado.com\/da\/wp-json\/wp\/v2\/media?parent=449453"}],"wp:term":[{"taxonomy":"store","embeddable":true,"href":"https:\/\/www.pricetornado.com\/da\/wp-json\/wp\/v2\/store?post=449453"},{"taxonomy":"product_brand","embeddable":true,"href":"https:\/\/www.pricetornado.com\/da\/wp-json\/wp\/v2\/product_brand?post=449453"},{"taxonomy":"product_cat","embeddable":true,"href":"https:\/\/www.pricetornado.com\/da\/wp-json\/wp\/v2\/product_cat?post=449453"},{"taxonomy":"product_tag","embeddable":true,"href":"https:\/\/www.pricetornado.com\/da\/wp-json\/wp\/v2\/product_tag?post=449453"}],"curies":[{"name":"wp","href":"https:\/\/api.w.org\/{rel}","templated":true}]}}