{"id":449444,"date":"2026-04-23T00:04:31","date_gmt":"2026-04-22T22:04:31","guid":{"rendered":"https:\/\/www.pricetornado.com\/da\/produkt\/honor-magic8-pro-5g-17-cm-6-71-12-gb-512-gb-200-mp-android-16-0-guld-2\/"},"modified":"2026-04-29T00:30:36","modified_gmt":"2026-04-28T22:30:36","slug":"honor-magic8-pro-5g-17-cm-6-71-12-gb-512-gb-200-mp-android-16-0-guld","status":"publish","type":"product","link":"https:\/\/www.pricetornado.com\/da\/produkt\/honor-magic8-pro-5g-17-cm-6-71-12-gb-512-gb-200-mp-android-16-0-guld\/","title":{"rendered":"Honor Magic8 Pro 5G, 17 cm (6.71), 12 GB, 512 GB, 200 MP, Android 16.0, Guld"},"content":{"rendered":"<p>K\u00f8b billig Honor Magic8 Pro 5G, 17 cm (6.71), 12 GB, 512 GB, 200 MP, Android 16.0, Guld!<\/p>\n<p>Sammenlign priser p\u00e5 Honor Magic8 Pro 5G, 17 cm (6.71), 12 GB, 512 GB, 200 MP, Android 16.0, Guld og k\u00f8b online til den billigste pris, samt p\u00e5 tilbud!\u00a0\u00a0Tjek den bedste pris, produkt beskrivelse, video, test, anmeldelser osv.<\/p>\n<p><strong>Brand: <\/strong>Huawei<br \/>\n<strong>EAN: <\/strong>6936520882885<br \/>\n<strong>Producentens varenr.:<\/strong> 6936520882885<\/p>\n<p><strong>P.S.<\/strong><br \/>\nTilmeld dig til &#8220;Opret Gratis Prisfald Alarm&#8221;, og bliv underrettet med det samme om prisfald p\u00e5 Honor Magic8 Pro 5G, 17 cm (6.71), 12 GB, 512 GB, 200 MP, Android 16.0, Guld, og f\u00e5 den billigste pris!<\/p>\n<p>&nbsp;<\/p>\n","protected":false},"excerpt":{"rendered":"<p>K\u00f8b billig Honor Magic8 Pro 5G, 17 cm (6.71), 12 GB, 512 GB, 200 MP, Android 16.0, Guld! Sammenlign priser p\u00e5 Honor Magic8 Pro 5G, 17 cm (6.71), 12 GB, 512 GB, 200 MP, Android 16.0, Guld og k\u00f8b online til den billigste pris, samt p\u00e5 tilbud!\u00a0\u00a0Tjek den bedste pris, produkt beskrivelse, video, test, anmeldelser [&hellip;]<\/p>\n","protected":false},"featured_media":999980000004494440,"template":"","meta":[],"store":[1272539],"product_brand":[1272547],"product_cat":[783873,783867,783866],"product_tag":[],"class_list":{"0":"post-449444","1":"product","2":"type-product","3":"status-publish","4":"has-post-thumbnail","6":"store-computersalg","7":"product_brand-huawei","8":"product_cat-alle-mobiltelefoner","9":"product_cat-mobiltelefoner","10":"product_cat-telefoni-gps","11":"pa_maerke-huawei","13":"first","14":"instock","15":"product-type-external"},"_links":{"self":[{"href":"https:\/\/www.pricetornado.com\/da\/wp-json\/wp\/v2\/product\/449444","targetHints":{"allow":["GET"]}}],"collection":[{"href":"https:\/\/www.pricetornado.com\/da\/wp-json\/wp\/v2\/product"}],"about":[{"href":"https:\/\/www.pricetornado.com\/da\/wp-json\/wp\/v2\/types\/product"}],"wp:featuredmedia":[{"embeddable":true,"href":"https:\/\/www.pricetornado.com\/da\/wp-json\/"}],"wp:attachment":[{"href":"https:\/\/www.pricetornado.com\/da\/wp-json\/wp\/v2\/media?parent=449444"}],"wp:term":[{"taxonomy":"store","embeddable":true,"href":"https:\/\/www.pricetornado.com\/da\/wp-json\/wp\/v2\/store?post=449444"},{"taxonomy":"product_brand","embeddable":true,"href":"https:\/\/www.pricetornado.com\/da\/wp-json\/wp\/v2\/product_brand?post=449444"},{"taxonomy":"product_cat","embeddable":true,"href":"https:\/\/www.pricetornado.com\/da\/wp-json\/wp\/v2\/product_cat?post=449444"},{"taxonomy":"product_tag","embeddable":true,"href":"https:\/\/www.pricetornado.com\/da\/wp-json\/wp\/v2\/product_tag?post=449444"}],"curies":[{"name":"wp","href":"https:\/\/api.w.org\/{rel}","templated":true}]}}