{"id":449438,"date":"2025-02-24T06:54:03","date_gmt":"2025-02-24T05:54:03","guid":{"rendered":"https:\/\/www.pricetornado.com\/da\/produkt\/nedis-s004842-remote-control-white-s004842\/"},"modified":"2026-04-19T02:19:55","modified_gmt":"2026-04-19T00:19:55","slug":"nedis-s004842-remote-control-white-s004842","status":"publish","type":"product","link":"https:\/\/www.pricetornado.com\/da\/produkt\/nedis-s004842-remote-control-white-s004842\/","title":{"rendered":"Nedis &#8211; S004842 &#8211; Remote Control White &#8211; S004842"},"content":{"rendered":"<p>K\u00f8b billig Nedis &#8211; S004842 &#8211; Remote Control White &#8211; S004842!<br \/>\nDenne hvide fjernbetjening er udviklet specielt til brug med COOL116CWT-enheder. Den giver dig mulighed for nem og bekvem kontrol over din enhed p\u00e5 afstand.G\u00f8r din betjening lettere med denne p\u00e5lidelige og enkle fjernbetjening til COOL116CWT. Bestil i dag og f\u00e5 gl\u00e6de af tr\u00e5dl\u00f8s komfort.<\/p>\n<p>Sammenlign priser p\u00e5 Nedis &#8211; S004842 &#8211; Remote Control White &#8211; S004842 og k\u00f8b online til den billigste pris, samt p\u00e5 tilbud!\u00a0\u00a0Tjek den bedste pris, produkt beskrivelse, video, test, anmeldelser osv.<\/p>\n<p><strong>Brand: <\/strong>Nedis<br \/>\n<strong>EAN: <\/strong>5412810478347<br \/>\n<strong>Producentens varenr.:<\/strong> 5412810478347<\/p>\n<p><strong>P.S.<\/strong><br \/>\nTilmeld dig til &#8220;Opret Gratis Prisfald Alarm&#8221;, og bliv underrettet med det samme om prisfald p\u00e5 Nedis &#8211; S004842 &#8211; Remote Control White &#8211; S004842, og f\u00e5 den billigste pris!<\/p>\n<p>&nbsp;<\/p>\n<p>&nbsp;<\/p>\n","protected":false},"excerpt":{"rendered":"<p>K\u00f8b billig Nedis &#8211; S004842 &#8211; Remote Control White &#8211; S004842! Denne hvide fjernbetjening er udviklet specielt til brug med COOL116CWT-enheder. Den giver dig mulighed for nem og bekvem kontrol over din enhed p\u00e5 afstand.G\u00f8r din betjening lettere med denne p\u00e5lidelige og enkle fjernbetjening til COOL116CWT. Bestil i dag og f\u00e5 gl\u00e6de af tr\u00e5dl\u00f8s komfort. [&hellip;]<\/p>\n","protected":false},"featured_media":999980000004494380,"template":"","meta":[],"store":[1272516],"product_brand":[1272517],"product_cat":[1272421],"product_tag":[1272687,1275178],"class_list":{"0":"post-449438","1":"product","2":"type-product","3":"status-publish","4":"has-post-thumbnail","6":"store-butik24","7":"product_brand-nedis","8":"product_cat-klima","9":"product_tag-klima","10":"product_tag-nedis","11":"pa_maerke-nedis","13":"first","14":"instock","15":"product-type-external"},"_links":{"self":[{"href":"https:\/\/www.pricetornado.com\/da\/wp-json\/wp\/v2\/product\/449438","targetHints":{"allow":["GET"]}}],"collection":[{"href":"https:\/\/www.pricetornado.com\/da\/wp-json\/wp\/v2\/product"}],"about":[{"href":"https:\/\/www.pricetornado.com\/da\/wp-json\/wp\/v2\/types\/product"}],"wp:featuredmedia":[{"embeddable":true,"href":"https:\/\/www.pricetornado.com\/da\/wp-json\/"}],"wp:attachment":[{"href":"https:\/\/www.pricetornado.com\/da\/wp-json\/wp\/v2\/media?parent=449438"}],"wp:term":[{"taxonomy":"store","embeddable":true,"href":"https:\/\/www.pricetornado.com\/da\/wp-json\/wp\/v2\/store?post=449438"},{"taxonomy":"product_brand","embeddable":true,"href":"https:\/\/www.pricetornado.com\/da\/wp-json\/wp\/v2\/product_brand?post=449438"},{"taxonomy":"product_cat","embeddable":true,"href":"https:\/\/www.pricetornado.com\/da\/wp-json\/wp\/v2\/product_cat?post=449438"},{"taxonomy":"product_tag","embeddable":true,"href":"https:\/\/www.pricetornado.com\/da\/wp-json\/wp\/v2\/product_tag?post=449438"}],"curies":[{"name":"wp","href":"https:\/\/api.w.org\/{rel}","templated":true}]}}