{"id":449434,"date":"2025-02-27T15:42:15","date_gmt":"2025-02-27T14:42:15","guid":{"rendered":"https:\/\/www.pricetornado.com\/da\/produkt\/nedis-s004522-window-kit-s004522\/"},"modified":"2026-04-17T02:00:18","modified_gmt":"2026-04-17T00:00:18","slug":"nedis-s004522-window-kit-s004522","status":"publish","type":"product","link":"https:\/\/www.pricetornado.com\/da\/produkt\/nedis-s004522-window-kit-s004522\/","title":{"rendered":"Nedis &#8211; S004522 &#8211; Window Kit &#8211; S004522"},"content":{"rendered":"<p>K\u00f8b billig Nedis &#8211; S004522 &#8211; Window Kit &#8211; S004522!<br \/>\nDette window kit er designet til effektiv t\u00e6tning omkring udst\u00f8dnings- og ventilationsslanger til klimaanl\u00e6g og ventilationsenheder. Kittet er kompatibelt med flere modeller og passer til b\u00e5de bundh\u00e6ngte, venstreh\u00e6ngte, h\u00f8jreh\u00e6ngte og vippe-\/drejevinduer med en maksimal omkreds p\u00e5 400 cm.Window kittet er fremstillet af slidst\u00e6rkt polyesterstof, som giver ekstra holdbarhed og modstandsdygtighed over for slitage. Fastg\u00f8relsen foreg\u00e5r nemt og hurtigt med selvkl\u00e6bende krog-tape, s\u00e5 du ikke beh\u00f8ver v\u00e6rkt\u00f8j under monteringen.Ved t\u00e6t forsegling af vindues\u00e5bningen fungerer window kittet som en effektiv barriere mod insekter, s\u00e5 du kan lufte ud gennem slangen uden at f\u00e5 ubudne g\u00e6ster indenfor.F\u00e5 en enkel, hurtigt monterbar og langtidsholdbar l\u00f8sning til dit klimaanl\u00e6g med dette window kit \u2013 og oplev optimal udluftning uden gener fra insekter. Bestil i dag og nyd en komfortabel og problemfri installation uden brug af v\u00e6rkt\u00f8j.<\/p>\n<p>Sammenlign priser p\u00e5 Nedis &#8211; S004522 &#8211; Window Kit &#8211; S004522 og k\u00f8b online til den billigste pris, samt p\u00e5 tilbud!\u00a0\u00a0Tjek den bedste pris, produkt beskrivelse, video, test, anmeldelser osv.<\/p>\n<p><strong>Brand: <\/strong>Nedis<br \/>\n<strong>EAN: <\/strong>5412810478163<br \/>\n<strong>Producentens varenr.:<\/strong> 5412810478163<\/p>\n<p><strong>P.S.<\/strong><br \/>\nTilmeld dig til &#8220;Opret Gratis Prisfald Alarm&#8221;, og bliv underrettet med det samme om prisfald p\u00e5 Nedis &#8211; S004522 &#8211; Window Kit &#8211; S004522, og f\u00e5 den billigste pris!<\/p>\n<p>&nbsp;<\/p>\n<p>&nbsp;<\/p>\n","protected":false},"excerpt":{"rendered":"<p>K\u00f8b billig Nedis &#8211; S004522 &#8211; Window Kit &#8211; S004522! Dette window kit er designet til effektiv t\u00e6tning omkring udst\u00f8dnings- og ventilationsslanger til klimaanl\u00e6g og ventilationsenheder. Kittet er kompatibelt med flere modeller og passer til b\u00e5de bundh\u00e6ngte, venstreh\u00e6ngte, h\u00f8jreh\u00e6ngte og vippe-\/drejevinduer med en maksimal omkreds p\u00e5 400 cm.Window kittet er fremstillet af slidst\u00e6rkt polyesterstof, som [&hellip;]<\/p>\n","protected":false},"featured_media":999980000004494340,"template":"","meta":[],"store":[1272516],"product_brand":[1272517],"product_cat":[1272421],"product_tag":[1272687,1275178],"class_list":{"0":"post-449434","1":"product","2":"type-product","3":"status-publish","4":"has-post-thumbnail","6":"store-butik24","7":"product_brand-nedis","8":"product_cat-klima","9":"product_tag-klima","10":"product_tag-nedis","11":"pa_maerke-nedis","13":"first","14":"instock","15":"product-type-external"},"_links":{"self":[{"href":"https:\/\/www.pricetornado.com\/da\/wp-json\/wp\/v2\/product\/449434","targetHints":{"allow":["GET"]}}],"collection":[{"href":"https:\/\/www.pricetornado.com\/da\/wp-json\/wp\/v2\/product"}],"about":[{"href":"https:\/\/www.pricetornado.com\/da\/wp-json\/wp\/v2\/types\/product"}],"wp:featuredmedia":[{"embeddable":true,"href":"https:\/\/www.pricetornado.com\/da\/wp-json\/"}],"wp:attachment":[{"href":"https:\/\/www.pricetornado.com\/da\/wp-json\/wp\/v2\/media?parent=449434"}],"wp:term":[{"taxonomy":"store","embeddable":true,"href":"https:\/\/www.pricetornado.com\/da\/wp-json\/wp\/v2\/store?post=449434"},{"taxonomy":"product_brand","embeddable":true,"href":"https:\/\/www.pricetornado.com\/da\/wp-json\/wp\/v2\/product_brand?post=449434"},{"taxonomy":"product_cat","embeddable":true,"href":"https:\/\/www.pricetornado.com\/da\/wp-json\/wp\/v2\/product_cat?post=449434"},{"taxonomy":"product_tag","embeddable":true,"href":"https:\/\/www.pricetornado.com\/da\/wp-json\/wp\/v2\/product_tag?post=449434"}],"curies":[{"name":"wp","href":"https:\/\/api.w.org\/{rel}","templated":true}]}}