{"id":449433,"date":"2025-02-22T13:04:20","date_gmt":"2025-02-22T12:04:20","guid":{"rendered":"https:\/\/www.pricetornado.com\/da\/produkt\/nedis-p004528-exhaust-hose-connector-s004528\/"},"modified":"2026-04-17T02:00:17","modified_gmt":"2026-04-17T00:00:17","slug":"nedis-p004528-exhaust-hose-connector-s004528","status":"publish","type":"product","link":"https:\/\/www.pricetornado.com\/da\/produkt\/nedis-p004528-exhaust-hose-connector-s004528\/","title":{"rendered":"Nedis &#8211; P004528 &#8211; Exhaust Hose Connector &#8211; S004528"},"content":{"rendered":"<p>K\u00f8b billig Nedis &#8211; P004528 &#8211; Exhaust Hose Connector &#8211; S004528!<br \/>\nDenne afgangsslange-connector er udviklet til at forbinde udst\u00f8dningsslanger p\u00e5 flere Nedis ventilations- og klimaanl\u00e6gsmodeller, herunder ACMB1WT9, WIFIACMB1WT9, ACMB1WT12, WIFIACMB1WT12, ACMB2BK12, ACMB1WT14, WIFIACMB1WT14 og WIFIACMB1WT16.Connectoren fungerer som en stabil og effektiv overgang mellem udst\u00f8dningsslange og apparat, hvilket sikrer effektiv ventilation og afledning af varme eller fugtig luft i hjemmet.Selvom der ikke foreligger officielle oplysninger om connectorens materiale, er Nedis tilh\u00f8rende udst\u00f8dningsslanger typisk fremstillet af PVC-plast, med en diameter p\u00e5 100 mm og en l\u00e6ngde p\u00e5 3 meter. Det bidrager til en standardiseret installation og holdbarhed ved brug.G\u00f8r din ventilation mere effektiv, og opn\u00e5 en sikker forbindelse mellem udst\u00f8dningsslange og enhed med denne connector, der passer til flere Nedis-modeller.<\/p>\n<p>Sammenlign priser p\u00e5 Nedis &#8211; P004528 &#8211; Exhaust Hose Connector &#8211; S004528 og k\u00f8b online til den billigste pris, samt p\u00e5 tilbud!\u00a0\u00a0Tjek den bedste pris, produkt beskrivelse, video, test, anmeldelser osv.<\/p>\n<p><strong>Brand: <\/strong>Nedis<br \/>\n<strong>EAN: <\/strong>5412810478156<br \/>\n<strong>Producentens varenr.:<\/strong> 5412810478156<\/p>\n<p><strong>P.S.<\/strong><br \/>\nTilmeld dig til &#8220;Opret Gratis Prisfald Alarm&#8221;, og bliv underrettet med det samme om prisfald p\u00e5 Nedis &#8211; P004528 &#8211; Exhaust Hose Connector &#8211; S004528, og f\u00e5 den billigste pris!<\/p>\n<p>&nbsp;<\/p>\n<p>&nbsp;<\/p>\n","protected":false},"excerpt":{"rendered":"<p>K\u00f8b billig Nedis &#8211; P004528 &#8211; Exhaust Hose Connector &#8211; S004528! Denne afgangsslange-connector er udviklet til at forbinde udst\u00f8dningsslanger p\u00e5 flere Nedis ventilations- og klimaanl\u00e6gsmodeller, herunder ACMB1WT9, WIFIACMB1WT9, ACMB1WT12, WIFIACMB1WT12, ACMB2BK12, ACMB1WT14, WIFIACMB1WT14 og WIFIACMB1WT16.Connectoren fungerer som en stabil og effektiv overgang mellem udst\u00f8dningsslange og apparat, hvilket sikrer effektiv ventilation og afledning af varme eller [&hellip;]<\/p>\n","protected":false},"featured_media":999980000004494330,"template":"","meta":[],"store":[1272516],"product_brand":[1272517],"product_cat":[1272421],"product_tag":[1272687,1275178],"class_list":{"0":"post-449433","1":"product","2":"type-product","3":"status-publish","4":"has-post-thumbnail","6":"store-butik24","7":"product_brand-nedis","8":"product_cat-klima","9":"product_tag-klima","10":"product_tag-nedis","11":"pa_maerke-nedis","13":"first","14":"instock","15":"product-type-external"},"_links":{"self":[{"href":"https:\/\/www.pricetornado.com\/da\/wp-json\/wp\/v2\/product\/449433","targetHints":{"allow":["GET"]}}],"collection":[{"href":"https:\/\/www.pricetornado.com\/da\/wp-json\/wp\/v2\/product"}],"about":[{"href":"https:\/\/www.pricetornado.com\/da\/wp-json\/wp\/v2\/types\/product"}],"wp:featuredmedia":[{"embeddable":true,"href":"https:\/\/www.pricetornado.com\/da\/wp-json\/"}],"wp:attachment":[{"href":"https:\/\/www.pricetornado.com\/da\/wp-json\/wp\/v2\/media?parent=449433"}],"wp:term":[{"taxonomy":"store","embeddable":true,"href":"https:\/\/www.pricetornado.com\/da\/wp-json\/wp\/v2\/store?post=449433"},{"taxonomy":"product_brand","embeddable":true,"href":"https:\/\/www.pricetornado.com\/da\/wp-json\/wp\/v2\/product_brand?post=449433"},{"taxonomy":"product_cat","embeddable":true,"href":"https:\/\/www.pricetornado.com\/da\/wp-json\/wp\/v2\/product_cat?post=449433"},{"taxonomy":"product_tag","embeddable":true,"href":"https:\/\/www.pricetornado.com\/da\/wp-json\/wp\/v2\/product_tag?post=449433"}],"curies":[{"name":"wp","href":"https:\/\/api.w.org\/{rel}","templated":true}]}}