{"id":449430,"date":"2025-02-20T04:22:25","date_gmt":"2025-02-20T03:22:25","guid":{"rendered":"https:\/\/www.pricetornado.com\/da\/produkt\/nedis-s004521-window-kit-adapter-s004521\/"},"modified":"2026-04-29T03:30:28","modified_gmt":"2026-04-29T01:30:28","slug":"nedis-s004521-window-kit-adapter-s004521","status":"publish","type":"product","link":"https:\/\/www.pricetornado.com\/da\/produkt\/nedis-s004521-window-kit-adapter-s004521\/","title":{"rendered":"Nedis &#8211; S004521 &#8211; Window kit adapter &#8211; S004521"},"content":{"rendered":"<p>K\u00f8b billig Nedis &#8211; S004521 &#8211; Window kit adapter &#8211; S004521!<br \/>\nDenne vindueskit-adapter er designet til nem montering af din aircondition i vinduesrammen. Adapteren passer til f\u00f8lgende modeller: ACMB1WT7, WIFIACMB1WT7, ACMB2WT9, WIFIACMB3WT9, ACMB1WT9, WIFIACMB1WT9, ACMB1WT12 og WIFIACMB1WT12. Med denne adapter f\u00e5r du en praktisk og effektiv l\u00f8sning, der sikrer optimal funktionalitet for din aircondition.Adapteren har kompakte m\u00e5l p\u00e5 140 mm i h\u00f8jden, 145 mm i l\u00e6ngden og 253 mm i bredden, og vejer kun 140 gram. Det lette og b\u00e6rbare design g\u00f8r b\u00e5de h\u00e5ndtering og installation nem og fleksibel \u2013 perfekt til vinduesops\u00e6tninger, hvor plads og bekvemmelighed er vigtige faktorer.V\u00e6lg denne vinduesadapter, hvis du \u00f8nsker en enkel og effektiv montering af din aircondition i vinduet.<\/p>\n<p>Sammenlign priser p\u00e5 Nedis &#8211; S004521 &#8211; Window kit adapter &#8211; S004521 og k\u00f8b online til den billigste pris, samt p\u00e5 tilbud!\u00a0\u00a0Tjek den bedste pris, produkt beskrivelse, video, test, anmeldelser osv.<\/p>\n<p><strong>Brand: <\/strong>Nedis<br \/>\n<strong>EAN: <\/strong>5412810478118<br \/>\n<strong>Producentens varenr.:<\/strong> 5412810478118<\/p>\n<p><strong>P.S.<\/strong><br \/>\nTilmeld dig til &#8220;Opret Gratis Prisfald Alarm&#8221;, og bliv underrettet med det samme om prisfald p\u00e5 Nedis &#8211; S004521 &#8211; Window kit adapter &#8211; S004521, og f\u00e5 den billigste pris!<\/p>\n<p>&nbsp;<\/p>\n<p>&nbsp;<\/p>\n","protected":false},"excerpt":{"rendered":"<p>K\u00f8b billig Nedis &#8211; S004521 &#8211; Window kit adapter &#8211; S004521! Denne vindueskit-adapter er designet til nem montering af din aircondition i vinduesrammen. Adapteren passer til f\u00f8lgende modeller: ACMB1WT7, WIFIACMB1WT7, ACMB2WT9, WIFIACMB3WT9, ACMB1WT9, WIFIACMB1WT9, ACMB1WT12 og WIFIACMB1WT12. Med denne adapter f\u00e5r du en praktisk og effektiv l\u00f8sning, der sikrer optimal funktionalitet for din aircondition.Adapteren har [&hellip;]<\/p>\n","protected":false},"featured_media":999980000004494300,"template":"","meta":[],"store":[1272516],"product_brand":[1272517],"product_cat":[1272421],"product_tag":[1272687,1275178],"class_list":{"0":"post-449430","1":"product","2":"type-product","3":"status-publish","4":"has-post-thumbnail","6":"store-butik24","7":"product_brand-nedis","8":"product_cat-klima","9":"product_tag-klima","10":"product_tag-nedis","11":"pa_maerke-nedis","13":"first","14":"instock","15":"product-type-external"},"_links":{"self":[{"href":"https:\/\/www.pricetornado.com\/da\/wp-json\/wp\/v2\/product\/449430","targetHints":{"allow":["GET"]}}],"collection":[{"href":"https:\/\/www.pricetornado.com\/da\/wp-json\/wp\/v2\/product"}],"about":[{"href":"https:\/\/www.pricetornado.com\/da\/wp-json\/wp\/v2\/types\/product"}],"wp:featuredmedia":[{"embeddable":true,"href":"https:\/\/www.pricetornado.com\/da\/wp-json\/"}],"wp:attachment":[{"href":"https:\/\/www.pricetornado.com\/da\/wp-json\/wp\/v2\/media?parent=449430"}],"wp:term":[{"taxonomy":"store","embeddable":true,"href":"https:\/\/www.pricetornado.com\/da\/wp-json\/wp\/v2\/store?post=449430"},{"taxonomy":"product_brand","embeddable":true,"href":"https:\/\/www.pricetornado.com\/da\/wp-json\/wp\/v2\/product_brand?post=449430"},{"taxonomy":"product_cat","embeddable":true,"href":"https:\/\/www.pricetornado.com\/da\/wp-json\/wp\/v2\/product_cat?post=449430"},{"taxonomy":"product_tag","embeddable":true,"href":"https:\/\/www.pricetornado.com\/da\/wp-json\/wp\/v2\/product_tag?post=449430"}],"curies":[{"name":"wp","href":"https:\/\/api.w.org\/{rel}","templated":true}]}}