{"id":449387,"date":"2025-02-26T16:53:08","date_gmt":"2025-02-26T15:53:08","guid":{"rendered":"https:\/\/www.pricetornado.com\/da\/produkt\/eglo-stripe-c-rgbw-led-strip-5-m-smart-home-connect-32733\/"},"modified":"2026-04-17T03:20:23","modified_gmt":"2026-04-17T01:20:23","slug":"eglo-stripe-c-rgbw-led-strip-5-m-smart-home-connect-32733","status":"publish","type":"product","link":"https:\/\/www.pricetornado.com\/da\/produkt\/eglo-stripe-c-rgbw-led-strip-5-m-smart-home-connect-32733\/","title":{"rendered":"Eglo Stripe-C RGBW LED-Strip 5 m &#8211; Smart Home Connect (32733)"},"content":{"rendered":"<p>K\u00f8b billig Eglo Stripe-C RGBW LED-Strip 5 m &#8211; Smart Home Connect (32733)!<br \/>\nDette LED-lysb\u00e5nd fra Eglo Connect-serien er 5 meter langt og fremstillet af hvid plastik med integrerede LED\u2019er. Lysb\u00e5ndet leverer en lysstyrke p\u00e5 2000 lumen med et str\u00f8mforbrug p\u00e5 19 watt. Du f\u00e5r adgang til hele 16 millioner farver samt justerbar hvid farvetemperatur fra 2700K til 6500K, s\u00e5 du kan tilpasse lyset til enhver stemning i hjemmet.Lysb\u00e5ndet har en selvkl\u00e6bende bagside, der g\u00f8r installation p\u00e5 forskellige overflader nem og hurtig. Det kan klippes til for hver 12,5 cm, hvilket giver fleksibilitet til at tilpasse l\u00e6ngden pr\u00e6cist efter dine behov.Lysb\u00e5ndet kan styres via Bluetooth Low Energy med en app, der giver dig fuld kontrol over farver, lysstyrke og hvidbalance. Du kan ogs\u00e5 benytte en separat fjernbetjening (s\u00e6lges separat), og der er mulighed for integration med popul\u00e6re smart home-systemer som Amazon Alexa og Google Assistant, s\u00e5 du kan styre lyset med stemmen.Eglo Connect LED-lysb\u00e5nd er en moderne og fleksibel belysningsl\u00f8sning, der kombinerer smart styring med bred farvepalet og h\u00f8j brugervenlighed. Perfekt til dig, der \u00f8nsker at skabe stemningsfuld belysning med mulighed for integration i dit smarte hjem.<\/p>\n<p>Sammenlign priser p\u00e5 Eglo Stripe-C RGBW LED-Strip 5 m &#8211; Smart Home Connect (32733) og k\u00f8b online til den billigste pris, samt p\u00e5 tilbud!\u00a0\u00a0Tjek den bedste pris, produkt beskrivelse, video, test, anmeldelser osv.<\/p>\n<p><strong>Brand: <\/strong>Eglo<br \/>\n<strong>EAN: <\/strong>9002759327330<br \/>\n<strong>Producentens varenr.:<\/strong> 9002759327330<\/p>\n<p><strong>P.S.<\/strong><br \/>\nTilmeld dig til &#8220;Opret Gratis Prisfald Alarm&#8221;, og bliv underrettet med det samme om prisfald p\u00e5 Eglo Stripe-C RGBW LED-Strip 5 m &#8211; Smart Home Connect (32733), og f\u00e5 den billigste pris!<\/p>\n<p>&nbsp;<\/p>\n<p>&nbsp;<\/p>\n","protected":false},"excerpt":{"rendered":"<p>K\u00f8b billig Eglo Stripe-C RGBW LED-Strip 5 m &#8211; Smart Home Connect (32733)! Dette LED-lysb\u00e5nd fra Eglo Connect-serien er 5 meter langt og fremstillet af hvid plastik med integrerede LED\u2019er. Lysb\u00e5ndet leverer en lysstyrke p\u00e5 2000 lumen med et str\u00f8mforbrug p\u00e5 19 watt. Du f\u00e5r adgang til hele 16 millioner farver samt justerbar hvid farvetemperatur [&hellip;]<\/p>\n","protected":false},"featured_media":999980000004493870,"template":"","meta":[],"store":[1272516],"product_brand":[1275213],"product_cat":[1275217,1275218],"product_tag":[1275216,1275219,1275220],"class_list":{"0":"post-449387","1":"product","2":"type-product","3":"status-publish","4":"has-post-thumbnail","6":"store-butik24","7":"product_brand-eglo","8":"product_cat-led","9":"product_cat-strip","10":"product_tag-eglo","11":"product_tag-led","12":"product_tag-strip","13":"pa_maerke-eglo","15":"first","16":"instock","17":"product-type-external"},"_links":{"self":[{"href":"https:\/\/www.pricetornado.com\/da\/wp-json\/wp\/v2\/product\/449387","targetHints":{"allow":["GET"]}}],"collection":[{"href":"https:\/\/www.pricetornado.com\/da\/wp-json\/wp\/v2\/product"}],"about":[{"href":"https:\/\/www.pricetornado.com\/da\/wp-json\/wp\/v2\/types\/product"}],"wp:featuredmedia":[{"embeddable":true,"href":"https:\/\/www.pricetornado.com\/da\/wp-json\/"}],"wp:attachment":[{"href":"https:\/\/www.pricetornado.com\/da\/wp-json\/wp\/v2\/media?parent=449387"}],"wp:term":[{"taxonomy":"store","embeddable":true,"href":"https:\/\/www.pricetornado.com\/da\/wp-json\/wp\/v2\/store?post=449387"},{"taxonomy":"product_brand","embeddable":true,"href":"https:\/\/www.pricetornado.com\/da\/wp-json\/wp\/v2\/product_brand?post=449387"},{"taxonomy":"product_cat","embeddable":true,"href":"https:\/\/www.pricetornado.com\/da\/wp-json\/wp\/v2\/product_cat?post=449387"},{"taxonomy":"product_tag","embeddable":true,"href":"https:\/\/www.pricetornado.com\/da\/wp-json\/wp\/v2\/product_tag?post=449387"}],"curies":[{"name":"wp","href":"https:\/\/api.w.org\/{rel}","templated":true}]}}