{"id":449377,"date":"2025-02-24T22:49:47","date_gmt":"2025-02-24T21:49:47","guid":{"rendered":"https:\/\/www.pricetornado.com\/da\/produkt\/alecto-roegalarm-med-10-aars-batteri-og-sensortid-4-pak-hvid-sd1010-4x\/"},"modified":"2026-04-20T03:10:42","modified_gmt":"2026-04-20T01:10:42","slug":"alecto-roegalarm-med-10-aars-batteri-og-sensortid-4-pak-hvid-sd1010-4x","status":"publish","type":"product","link":"https:\/\/www.pricetornado.com\/da\/produkt\/alecto-roegalarm-med-10-aars-batteri-og-sensortid-4-pak-hvid-sd1010-4x\/","title":{"rendered":"Alecto &#8211; R\u00f8galarm med 10 \u00e5rs batteri- og sensortid 4-pak Hvid &#8211; SD1010 4X"},"content":{"rendered":"<p>K\u00f8b billig Alecto &#8211; R\u00f8galarm med 10 \u00e5rs batteri- og sensortid 4-pak Hvid &#8211; SD1010 4X!<br \/>\nBeskyttelse mod brand er afg\u00f8rende i b\u00e5de hjem og p\u00e5 kontor. Denne kompakte r\u00f8galarm benytter en optisk r\u00f8gdetektor, som hurtigt registrerer ulmende og begyndende brande, s\u00e5 du f\u00e5r tidlig advarsel. Alarmen udsender et tydeligt lydsignal p\u00e5 85 decibel, hvilket er p\u00e5 linje med det niveau l\u00e6ger anbefaler til h\u00f8rev\u00e6rn \u2013 du kan ikke overse alarmen. Det g\u00f8r denne r\u00f8galarm uundv\u00e6rlig for maksimal sikkerhed og tryghed.R\u00f8galarmen er udstyret med et integreret, forsejlet litiumbatteri, der giver op til 10 \u00e5rs drift uden behov for batteriskift. Dermed undg\u00e5r du b\u00e5de besv\u00e6ret og udgifterne ved udskiftning af batterier, og du minimerer risikoen for lavt batteri i n\u00f8dsituationer. Sensoren har ligeledes en levetid p\u00e5 10 \u00e5r, hvilket sikrer stabil og vedligeholdelsesfri drift i hele enhedens levetid.Det kompakte design med hvid plastikskal g\u00f8r det nemt at placere alarmen diskret i ethvert rum. Med m\u00e5l p\u00e5 ca. 51 mm i h\u00f8jden og 46 mm i diameter (for lignende modeller) er den let at installere og flytte ved behov. R\u00f8galarmen er derfor ogs\u00e5 ideel at tage med til sommerhus eller feriebolig for tryghed p\u00e5 farten.De funktionelle egenskaber g\u00f8r det let for dig at teste og betjene r\u00f8galarmen \u2013 eksempelvis kan hele fronten trykkes ind, selv med en kost eller pind, s\u00e5 du nemt kan n\u00e5 den placeret i loftet.Ved at v\u00e6lge denne r\u00f8galarm f\u00e5r du ikke kun en holdbar og p\u00e5lidelig l\u00f8sning, men ogs\u00e5 ekstra ro i sindet over aldrig at skulle bekymre dig om batteriskift eller vedligeholdelse. S\u00e6t alarmen op flere steder i boligen eller p\u00e5 arbejdspladsen for hurtig og effektiv varsling ved r\u00f8g eller brand, og s\u00f8rg for optimal sikkerhed \u2013 ogs\u00e5 p\u00e5 ferien. Bestil din r\u00f8galarm i dag og f\u00e5 10 \u00e5rs tryghed med p\u00e5lidelig, vedligeholdelsesfri brandbeskyttelse.<\/p>\n<p>Sammenlign priser p\u00e5 Alecto &#8211; R\u00f8galarm med 10 \u00e5rs batteri- og sensortid 4-pak Hvid &#8211; SD1010 4X og k\u00f8b online til den billigste pris, samt p\u00e5 tilbud!\u00a0\u00a0Tjek den bedste pris, produkt beskrivelse, video, test, anmeldelser osv.<\/p>\n<p><strong>Brand: <\/strong>Alecto<br \/>\n<strong>EAN: <\/strong>8711902089476<br \/>\n<strong>Producentens varenr.:<\/strong> 8711902089476<\/p>\n<p><strong>P.S.<\/strong><br \/>\nTilmeld dig til &#8220;Opret Gratis Prisfald Alarm&#8221;, og bliv underrettet med det samme om prisfald p\u00e5 Alecto &#8211; R\u00f8galarm med 10 \u00e5rs batteri- og sensortid 4-pak Hvid &#8211; SD1010 4X, og f\u00e5 den billigste pris!<\/p>\n<p>&nbsp;<\/p>\n<p>&nbsp;<\/p>\n","protected":false},"excerpt":{"rendered":"<p>K\u00f8b billig Alecto &#8211; R\u00f8galarm med 10 \u00e5rs batteri- og sensortid 4-pak Hvid &#8211; SD1010 4X! Beskyttelse mod brand er afg\u00f8rende i b\u00e5de hjem og p\u00e5 kontor. Denne kompakte r\u00f8galarm benytter en optisk r\u00f8gdetektor, som hurtigt registrerer ulmende og begyndende brande, s\u00e5 du f\u00e5r tidlig advarsel. Alarmen udsender et tydeligt lydsignal p\u00e5 85 decibel, hvilket [&hellip;]<\/p>\n","protected":false},"featured_media":999980000004493770,"template":"","meta":[],"store":[1272516],"product_brand":[1272518],"product_cat":[1272469],"product_tag":[1275186,1273060],"class_list":{"0":"post-449377","1":"product","2":"type-product","3":"status-publish","4":"has-post-thumbnail","6":"store-butik24","7":"product_brand-alecto","8":"product_cat-detektorer","9":"product_tag-alecto","10":"product_tag-detektorer","11":"pa_maerke-alecto","13":"first","14":"instock","15":"product-type-external"},"_links":{"self":[{"href":"https:\/\/www.pricetornado.com\/da\/wp-json\/wp\/v2\/product\/449377","targetHints":{"allow":["GET"]}}],"collection":[{"href":"https:\/\/www.pricetornado.com\/da\/wp-json\/wp\/v2\/product"}],"about":[{"href":"https:\/\/www.pricetornado.com\/da\/wp-json\/wp\/v2\/types\/product"}],"wp:featuredmedia":[{"embeddable":true,"href":"https:\/\/www.pricetornado.com\/da\/wp-json\/"}],"wp:attachment":[{"href":"https:\/\/www.pricetornado.com\/da\/wp-json\/wp\/v2\/media?parent=449377"}],"wp:term":[{"taxonomy":"store","embeddable":true,"href":"https:\/\/www.pricetornado.com\/da\/wp-json\/wp\/v2\/store?post=449377"},{"taxonomy":"product_brand","embeddable":true,"href":"https:\/\/www.pricetornado.com\/da\/wp-json\/wp\/v2\/product_brand?post=449377"},{"taxonomy":"product_cat","embeddable":true,"href":"https:\/\/www.pricetornado.com\/da\/wp-json\/wp\/v2\/product_cat?post=449377"},{"taxonomy":"product_tag","embeddable":true,"href":"https:\/\/www.pricetornado.com\/da\/wp-json\/wp\/v2\/product_tag?post=449377"}],"curies":[{"name":"wp","href":"https:\/\/api.w.org\/{rel}","templated":true}]}}