{"id":449375,"date":"2025-02-27T10:00:10","date_gmt":"2025-02-27T09:00:10","guid":{"rendered":"https:\/\/www.pricetornado.com\/da\/produkt\/nedis-powerbank-30000-mah-1-5-2-0-3-0-a-antal-output-2-output-tilslutning-1x-usb-a-1x-usb-c-input-forbindels-1x-micro-usb-1x-usb-c-pd3-0-20w-lithium-polyme\/"},"modified":"2026-04-15T01:22:23","modified_gmt":"2026-04-14T23:22:23","slug":"nedis-powerbank-30000-mah-1-5-2-0-3-0-a-antal-output-2-output-tilslutning-1x-usb-a-1x-usb-c-input-forbindels-1x-micro-usb-1x-usb-c-pd3-0-20w-lithium-polyme","status":"publish","type":"product","link":"https:\/\/www.pricetornado.com\/da\/produkt\/nedis-powerbank-30000-mah-1-5-2-0-3-0-a-antal-output-2-output-tilslutning-1x-usb-a-1x-usb-c-input-forbindels-1x-micro-usb-1x-usb-c-pd3-0-20w-lithium-polyme\/","title":{"rendered":"Nedis &#8211; Powerbank | 30000 mAh | 1.5 \/ 2.0 \/ 3.0 A | Antal output: 2 | Output tilslutning: 1x USB-A \/ 1x USB-C\u2122 | Input forbindels: 1x Micro USB \/ 1x USB-C\u2122 | PD3.0 20W | Lithium-Polymer &#8211; UPBKPD30000BK"},"content":{"rendered":"<p>K\u00f8b billig Nedis &#8211; Powerbank | 30000 mAh | 1.5 \/ 2.0 \/ 3.0 A | Antal output: 2 | Output tilslutning: 1x USB-A \/ 1x USB-C\u2122 | Input forbindels: 1x Micro USB \/ 1x USB-C\u2122 | PD3.0 20W | Lithium-Polymer &#8211; UPBKPD30000BK!<br \/>\nkraftfuld 30.000 mAh powerbank til mobil og tabletOplad dine enheder hvor som helst med denne Nedis powerbank med en kapacitet p\u00e5 hele 30.000 mAh \u2013 ideel til b\u00e5de hjem, kontor og rejser. Den store kapacitet g\u00f8r det muligt at oplade en smartphone op til tolv gange eller en tablet op til fire gange p\u00e5 \u00e9n fuld opladning.Powerbanken underst\u00f8tter 20W USB-C Power Delivery (PD3.0), s\u00e5 du kan oplade din telefon fra 0-50 % p\u00e5 kun 30 minutter. Der er to output-porte (1x USB-A og 1x USB-C), hvilket g\u00f8r det muligt at oplade to enheder samtidigt. USB-A output oplader ogs\u00e5 hurtigt \u2013 fra 0-50 % p\u00e5 cirka 36 minutter.To input-porte: 1x Micro USB og 1x USB-C for fleksible opladningsmuligheder af powerbanken.LED-indikator viser pr\u00e6cist, hvor meget str\u00f8m der er tilbage.Indbygget beskyttelse mod overopladning, kortslutning og overophedning for sikker brug.Powerbanken er konstrueret i holdbart ABS-plast, der kombinerer lav v\u00e6gt med god slagfasthed. Den har et indbygget lithium-polymer-batteri, der sikrer lang levetid og stabil ydeevne.Powerbanken leveres komplet med USB-C opladningskabel og Quick Start Guide, s\u00e5 du hurtigt kommer i gang med at bruge din nye opladningsl\u00f8sning.F\u00e5 p\u00e5lidelig og hurtig opladning til alle dine enheder \u2013 bestil din Nedis powerbank i dag.<\/p>\n<p>Sammenlign priser p\u00e5 Nedis &#8211; Powerbank | 30000 mAh | 1.5 \/ 2.0 \/ 3.0 A | Antal output: 2 | Output tilslutning: 1x USB-A \/ 1x USB-C\u2122 | Input forbindels: 1x Micro USB \/ 1x USB-C\u2122 | PD3.0 20W | Lithium-Polymer &#8211; UPBKPD30000BK og k\u00f8b online til den billigste pris, samt p\u00e5 tilbud!\u00a0\u00a0Tjek den bedste pris, produkt beskrivelse, video, test, anmeldelser osv.<\/p>\n<p><strong>Brand: <\/strong>Nedis<br \/>\n<strong>EAN: <\/strong>5412810418596<br \/>\n<strong>Producentens varenr.:<\/strong> 5412810418596<\/p>\n<p><strong>P.S.<\/strong><br \/>\nTilmeld dig til &#8220;Opret Gratis Prisfald Alarm&#8221;, og bliv underrettet med det samme om prisfald p\u00e5 Nedis &#8211; Powerbank | 30000 mAh | 1.5 \/ 2.0 \/ 3.0 A | Antal output: 2 | Output tilslutning: 1x USB-A \/ 1x USB-C\u2122 | Input forbindels: 1x Micro USB \/ 1x USB-C\u2122 | PD3.0 20W | Lithium-Polymer &#8211; UPBKPD30000BK, og f\u00e5 den billigste pris!<\/p>\n<p>&nbsp;<\/p>\n<p>&nbsp;<\/p>\n","protected":false},"excerpt":{"rendered":"<p>K\u00f8b billig Nedis &#8211; Powerbank | 30000 mAh | 1.5 \/ 2.0 \/ 3.0 A | Antal output: 2 | Output tilslutning: 1x USB-A \/ 1x USB-C\u2122 | Input forbindels: 1x Micro USB \/ 1x USB-C\u2122 | PD3.0 20W | Lithium-Polymer &#8211; UPBKPD30000BK! kraftfuld 30.000 mAh powerbank til mobil og tabletOplad dine enheder hvor som [&hellip;]<\/p>\n","protected":false},"featured_media":0,"template":"","meta":[],"store":[1272516],"product_brand":[1272517],"product_cat":[1272436],"product_tag":[1275178,1272965],"class_list":{"0":"post-449375","1":"product","2":"type-product","3":"status-publish","5":"store-butik24","6":"product_brand-nedis","7":"product_cat-stroemforsyning","8":"product_tag-nedis","9":"product_tag-stroemforsyning","10":"pa_maerke-nedis","12":"first","13":"instock","14":"product-type-external"},"_links":{"self":[{"href":"https:\/\/www.pricetornado.com\/da\/wp-json\/wp\/v2\/product\/449375","targetHints":{"allow":["GET"]}}],"collection":[{"href":"https:\/\/www.pricetornado.com\/da\/wp-json\/wp\/v2\/product"}],"about":[{"href":"https:\/\/www.pricetornado.com\/da\/wp-json\/wp\/v2\/types\/product"}],"wp:attachment":[{"href":"https:\/\/www.pricetornado.com\/da\/wp-json\/wp\/v2\/media?parent=449375"}],"wp:term":[{"taxonomy":"store","embeddable":true,"href":"https:\/\/www.pricetornado.com\/da\/wp-json\/wp\/v2\/store?post=449375"},{"taxonomy":"product_brand","embeddable":true,"href":"https:\/\/www.pricetornado.com\/da\/wp-json\/wp\/v2\/product_brand?post=449375"},{"taxonomy":"product_cat","embeddable":true,"href":"https:\/\/www.pricetornado.com\/da\/wp-json\/wp\/v2\/product_cat?post=449375"},{"taxonomy":"product_tag","embeddable":true,"href":"https:\/\/www.pricetornado.com\/da\/wp-json\/wp\/v2\/product_tag?post=449375"}],"curies":[{"name":"wp","href":"https:\/\/api.w.org\/{rel}","templated":true}]}}