{"id":449372,"date":"2025-02-25T12:53:55","date_gmt":"2025-02-25T11:53:55","guid":{"rendered":"https:\/\/www.pricetornado.com\/da\/produkt\/nedis-elektrisk-kogeplade-kogeplader-2-2300-w-overophedningsbeskyttelse-hvid-kaep251ewt2\/"},"modified":"2026-04-17T02:40:19","modified_gmt":"2026-04-17T00:40:19","slug":"nedis-elektrisk-kogeplade-kogeplader-2-2300-w-overophedningsbeskyttelse-hvid-kaep251ewt2","status":"publish","type":"product","link":"https:\/\/www.pricetornado.com\/da\/produkt\/nedis-elektrisk-kogeplade-kogeplader-2-2300-w-overophedningsbeskyttelse-hvid-kaep251ewt2\/","title":{"rendered":"Nedis &#8211; Elektrisk Kogeplade | Kogeplader: 2 | 2300 W | Overophedningsbeskyttelse | Hvid &#8211; KAEP251EWT2"},"content":{"rendered":"<p>K\u00f8b billig Nedis &#8211; Elektrisk Kogeplade | Kogeplader: 2 | 2300 W | Overophedningsbeskyttelse | Hvid &#8211; KAEP251EWT2!<br \/>\nDenne kompakte og kraftfulde elektriske kogeplade er den ideelle l\u00f8sning til hurtig og bekvem madlavning i sm\u00e5 rum som elevv\u00e6relser, skure, kontorer og sm\u00e5 k\u00f8kkener. Med en samlet effekt p\u00e5 2300 watt opvarmes kogepladen hurtigt og leverer effektiv varme, s\u00e5 du sparer v\u00e6rdifuld tid i k\u00f8kkenet.Kogepladen har to uafh\u00e6ngige kogezoner med st\u00f8bejernsplader p\u00e5 henholdsvis 15,5 cm og 18,5 cm. St\u00f8bejern sikrer b\u00e5de h\u00f8j holdbarhed og j\u00e6vn varmefordeling, mens den metalbaserede konstruktion g\u00f8r enheden robust og modstandsdygtig til daglig brug. Uanset om du bruger sm\u00e5 eller store gryder og pander, kan begge zoner rumme forskellige st\u00f8rrelser af kogegrej, s\u00e5 du kan tilberede mange forskellige retter.Begge kogezoner har manuel temperaturjustering med fem indstillinger, der sp\u00e6nder fra 50 til 460 \u00b0C, hvilket sikrer dig n\u00f8jagtig kontrol over tilberedningen for perfekte resultater hver gang. En indbygget overophedningsbeskyttelse s\u00f8rger for, at kogepladen automatisk slukker, hvis temperaturen bliver for h\u00f8j \u2013 det giver ekstra ro i sindet under madlavningen.Med denne elektriske kogeplade f\u00e5r du en p\u00e5lidelig, effektiv og sikker l\u00f8sning, der kombinerer alle fordelene ved kompakt design, kraftfuld ydeevne, robuste materialer og nem betjening \u2013 ideel til enhver, der har brug for ekstra kogemuligheder i sm\u00e5 eller midlertidige omgivelser.<\/p>\n<p>Sammenlign priser p\u00e5 Nedis &#8211; Elektrisk Kogeplade | Kogeplader: 2 | 2300 W | Overophedningsbeskyttelse | Hvid &#8211; KAEP251EWT2 og k\u00f8b online til den billigste pris, samt p\u00e5 tilbud!\u00a0\u00a0Tjek den bedste pris, produkt beskrivelse, video, test, anmeldelser osv.<\/p>\n<p><strong>Brand: <\/strong>Nedis<br \/>\n<strong>EAN: <\/strong>5412810443932<br \/>\n<strong>Producentens varenr.:<\/strong> 5412810443932<\/p>\n<p><strong>P.S.<\/strong><br \/>\nTilmeld dig til &#8220;Opret Gratis Prisfald Alarm&#8221;, og bliv underrettet med det samme om prisfald p\u00e5 Nedis &#8211; Elektrisk Kogeplade | Kogeplader: 2 | 2300 W | Overophedningsbeskyttelse | Hvid &#8211; KAEP251EWT2, og f\u00e5 den billigste pris!<\/p>\n<p>&nbsp;<\/p>\n<p>&nbsp;<\/p>\n","protected":false},"excerpt":{"rendered":"<p>K\u00f8b billig Nedis &#8211; Elektrisk Kogeplade | Kogeplader: 2 | 2300 W | Overophedningsbeskyttelse | Hvid &#8211; KAEP251EWT2! Denne kompakte og kraftfulde elektriske kogeplade er den ideelle l\u00f8sning til hurtig og bekvem madlavning i sm\u00e5 rum som elevv\u00e6relser, skure, kontorer og sm\u00e5 k\u00f8kkener. Med en samlet effekt p\u00e5 2300 watt opvarmes kogepladen hurtigt og leverer [&hellip;]<\/p>\n","protected":false},"featured_media":999980000004493720,"template":"","meta":[],"store":[1272516],"product_brand":[1272517],"product_cat":[1272433],"product_tag":[1275178,1274947],"class_list":{"0":"post-449372","1":"product","2":"type-product","3":"status-publish","4":"has-post-thumbnail","6":"store-butik24","7":"product_brand-nedis","8":"product_cat-varme-plader","9":"product_tag-nedis","10":"product_tag-varme-plader","11":"pa_maerke-nedis","13":"first","14":"instock","15":"product-type-external"},"_links":{"self":[{"href":"https:\/\/www.pricetornado.com\/da\/wp-json\/wp\/v2\/product\/449372","targetHints":{"allow":["GET"]}}],"collection":[{"href":"https:\/\/www.pricetornado.com\/da\/wp-json\/wp\/v2\/product"}],"about":[{"href":"https:\/\/www.pricetornado.com\/da\/wp-json\/wp\/v2\/types\/product"}],"wp:featuredmedia":[{"embeddable":true,"href":"https:\/\/www.pricetornado.com\/da\/wp-json\/"}],"wp:attachment":[{"href":"https:\/\/www.pricetornado.com\/da\/wp-json\/wp\/v2\/media?parent=449372"}],"wp:term":[{"taxonomy":"store","embeddable":true,"href":"https:\/\/www.pricetornado.com\/da\/wp-json\/wp\/v2\/store?post=449372"},{"taxonomy":"product_brand","embeddable":true,"href":"https:\/\/www.pricetornado.com\/da\/wp-json\/wp\/v2\/product_brand?post=449372"},{"taxonomy":"product_cat","embeddable":true,"href":"https:\/\/www.pricetornado.com\/da\/wp-json\/wp\/v2\/product_cat?post=449372"},{"taxonomy":"product_tag","embeddable":true,"href":"https:\/\/www.pricetornado.com\/da\/wp-json\/wp\/v2\/product_tag?post=449372"}],"curies":[{"name":"wp","href":"https:\/\/api.w.org\/{rel}","templated":true}]}}