{"id":449371,"date":"2025-02-24T14:08:04","date_gmt":"2025-02-24T13:08:04","guid":{"rendered":"https:\/\/www.pricetornado.com\/da\/produkt\/scanpan-32-cm-wok-classic-induction-70-aars-jubilaeum\/"},"modified":"2026-04-18T02:30:58","modified_gmt":"2026-04-18T00:30:58","slug":"scanpan-32-cm-wok-classic-induction-70-aars-jubilaeum","status":"publish","type":"product","link":"https:\/\/www.pricetornado.com\/da\/produkt\/scanpan-32-cm-wok-classic-induction-70-aars-jubilaeum\/","title":{"rendered":"Scanpan 32 cm wok &#8211; Classic Induction 70 \u00e5rs Jubil\u00e6um"},"content":{"rendered":"<p>K\u00f8b billig Scanpan 32 cm wok &#8211; Classic Induction 70 \u00e5rs Jubil\u00e6um!<br \/>\nScanpan Classic Induction wok p\u00e5 32 cm er det ideelle valg til hurtig og sund madlavning, s\u00e6rligt perfekt til stir-fry og asiatiske retter. Wokken er h\u00e5ndst\u00f8bt i minimum 90% genanvendt aluminium, hvilket giver optimal varmefordeling uden hot spots og en lav v\u00e6gt p\u00e5 kun 1,61 kg, som g\u00f8r den let at h\u00e5ndtere i hverdagen.Udstyret med integreret st\u00e5ldisk i bunden, er denne wok kompatibel med alle typer komfurer: induktion, gas, halogen, glaskeramisk, spiralkomfur og traditionelle kogeplader. Den s\u00e6rlige st\u00f8beteknik sikrer hurtig og j\u00e6vn varmefordeling, s\u00e5 du f\u00e5r fuld kontrol under madlavningen uanset dit komfur.Wokken kan bruges i ovn ved op til 250\u00b0C uden l\u00e5g, hvilket g\u00f8r det let at starte madlavningen p\u00e5 komfuret og f\u00e6rdigg\u00f8re retten i ovnen. Samtidig t\u00e5ler den opvaskemaskine, s\u00e5 reng\u00f8ring bliver enkel og hurtig.STRATANIUM\u00ae+ nonstick-bel\u00e6gningen har livstidsgaranti mod fabrikationsfejl (for modeller fra 2020 og fremefter). For at forl\u00e6nge bel\u00e6gningens levetid anbefales det at reng\u00f8re med almindeligt opvaskemiddel og undg\u00e5 hurtige temperatur\u00e6ndringer.Invest\u00e9r i Scanpan Classic Induction wok for en alsidig, slidst\u00e6rk og milj\u00f8venlig l\u00f8sning til dit k\u00f8kken. Se ogs\u00e5 vores udvalg af for endnu mere inspiration.<\/p>\n<p>Sammenlign priser p\u00e5 Scanpan 32 cm wok &#8211; Classic Induction 70 \u00e5rs Jubil\u00e6um og k\u00f8b online til den billigste pris, samt p\u00e5 tilbud!\u00a0\u00a0Tjek den bedste pris, produkt beskrivelse, video, test, anmeldelser osv.<\/p>\n<p><strong>Brand: <\/strong>Scanpan<br \/>\n<strong>EAN: <\/strong>083421229779<br \/>\n<strong>Producentens varenr.:<\/strong> 083421229779<\/p>\n<p><strong>P.S.<\/strong><br \/>\nTilmeld dig til &#8220;Opret Gratis Prisfald Alarm&#8221;, og bliv underrettet med det samme om prisfald p\u00e5 Scanpan 32 cm wok &#8211; Classic Induction 70 \u00e5rs Jubil\u00e6um, og f\u00e5 den billigste pris!<\/p>\n<p>&nbsp;<\/p>\n<p>&nbsp;<\/p>\n","protected":false},"excerpt":{"rendered":"<p>K\u00f8b billig Scanpan 32 cm wok &#8211; Classic Induction 70 \u00e5rs Jubil\u00e6um! Scanpan Classic Induction wok p\u00e5 32 cm er det ideelle valg til hurtig og sund madlavning, s\u00e6rligt perfekt til stir-fry og asiatiske retter. Wokken er h\u00e5ndst\u00f8bt i minimum 90% genanvendt aluminium, hvilket giver optimal varmefordeling uden hot spots og en lav v\u00e6gt p\u00e5 [&hellip;]<\/p>\n","protected":false},"featured_media":999980000004493710,"template":"","meta":[],"store":[1272516],"product_brand":[1272521],"product_cat":[1272410],"product_tag":[1272681,1275184],"class_list":{"0":"post-449371","1":"product","2":"type-product","3":"status-publish","4":"has-post-thumbnail","6":"store-butik24","7":"product_brand-scanpan","8":"product_cat-koekkengrej","9":"product_tag-koekkengrej","10":"product_tag-scanpan","11":"pa_maerke-scanpan","13":"first","14":"instock","15":"product-type-external"},"_links":{"self":[{"href":"https:\/\/www.pricetornado.com\/da\/wp-json\/wp\/v2\/product\/449371","targetHints":{"allow":["GET"]}}],"collection":[{"href":"https:\/\/www.pricetornado.com\/da\/wp-json\/wp\/v2\/product"}],"about":[{"href":"https:\/\/www.pricetornado.com\/da\/wp-json\/wp\/v2\/types\/product"}],"wp:featuredmedia":[{"embeddable":true,"href":"https:\/\/www.pricetornado.com\/da\/wp-json\/"}],"wp:attachment":[{"href":"https:\/\/www.pricetornado.com\/da\/wp-json\/wp\/v2\/media?parent=449371"}],"wp:term":[{"taxonomy":"store","embeddable":true,"href":"https:\/\/www.pricetornado.com\/da\/wp-json\/wp\/v2\/store?post=449371"},{"taxonomy":"product_brand","embeddable":true,"href":"https:\/\/www.pricetornado.com\/da\/wp-json\/wp\/v2\/product_brand?post=449371"},{"taxonomy":"product_cat","embeddable":true,"href":"https:\/\/www.pricetornado.com\/da\/wp-json\/wp\/v2\/product_cat?post=449371"},{"taxonomy":"product_tag","embeddable":true,"href":"https:\/\/www.pricetornado.com\/da\/wp-json\/wp\/v2\/product_tag?post=449371"}],"curies":[{"name":"wp","href":"https:\/\/api.w.org\/{rel}","templated":true}]}}