{"id":449370,"date":"2025-02-20T21:13:11","date_gmt":"2025-02-20T20:13:11","guid":{"rendered":"https:\/\/www.pricetornado.com\/da\/produkt\/scanpan-27x27-cm-grillpande-classic-induction-70-aars-jubilaeum\/"},"modified":"2026-04-22T03:19:56","modified_gmt":"2026-04-22T01:19:56","slug":"scanpan-27x27-cm-grillpande-classic-induction-70-aars-jubilaeum","status":"publish","type":"product","link":"https:\/\/www.pricetornado.com\/da\/produkt\/scanpan-27x27-cm-grillpande-classic-induction-70-aars-jubilaeum\/","title":{"rendered":"Scanpan 27&#215;27 cm grillpande &#8211; Classic Induction 70 \u00e5rs Jubil\u00e6um"},"content":{"rendered":"<p>K\u00f8b billig Scanpan 27&#215;27 cm grillpande &#8211; Classic Induction 70 \u00e5rs Jubil\u00e6um!<br \/>\nScanpan 27&#215;27 cm grillpande fra Classic Induction-serien er designet med h\u00f8je, spidse grillribber, der skaber flotte, spr\u00f8de grillstriber p\u00e5 maden, samtidig med at fedtet effektivt ledes v\u00e6k under madlavningen. Grillpanden er det ideelle alternativ til havegrillen, n\u00e5r vejret ikke tillader udend\u00f8rs madlavning, eller n\u00e5r tiden er knap.Grillpanden er fremstillet af minimum 90 % genbrugte st\u00f8bt aluminium, h\u00e5ndst\u00f8bt p\u00e5 Scanpans fabrik i Danmark. Dette sikrer b\u00e5de en milj\u00f8venlig fremstilling og en let pande med fremragende varmeledning. Aluminiumskonstruktionen g\u00f8r grillpanden markant lettere end traditionelle st\u00f8bejernspander og nemmere at h\u00e5ndtere.Pandens overflade er belagt med Scanpans patenterede, flerlagede Stratanium\u00ae non-stick bel\u00e6gning, som t\u00e5ler brug af metalredskaber, er slidst\u00e6rk og meget nem at reng\u00f8re. Denne bel\u00e6gning g\u00f8r det nemt at tilberede maden med minimal eller slet ingen fedtstof og sikrer, at f\u00f8devarerne slipper let.H\u00e5ndtaget er fremstillet af varmebestandig og slidst\u00e6rk bakelit og monteret med Scanpans patenterede, rivetl\u00f8se l\u00e5sesystem \u2013 helt uden skruer og nitter \u2013 hvilket forhindrer h\u00e5ndtaget i at blive l\u00f8st over tid og forl\u00e6nger b\u00e5de holdbarhed og sikkerhed.Takket v\u00e6re en s\u00e6rlig squeeze-cast metode er der indst\u00f8bt en st\u00e5lplade i bunden, hvilket sikrer optimal og ensartet varmefordeling uden varmepunkter samt kompatibilitet med alle komfurtyper \u2013 inklusive induktion, gas, keramisk og halogen. Grillpanden kan bruges i ovn ved temperaturer op til 250\u00b0C, hvilket g\u00f8r den perfekt til retter, som skal f\u00e6rdigg\u00f8res i ovnen.Grillpanden t\u00e5ler opvaskemaskine, s\u00e5 reng\u00f8ringen altid er hurtig og nem uden at bel\u00e6gningen tager skade.Livstidsgaranti p\u00e5 Stratanium\u00ae non-stick bel\u00e6gningen for ekstra tryghed.Classic Induction-serien fra Scanpan forener b\u00e6redygtighed, holdbarhed og brugervenlighed, s\u00e5 du f\u00e5r gl\u00e6de af din grillpande i mange \u00e5r frem. Serien er ideel til dig, der \u00f8nsker funktionalitet og kvalitet i hverdagen med fokus p\u00e5 milj\u00f8et..<\/p>\n<p>Sammenlign priser p\u00e5 Scanpan 27&#215;27 cm grillpande &#8211; Classic Induction 70 \u00e5rs Jubil\u00e6um og k\u00f8b online til den billigste pris, samt p\u00e5 tilbud!\u00a0\u00a0Tjek den bedste pris, produkt beskrivelse, video, test, anmeldelser osv.<\/p>\n<p><strong>Brand: <\/strong>Scanpan<br \/>\n<strong>EAN: <\/strong>083421229670<br \/>\n<strong>Producentens varenr.:<\/strong> 083421229670<\/p>\n<p><strong>P.S.<\/strong><br \/>\nTilmeld dig til &#8220;Opret Gratis Prisfald Alarm&#8221;, og bliv underrettet med det samme om prisfald p\u00e5 Scanpan 27&#215;27 cm grillpande &#8211; Classic Induction 70 \u00e5rs Jubil\u00e6um, og f\u00e5 den billigste pris!<\/p>\n<p>&nbsp;<\/p>\n<p>&nbsp;<\/p>\n","protected":false},"excerpt":{"rendered":"<p>K\u00f8b billig Scanpan 27&#215;27 cm grillpande &#8211; Classic Induction 70 \u00e5rs Jubil\u00e6um! Scanpan 27&#215;27 cm grillpande fra Classic Induction-serien er designet med h\u00f8je, spidse grillribber, der skaber flotte, spr\u00f8de grillstriber p\u00e5 maden, samtidig med at fedtet effektivt ledes v\u00e6k under madlavningen. Grillpanden er det ideelle alternativ til havegrillen, n\u00e5r vejret ikke tillader udend\u00f8rs madlavning, eller [&hellip;]<\/p>\n","protected":false},"featured_media":999980000004493700,"template":"","meta":[],"store":[1272516],"product_brand":[1272521],"product_cat":[1272410],"product_tag":[1272681,1275184],"class_list":{"0":"post-449370","1":"product","2":"type-product","3":"status-publish","4":"has-post-thumbnail","6":"store-butik24","7":"product_brand-scanpan","8":"product_cat-koekkengrej","9":"product_tag-koekkengrej","10":"product_tag-scanpan","11":"pa_maerke-scanpan","13":"first","14":"instock","15":"product-type-external"},"_links":{"self":[{"href":"https:\/\/www.pricetornado.com\/da\/wp-json\/wp\/v2\/product\/449370","targetHints":{"allow":["GET"]}}],"collection":[{"href":"https:\/\/www.pricetornado.com\/da\/wp-json\/wp\/v2\/product"}],"about":[{"href":"https:\/\/www.pricetornado.com\/da\/wp-json\/wp\/v2\/types\/product"}],"wp:featuredmedia":[{"embeddable":true,"href":"https:\/\/www.pricetornado.com\/da\/wp-json\/"}],"wp:attachment":[{"href":"https:\/\/www.pricetornado.com\/da\/wp-json\/wp\/v2\/media?parent=449370"}],"wp:term":[{"taxonomy":"store","embeddable":true,"href":"https:\/\/www.pricetornado.com\/da\/wp-json\/wp\/v2\/store?post=449370"},{"taxonomy":"product_brand","embeddable":true,"href":"https:\/\/www.pricetornado.com\/da\/wp-json\/wp\/v2\/product_brand?post=449370"},{"taxonomy":"product_cat","embeddable":true,"href":"https:\/\/www.pricetornado.com\/da\/wp-json\/wp\/v2\/product_cat?post=449370"},{"taxonomy":"product_tag","embeddable":true,"href":"https:\/\/www.pricetornado.com\/da\/wp-json\/wp\/v2\/product_tag?post=449370"}],"curies":[{"name":"wp","href":"https:\/\/api.w.org\/{rel}","templated":true}]}}