{"id":449368,"date":"2025-02-27T08:20:19","date_gmt":"2025-02-27T07:20:19","guid":{"rendered":"https:\/\/www.pricetornado.com\/da\/produkt\/scanpan-classic-bradepande-5l-39-x-27-cm-70-aars-jubilaeum\/"},"modified":"2026-04-29T04:10:08","modified_gmt":"2026-04-29T02:10:08","slug":"scanpan-classic-bradepande-5l-39-x-27-cm-70-aars-jubilaeum","status":"publish","type":"product","link":"https:\/\/www.pricetornado.com\/da\/produkt\/scanpan-classic-bradepande-5l-39-x-27-cm-70-aars-jubilaeum\/","title":{"rendered":"Scanpan Classic Bradepande 5L 39 x 27 Cm. 70 \u00e5rs Jubil\u00e6um"},"content":{"rendered":"<p>K\u00f8b billig Scanpan Classic Bradepande 5L 39 x 27 Cm. 70 \u00e5rs Jubil\u00e6um!<br \/>\nScanpan Classic bradepande p\u00e5 5 liter (39 x 27 cm) er et robust, b\u00e6redygtigt og alsidigt k\u00f8kkenredskab, perfekt til b\u00e5de hverdag og fest. Bradepanden er fremstillet af h\u00e5ndst\u00f8bt, genanvendt aluminium med squeeze-cast teknologi, der giver en let, men holdbar konstruktion samt effektiv varmefordeling uden hotspots. Det g\u00f8r den ideel til stegning, braisering, bagning og sautering \u2013 i ovn, p\u00e5 grill samt p\u00e5 gas, elektriske, keramiske, halogen, radiant ring og faste plader. Bem\u00e6rk, at bradepanden ikke er kompatibel med induktionskogeplader. Den t\u00e5ler ovnbrug op til 250\u2013260\u00b0C.Bradepanden er belagt med Scanpans slidst\u00e6rke multi-lags keramisk-titanium non-stick bel\u00e6gning (Green-Tek eller Stratanium), der er PFOA-fri og t\u00e5ler brug af metalredskaber. Non-stick bel\u00e6gningen g\u00f8r det muligt at tilberede mad med minimal eller ingen brug af fedtstof og g\u00f8r samtidig reng\u00f8ringen hurtig og nem \u2013 selv efter lang tids anvendelse.Bradepanden kan vaskes i opvaskemaskine, men det anbefales at vaske den op i h\u00e5nden med mildt opvaskemiddel for at beskytte non-stick bel\u00e6gningen bedst muligt. Bel\u00e6gningen modst\u00e5r b\u00e5de fedtfri madlavning og brug af metalredskaber, s\u00e5 bradepanden bevarer sine gode egenskaber ved korrekt behandling.Med tilk\u00f8b af glasl\u00e5g og rist kan du udvide bradepandens funktioner, s\u00e5 du kan lave alt fra spr\u00f8de steg til velsmagende ovnretter med perfekt resultat hver gang. produkter og g\u00f8r madlavningen nemmere og mere b\u00e6redygtig.<\/p>\n<p>Sammenlign priser p\u00e5 Scanpan Classic Bradepande 5L 39 x 27 Cm. 70 \u00e5rs Jubil\u00e6um og k\u00f8b online til den billigste pris, samt p\u00e5 tilbud!\u00a0\u00a0Tjek den bedste pris, produkt beskrivelse, video, test, anmeldelser osv.<\/p>\n<p><strong>Brand: <\/strong>Scanpan<br \/>\n<strong>EAN: <\/strong>083421229823<br \/>\n<strong>Producentens varenr.:<\/strong> 083421229823<\/p>\n<p><strong>P.S.<\/strong><br \/>\nTilmeld dig til &#8220;Opret Gratis Prisfald Alarm&#8221;, og bliv underrettet med det samme om prisfald p\u00e5 Scanpan Classic Bradepande 5L 39 x 27 Cm. 70 \u00e5rs Jubil\u00e6um, og f\u00e5 den billigste pris!<\/p>\n<p>&nbsp;<\/p>\n<p>&nbsp;<\/p>\n","protected":false},"excerpt":{"rendered":"<p>K\u00f8b billig Scanpan Classic Bradepande 5L 39 x 27 Cm. 70 \u00e5rs Jubil\u00e6um! Scanpan Classic bradepande p\u00e5 5 liter (39 x 27 cm) er et robust, b\u00e6redygtigt og alsidigt k\u00f8kkenredskab, perfekt til b\u00e5de hverdag og fest. Bradepanden er fremstillet af h\u00e5ndst\u00f8bt, genanvendt aluminium med squeeze-cast teknologi, der giver en let, men holdbar konstruktion samt effektiv [&hellip;]<\/p>\n","protected":false},"featured_media":999980000004493680,"template":"","meta":[],"store":[1272516],"product_brand":[1272521],"product_cat":[1272410],"product_tag":[1272681,1275184],"class_list":{"0":"post-449368","1":"product","2":"type-product","3":"status-publish","4":"has-post-thumbnail","6":"store-butik24","7":"product_brand-scanpan","8":"product_cat-koekkengrej","9":"product_tag-koekkengrej","10":"product_tag-scanpan","11":"pa_maerke-scanpan","13":"first","14":"instock","15":"product-type-external"},"_links":{"self":[{"href":"https:\/\/www.pricetornado.com\/da\/wp-json\/wp\/v2\/product\/449368","targetHints":{"allow":["GET"]}}],"collection":[{"href":"https:\/\/www.pricetornado.com\/da\/wp-json\/wp\/v2\/product"}],"about":[{"href":"https:\/\/www.pricetornado.com\/da\/wp-json\/wp\/v2\/types\/product"}],"wp:featuredmedia":[{"embeddable":true,"href":"https:\/\/www.pricetornado.com\/da\/wp-json\/"}],"wp:attachment":[{"href":"https:\/\/www.pricetornado.com\/da\/wp-json\/wp\/v2\/media?parent=449368"}],"wp:term":[{"taxonomy":"store","embeddable":true,"href":"https:\/\/www.pricetornado.com\/da\/wp-json\/wp\/v2\/store?post=449368"},{"taxonomy":"product_brand","embeddable":true,"href":"https:\/\/www.pricetornado.com\/da\/wp-json\/wp\/v2\/product_brand?post=449368"},{"taxonomy":"product_cat","embeddable":true,"href":"https:\/\/www.pricetornado.com\/da\/wp-json\/wp\/v2\/product_cat?post=449368"},{"taxonomy":"product_tag","embeddable":true,"href":"https:\/\/www.pricetornado.com\/da\/wp-json\/wp\/v2\/product_tag?post=449368"}],"curies":[{"name":"wp","href":"https:\/\/api.w.org\/{rel}","templated":true}]}}