{"id":449354,"date":"2026-04-02T00:16:10","date_gmt":"2026-04-01T22:16:10","guid":{"rendered":"https:\/\/www.pricetornado.com\/da\/produkt\/samsung-galaxy-a57-5g-256gb-awesome-navy\/"},"modified":"2026-04-17T02:10:04","modified_gmt":"2026-04-17T00:10:04","slug":"samsung-galaxy-a57-5g-256gb-awesome-navy","status":"publish","type":"product","link":"https:\/\/www.pricetornado.com\/da\/produkt\/samsung-galaxy-a57-5g-256gb-awesome-navy\/","title":{"rendered":"Samsung | Galaxy A57 5G &#8211; 256GB | Awesome Navy"},"content":{"rendered":"<p>K\u00f8b billig Samsung | Galaxy A57 5G &#8211; 256GB | Awesome Navy!<\/p>\n<p>Sammenlign priser p\u00e5 Samsung | Galaxy A57 5G &#8211; 256GB | Awesome Navy og k\u00f8b online til den billigste pris, samt p\u00e5 tilbud!\u00a0\u00a0Tjek den bedste pris, produkt beskrivelse, video, test, anmeldelser osv.<\/p>\n<p><strong>Brand: <\/strong>Samsung<br \/>\n<strong>EAN: <\/strong>8806099028275<br \/>\n<strong>Producentens varenr.:<\/strong> SM-A576BDBDEUB<\/p>\n<p><strong>P.S.<\/strong><br \/>\nTilmeld dig til &#8220;Opret Gratis Prisfald Alarm&#8221;, og bliv underrettet med det samme om prisfald p\u00e5 Samsung | Galaxy A57 5G &#8211; 256GB | Awesome Navy, og f\u00e5 den billigste pris!<\/p>\n<p>&nbsp;<\/p>\n","protected":false},"excerpt":{"rendered":"<p>K\u00f8b billig Samsung | Galaxy A57 5G &#8211; 256GB | Awesome Navy! Sammenlign priser p\u00e5 Samsung | Galaxy A57 5G &#8211; 256GB | Awesome Navy og k\u00f8b online til den billigste pris, samt p\u00e5 tilbud!\u00a0\u00a0Tjek den bedste pris, produkt beskrivelse, video, test, anmeldelser osv. Brand: Samsung EAN: 8806099028275 Producentens varenr.: SM-A576BDBDEUB P.S. Tilmeld dig til [&hellip;]<\/p>\n","protected":false},"featured_media":999980000004493540,"template":"","meta":[],"store":[1272539],"product_brand":[1272544],"product_cat":[783867,783869,783866],"product_tag":[],"class_list":{"0":"post-449354","1":"product","2":"type-product","3":"status-publish","4":"has-post-thumbnail","6":"store-computersalg","7":"product_brand-samsung","8":"product_cat-mobiltelefoner","9":"product_cat-samsung-galaxy","10":"product_cat-telefoni-gps","11":"pa_maerke-samsung","13":"first","14":"instock","15":"product-type-external"},"_links":{"self":[{"href":"https:\/\/www.pricetornado.com\/da\/wp-json\/wp\/v2\/product\/449354","targetHints":{"allow":["GET"]}}],"collection":[{"href":"https:\/\/www.pricetornado.com\/da\/wp-json\/wp\/v2\/product"}],"about":[{"href":"https:\/\/www.pricetornado.com\/da\/wp-json\/wp\/v2\/types\/product"}],"wp:featuredmedia":[{"embeddable":true,"href":"https:\/\/www.pricetornado.com\/da\/wp-json\/"}],"wp:attachment":[{"href":"https:\/\/www.pricetornado.com\/da\/wp-json\/wp\/v2\/media?parent=449354"}],"wp:term":[{"taxonomy":"store","embeddable":true,"href":"https:\/\/www.pricetornado.com\/da\/wp-json\/wp\/v2\/store?post=449354"},{"taxonomy":"product_brand","embeddable":true,"href":"https:\/\/www.pricetornado.com\/da\/wp-json\/wp\/v2\/product_brand?post=449354"},{"taxonomy":"product_cat","embeddable":true,"href":"https:\/\/www.pricetornado.com\/da\/wp-json\/wp\/v2\/product_cat?post=449354"},{"taxonomy":"product_tag","embeddable":true,"href":"https:\/\/www.pricetornado.com\/da\/wp-json\/wp\/v2\/product_tag?post=449354"}],"curies":[{"name":"wp","href":"https:\/\/api.w.org\/{rel}","templated":true}]}}