{"id":449329,"date":"2026-04-16T00:08:54","date_gmt":"2026-04-15T22:08:54","guid":{"rendered":"https:\/\/www.pricetornado.com\/da\/produkt\/apple-iphone-se-3rd-generation-5g-smartphone-dual-sim-intern-hukommelse-64-gb-lcd-skaerm-4-7-1334-x-750-pixels-rear-camera-12-mp-front-camera-7-mp-stjernelys\/"},"modified":"2026-04-18T00:29:49","modified_gmt":"2026-04-17T22:29:49","slug":"apple-iphone-se-3rd-generation-5g-smartphone-dual-sim-intern-hukommelse-64-gb-lcd-skaerm-4-7-1334-x-750-pixels-rear-camera-12-mp-front-camera-7-mp-stjernelys","status":"publish","type":"product","link":"https:\/\/www.pricetornado.com\/da\/produkt\/apple-iphone-se-3rd-generation-5g-smartphone-dual-sim-intern-hukommelse-64-gb-lcd-skaerm-4-7-1334-x-750-pixels-rear-camera-12-mp-front-camera-7-mp-stjernelys\/","title":{"rendered":"Apple iPhone SE (3rd generation) &#8211; 5G smartphone &#8211; dual-SIM \/ Intern hukommelse 64 GB &#8211; LCD-sk\u00e6rm &#8211; 4.7 &#8211; 1334 x 750 pixels &#8211; rear camera 12 MP &#8211; front camera 7 MP &#8211; stjernelys"},"content":{"rendered":"<p>K\u00f8b billig Apple iPhone SE (3rd generation) &#8211; 5G smartphone &#8211; dual-SIM \/ Intern hukommelse 64 GB &#8211; LCD-sk\u00e6rm &#8211; 4.7 &#8211; 1334 x 750 pixels &#8211; rear camera 12 MP &#8211; front camera 7 MP &#8211; stjernelys!<\/p>\n<p>Sammenlign priser p\u00e5 Apple iPhone SE (3rd generation) &#8211; 5G smartphone &#8211; dual-SIM \/ Intern hukommelse 64 GB &#8211; LCD-sk\u00e6rm &#8211; 4.7 &#8211; 1334 x 750 pixels &#8211; rear camera 12 MP &#8211; front camera 7 MP &#8211; stjernelys og k\u00f8b online til den billigste pris, samt p\u00e5 tilbud!\u00a0\u00a0Tjek den bedste pris, produkt beskrivelse, video, test, anmeldelser osv.<\/p>\n<p><strong>Brand: <\/strong>Apple<br \/>\n<strong>EAN: <\/strong>0194253013488<br \/>\n<strong>Producentens varenr.:<\/strong> MMXG3ZD\/A<\/p>\n<p><strong>P.S.<\/strong><br \/>\nTilmeld dig til &#8220;Opret Gratis Prisfald Alarm&#8221;, og bliv underrettet med det samme om prisfald p\u00e5 Apple iPhone SE (3rd generation) &#8211; 5G smartphone &#8211; dual-SIM \/ Intern hukommelse 64 GB &#8211; LCD-sk\u00e6rm &#8211; 4.7 &#8211; 1334 x 750 pixels &#8211; rear camera 12 MP &#8211; front camera 7 MP &#8211; stjernelys, og f\u00e5 den billigste pris!<\/p>\n<p>&nbsp;<\/p>\n","protected":false},"excerpt":{"rendered":"<p>K\u00f8b billig Apple iPhone SE (3rd generation) &#8211; 5G smartphone &#8211; dual-SIM \/ Intern hukommelse 64 GB &#8211; LCD-sk\u00e6rm &#8211; 4.7 &#8211; 1334 x 750 pixels &#8211; rear camera 12 MP &#8211; front camera 7 MP &#8211; stjernelys! Sammenlign priser p\u00e5 Apple iPhone SE (3rd generation) &#8211; 5G smartphone &#8211; dual-SIM \/ Intern hukommelse 64 [&hellip;]<\/p>\n","protected":false},"featured_media":999980000004493290,"template":"","meta":[],"store":[1272539],"product_brand":[1272540],"product_cat":[783868,783867,783866],"product_tag":[],"class_list":{"0":"post-449329","1":"product","2":"type-product","3":"status-publish","4":"has-post-thumbnail","6":"store-computersalg","7":"product_brand-apple","8":"product_cat-apple-iphone","9":"product_cat-mobiltelefoner","10":"product_cat-telefoni-gps","11":"pa_maerke-apple","13":"first","14":"instock","15":"product-type-external"},"_links":{"self":[{"href":"https:\/\/www.pricetornado.com\/da\/wp-json\/wp\/v2\/product\/449329","targetHints":{"allow":["GET"]}}],"collection":[{"href":"https:\/\/www.pricetornado.com\/da\/wp-json\/wp\/v2\/product"}],"about":[{"href":"https:\/\/www.pricetornado.com\/da\/wp-json\/wp\/v2\/types\/product"}],"wp:featuredmedia":[{"embeddable":true,"href":"https:\/\/www.pricetornado.com\/da\/wp-json\/"}],"wp:attachment":[{"href":"https:\/\/www.pricetornado.com\/da\/wp-json\/wp\/v2\/media?parent=449329"}],"wp:term":[{"taxonomy":"store","embeddable":true,"href":"https:\/\/www.pricetornado.com\/da\/wp-json\/wp\/v2\/store?post=449329"},{"taxonomy":"product_brand","embeddable":true,"href":"https:\/\/www.pricetornado.com\/da\/wp-json\/wp\/v2\/product_brand?post=449329"},{"taxonomy":"product_cat","embeddable":true,"href":"https:\/\/www.pricetornado.com\/da\/wp-json\/wp\/v2\/product_cat?post=449329"},{"taxonomy":"product_tag","embeddable":true,"href":"https:\/\/www.pricetornado.com\/da\/wp-json\/wp\/v2\/product_tag?post=449329"}],"curies":[{"name":"wp","href":"https:\/\/api.w.org\/{rel}","templated":true}]}}