{"id":449324,"date":"2025-02-26T18:59:45","date_gmt":"2025-02-26T17:59:45","guid":{"rendered":"https:\/\/www.pricetornado.com\/da\/produkt\/alecto-mini-roegdetektor-5-aars-batteri-2-pak-hvid-sa-102\/"},"modified":"2026-04-17T03:40:19","modified_gmt":"2026-04-17T01:40:19","slug":"alecto-mini-roegdetektor-5-aars-batteri-2-pak-hvid-sa-102","status":"publish","type":"product","link":"https:\/\/www.pricetornado.com\/da\/produkt\/alecto-mini-roegdetektor-5-aars-batteri-2-pak-hvid-sa-102\/","title":{"rendered":"Alecto &#8211; Mini-r\u00f8gdetektor 5 \u00e5rs batteri 2-pak Hvid &#8211; SA-102"},"content":{"rendered":"<p>K\u00f8b billig Alecto &#8211; Mini-r\u00f8gdetektor 5 \u00e5rs batteri 2-pak Hvid &#8211; SA-102!<br \/>\nG\u00f8r dit hjem brandsikkert med dette s\u00e6t af to mini-r\u00f8galarmer fra Alecto. Trods deres kompakte st\u00f8rrelse f\u00e5r du maksimal brandsikkerhed \u2013 ideelt til b\u00e5de boligen og kontoret. R\u00f8galarmerne er fremstillet af robust plast og har et moderne, diskret design, der let integreres i enhver indretning.Hver mini-r\u00f8galarm leveres med lithiumbatterier, der holder i op til fem \u00e5r og inkluderer et advarselssignal, n\u00e5r det er tid til udskiftning. Den h\u00f8je alarmlyd p\u00e5 85 dB sikrer, at du altid bliver advaret i tide ved r\u00f8gudvikling, s\u00e5 du og din familie kan komme ud sikkert. R\u00f8galarmerne har manuel testknap, s\u00e5 du nemt kan kontrollere funktionaliteten l\u00f8bende.De to mini-r\u00f8galarmer er kun 3,8 cm tykke og meget nemme at montere. Alt n\u00f8dvendigt monteringsmateriale medf\u00f8lger \u2013 inkl. bundplade, stik og skruer \u2013 hvilket g\u00f8r installationen enkel og hurtig. R\u00f8galarmerne opfylder den europ\u00e6iske EN14604-standard og har en sensorlevetid p\u00e5 op til 10 \u00e5r, s\u00e5 du kan have fuld tillid til langvarig beskyttelse.R\u00f8galarmerne er designet til at fungere i temperaturer fra -10\u00b0C til 40\u00b0C og egner sig til brug i hele hjemmet. Takket v\u00e6re det gennemtestede design og den p\u00e5lidelige kvalitet er dette en smart investering i din og familiens sikkerhed.For optimal brandsikkerhed anbefaler vi at supplere dine r\u00f8galarmer med et brandt\u00e6ppe og en CO-alarm. Alecto tilbyder et komplet sortiment af produkter til brand- og kuliltebeskyttelse, der s\u00f8rger for et sikkert hjem og tryghed for dig og dine n\u00e6rmeste.Monteringsmateriale inkl. bundplade og skruerG\u00f8r brandsikringen nem og effektiv med Alecto mini-r\u00f8galarmer \u2013 en stilfuld, brugervenlig og driftsikker l\u00f8sning til dit hjem.<\/p>\n<p>Sammenlign priser p\u00e5 Alecto &#8211; Mini-r\u00f8gdetektor 5 \u00e5rs batteri 2-pak Hvid &#8211; SA-102 og k\u00f8b online til den billigste pris, samt p\u00e5 tilbud!\u00a0\u00a0Tjek den bedste pris, produkt beskrivelse, video, test, anmeldelser osv.<\/p>\n<p><strong>Brand: <\/strong>Alecto<br \/>\n<strong>EAN: <\/strong>8712412574551<br \/>\n<strong>Producentens varenr.:<\/strong> 8712412574551<\/p>\n<p><strong>P.S.<\/strong><br \/>\nTilmeld dig til &#8220;Opret Gratis Prisfald Alarm&#8221;, og bliv underrettet med det samme om prisfald p\u00e5 Alecto &#8211; Mini-r\u00f8gdetektor 5 \u00e5rs batteri 2-pak Hvid &#8211; SA-102, og f\u00e5 den billigste pris!<\/p>\n<p>&nbsp;<\/p>\n<p>&nbsp;<\/p>\n","protected":false},"excerpt":{"rendered":"<p>K\u00f8b billig Alecto &#8211; Mini-r\u00f8gdetektor 5 \u00e5rs batteri 2-pak Hvid &#8211; SA-102! G\u00f8r dit hjem brandsikkert med dette s\u00e6t af to mini-r\u00f8galarmer fra Alecto. Trods deres kompakte st\u00f8rrelse f\u00e5r du maksimal brandsikkerhed \u2013 ideelt til b\u00e5de boligen og kontoret. R\u00f8galarmerne er fremstillet af robust plast og har et moderne, diskret design, der let integreres i [&hellip;]<\/p>\n","protected":false},"featured_media":999980000004493240,"template":"","meta":[],"store":[1272516],"product_brand":[1272518],"product_cat":[1272469],"product_tag":[1275186,1273060],"class_list":{"0":"post-449324","1":"product","2":"type-product","3":"status-publish","4":"has-post-thumbnail","6":"store-butik24","7":"product_brand-alecto","8":"product_cat-detektorer","9":"product_tag-alecto","10":"product_tag-detektorer","11":"pa_maerke-alecto","13":"first","14":"instock","15":"product-type-external"},"_links":{"self":[{"href":"https:\/\/www.pricetornado.com\/da\/wp-json\/wp\/v2\/product\/449324","targetHints":{"allow":["GET"]}}],"collection":[{"href":"https:\/\/www.pricetornado.com\/da\/wp-json\/wp\/v2\/product"}],"about":[{"href":"https:\/\/www.pricetornado.com\/da\/wp-json\/wp\/v2\/types\/product"}],"wp:featuredmedia":[{"embeddable":true,"href":"https:\/\/www.pricetornado.com\/da\/wp-json\/"}],"wp:attachment":[{"href":"https:\/\/www.pricetornado.com\/da\/wp-json\/wp\/v2\/media?parent=449324"}],"wp:term":[{"taxonomy":"store","embeddable":true,"href":"https:\/\/www.pricetornado.com\/da\/wp-json\/wp\/v2\/store?post=449324"},{"taxonomy":"product_brand","embeddable":true,"href":"https:\/\/www.pricetornado.com\/da\/wp-json\/wp\/v2\/product_brand?post=449324"},{"taxonomy":"product_cat","embeddable":true,"href":"https:\/\/www.pricetornado.com\/da\/wp-json\/wp\/v2\/product_cat?post=449324"},{"taxonomy":"product_tag","embeddable":true,"href":"https:\/\/www.pricetornado.com\/da\/wp-json\/wp\/v2\/product_tag?post=449324"}],"curies":[{"name":"wp","href":"https:\/\/api.w.org\/{rel}","templated":true}]}}