{"id":449322,"date":"2025-02-20T20:35:54","date_gmt":"2025-02-20T19:35:54","guid":{"rendered":"https:\/\/www.pricetornado.com\/da\/produkt\/nedis-hot-air-fryer-timer-0-5-h-analog-aluminium-sort-kaaf120fbk\/"},"modified":"2026-04-17T03:20:28","modified_gmt":"2026-04-17T01:20:28","slug":"nedis-hot-air-fryer-timer-0-5-h-analog-aluminium-sort-kaaf120fbk","status":"publish","type":"product","link":"https:\/\/www.pricetornado.com\/da\/produkt\/nedis-hot-air-fryer-timer-0-5-h-analog-aluminium-sort-kaaf120fbk\/","title":{"rendered":"Nedis &#8211; Hot Air Fryer | Timer: 0.5 h | Analog | Aluminium \/ Sort &#8211; KAAF120FBK"},"content":{"rendered":"<p>K\u00f8b billig Nedis &#8211; Hot Air Fryer | Timer: 0.5 h | Analog | Aluminium \/ Sort &#8211; KAAF120FBK!<br \/>\nDenne Nedis hot air fryer er perfekt til bagning, stegning og grilning af dine yndlingsretter med minimal brug af olie eller fedt. Ved at udnytte hurtig cirkulation af varm luft kan du tilberede maden hurtigt og opn\u00e5 op til 90 % mindre fedt sammenlignet med traditionel stegning. Det g\u00f8r det muligt at nyde spr\u00f8de snacks, pommes frites og kyllingevinger p\u00e5 en mere fedtfattig og sundere m\u00e5de.Ud over at tilberede fedtfattige snacks kan du ogs\u00e5 bruge denne air fryer til gr\u00f8ntsager, fisk, k\u00f8d og l\u00e6kre veganske retter s\u00e5som tofu. Den er en alsidig og v\u00e6rdifuld opgradering til dit k\u00f8kken, som giver dig mulighed for at tilberede et bredt udvalg af sunde retter.Hot air fryeren har analoge drejeknapper til temperaturindstilling fra 80 til 200\u00b0C og en 30-minutters timer med klokkesignal, som g\u00f8r det let at indstille pr\u00e6cis tilberedningstid og temperatur. N\u00e5r tilberedningen er f\u00e6rdig, lyder et signal, og den automatiske sluk-funktion og overophedningsbeskyttelse medvirker til sikker brug. Indikatorlamper viser, n\u00e5r air fryeren er i brug og klar til drift.Den aftagelige gryde og rist har en non-stick-bel\u00e6gning og praktisk h\u00e5ndtag, hvilket g\u00f8r det nemt at placere og fjerne maden uden at overskride MAX-m\u00e6rkningen. Alle aftagelige dele t\u00e5ler opvaskemaskine, hvilket forenkler reng\u00f8ringen. Anti-skid gummif\u00f8dder giver stabilitet under brug, s\u00e5 air fryeren st\u00e5r sikkert p\u00e5 k\u00f8kkenbordet.Air fryeren er fremstillet af aluminium, metal og plast, hvilket sikrer en holdbar og robust konstruktion. Med dens kompakte m\u00e5l p\u00e5 269 x 215 x 305 mm og en v\u00e6gt mellem 2,59-2,97 kg er den let at flytte og opbevare, n\u00e5r den ikke er i brug.Opgrader dit k\u00f8kken med denne smarte air fryer, og nyd nem, hurtig og sund madlavning hver dag. Bestil din Nedis hot air fryer og oplev forskellen p\u00e5 et mere fedtfattigt k\u00f8kken.<\/p>\n<p>Sammenlign priser p\u00e5 Nedis &#8211; Hot Air Fryer | Timer: 0.5 h | Analog | Aluminium \/ Sort &#8211; KAAF120FBK og k\u00f8b online til den billigste pris, samt p\u00e5 tilbud!\u00a0\u00a0Tjek den bedste pris, produkt beskrivelse, video, test, anmeldelser osv.<\/p>\n<p><strong>Brand: <\/strong>Nedis<br \/>\n<strong>EAN: <\/strong>5412810324477<br \/>\n<strong>Producentens varenr.:<\/strong> 5412810324477<\/p>\n<p><strong>P.S.<\/strong><br \/>\nTilmeld dig til &#8220;Opret Gratis Prisfald Alarm&#8221;, og bliv underrettet med det samme om prisfald p\u00e5 Nedis &#8211; Hot Air Fryer | Timer: 0.5 h | Analog | Aluminium \/ Sort &#8211; KAAF120FBK, og f\u00e5 den billigste pris!<\/p>\n<p>&nbsp;<\/p>\n<p>&nbsp;<\/p>\n","protected":false},"excerpt":{"rendered":"<p>K\u00f8b billig Nedis &#8211; Hot Air Fryer | Timer: 0.5 h | Analog | Aluminium \/ Sort &#8211; KAAF120FBK! Denne Nedis hot air fryer er perfekt til bagning, stegning og grilning af dine yndlingsretter med minimal brug af olie eller fedt. Ved at udnytte hurtig cirkulation af varm luft kan du tilberede maden hurtigt og [&hellip;]<\/p>\n","protected":false},"featured_media":999980000004493220,"template":"","meta":[],"store":[1272516],"product_brand":[1272517],"product_cat":[1272481],"product_tag":[1273090,1275178],"class_list":{"0":"post-449322","1":"product","2":"type-product","3":"status-publish","4":"has-post-thumbnail","6":"store-butik24","7":"product_brand-nedis","8":"product_cat-airfryers","9":"product_tag-airfryers","10":"product_tag-nedis","11":"pa_maerke-nedis","13":"first","14":"instock","15":"product-type-external"},"_links":{"self":[{"href":"https:\/\/www.pricetornado.com\/da\/wp-json\/wp\/v2\/product\/449322","targetHints":{"allow":["GET"]}}],"collection":[{"href":"https:\/\/www.pricetornado.com\/da\/wp-json\/wp\/v2\/product"}],"about":[{"href":"https:\/\/www.pricetornado.com\/da\/wp-json\/wp\/v2\/types\/product"}],"wp:featuredmedia":[{"embeddable":true,"href":"https:\/\/www.pricetornado.com\/da\/wp-json\/"}],"wp:attachment":[{"href":"https:\/\/www.pricetornado.com\/da\/wp-json\/wp\/v2\/media?parent=449322"}],"wp:term":[{"taxonomy":"store","embeddable":true,"href":"https:\/\/www.pricetornado.com\/da\/wp-json\/wp\/v2\/store?post=449322"},{"taxonomy":"product_brand","embeddable":true,"href":"https:\/\/www.pricetornado.com\/da\/wp-json\/wp\/v2\/product_brand?post=449322"},{"taxonomy":"product_cat","embeddable":true,"href":"https:\/\/www.pricetornado.com\/da\/wp-json\/wp\/v2\/product_cat?post=449322"},{"taxonomy":"product_tag","embeddable":true,"href":"https:\/\/www.pricetornado.com\/da\/wp-json\/wp\/v2\/product_tag?post=449322"}],"curies":[{"name":"wp","href":"https:\/\/api.w.org\/{rel}","templated":true}]}}