{"id":449306,"date":"2026-04-16T00:24:25","date_gmt":"2026-04-15T22:24:25","guid":{"rendered":"https:\/\/www.pricetornado.com\/da\/produkt\/smartfon-poleasingowy-usorteret-poco-renewed-grade-a-poco-m6-pro-blue-6-67-amoled-256-gb-5g-android\/"},"modified":"2026-04-17T00:30:34","modified_gmt":"2026-04-16T22:30:34","slug":"smartfon-poleasingowy-usorteret-poco-renewed-grade-a-poco-m6-pro-blue-6-67-amoled-256-gb-5g-android","status":"publish","type":"product","link":"https:\/\/www.pricetornado.com\/da\/produkt\/smartfon-poleasingowy-usorteret-poco-renewed-grade-a-poco-m6-pro-blue-6-67-amoled-256-gb-5g-android\/","title":{"rendered":"Smartfon poleasingowy Usorteret Poco Renewed Grade A | Poco M6 Pro | Blue | 6.67  | AMOLED | 256 GB | 5G | Android"},"content":{"rendered":"<p>K\u00f8b billig Smartfon poleasingowy Usorteret Poco Renewed Grade A | Poco M6 Pro | Blue | 6.67  | AMOLED | 256 GB | 5G | Android!<\/p>\n<p>Sammenlign priser p\u00e5 Smartfon poleasingowy Usorteret Poco Renewed Grade A | Poco M6 Pro | Blue | 6.67  | AMOLED | 256 GB | 5G | Android og k\u00f8b online til den billigste pris, samt p\u00e5 tilbud!\u00a0\u00a0Tjek den bedste pris, produkt beskrivelse, video, test, anmeldelser osv.<\/p>\n<p><strong>Brand: <\/strong>Usorteret<br \/>\n<strong>EAN: <\/strong>2000000886633<br \/>\n<strong>Producentens varenr.:<\/strong> PocoM6Pro256BlueA<\/p>\n<p><strong>P.S.<\/strong><br \/>\nTilmeld dig til &#8220;Opret Gratis Prisfald Alarm&#8221;, og bliv underrettet med det samme om prisfald p\u00e5 Smartfon poleasingowy Usorteret Poco Renewed Grade A | Poco M6 Pro | Blue | 6.67  | AMOLED | 256 GB | 5G | Android, og f\u00e5 den billigste pris!<\/p>\n<p>&nbsp;<\/p>\n","protected":false},"excerpt":{"rendered":"<p>K\u00f8b billig Smartfon poleasingowy Usorteret Poco Renewed Grade A | Poco M6 Pro | Blue | 6.67 | AMOLED | 256 GB | 5G | Android! Sammenlign priser p\u00e5 Smartfon poleasingowy Usorteret Poco Renewed Grade A | Poco M6 Pro | Blue | 6.67 | AMOLED | 256 GB | 5G | Android og k\u00f8b [&hellip;]<\/p>\n","protected":false},"featured_media":999980000004493060,"template":"","meta":[],"store":[1272539],"product_brand":[1272597],"product_cat":[783873,783867,783866],"product_tag":[],"class_list":{"0":"post-449306","1":"product","2":"type-product","3":"status-publish","4":"has-post-thumbnail","6":"store-computersalg","7":"product_brand-usorteret","8":"product_cat-alle-mobiltelefoner","9":"product_cat-mobiltelefoner","10":"product_cat-telefoni-gps","11":"pa_maerke-usorteret","13":"first","14":"instock","15":"product-type-external"},"_links":{"self":[{"href":"https:\/\/www.pricetornado.com\/da\/wp-json\/wp\/v2\/product\/449306","targetHints":{"allow":["GET"]}}],"collection":[{"href":"https:\/\/www.pricetornado.com\/da\/wp-json\/wp\/v2\/product"}],"about":[{"href":"https:\/\/www.pricetornado.com\/da\/wp-json\/wp\/v2\/types\/product"}],"wp:featuredmedia":[{"embeddable":true,"href":"https:\/\/www.pricetornado.com\/da\/wp-json\/"}],"wp:attachment":[{"href":"https:\/\/www.pricetornado.com\/da\/wp-json\/wp\/v2\/media?parent=449306"}],"wp:term":[{"taxonomy":"store","embeddable":true,"href":"https:\/\/www.pricetornado.com\/da\/wp-json\/wp\/v2\/store?post=449306"},{"taxonomy":"product_brand","embeddable":true,"href":"https:\/\/www.pricetornado.com\/da\/wp-json\/wp\/v2\/product_brand?post=449306"},{"taxonomy":"product_cat","embeddable":true,"href":"https:\/\/www.pricetornado.com\/da\/wp-json\/wp\/v2\/product_cat?post=449306"},{"taxonomy":"product_tag","embeddable":true,"href":"https:\/\/www.pricetornado.com\/da\/wp-json\/wp\/v2\/product_tag?post=449306"}],"curies":[{"name":"wp","href":"https:\/\/api.w.org\/{rel}","templated":true}]}}