{"id":449298,"date":"2026-03-26T00:28:26","date_gmt":"2026-03-25T23:28:26","guid":{"rendered":"https:\/\/www.pricetornado.com\/da\/produkt\/maclean-spot-gu10-mce452-b-sieninis-ir-lubinis-sviestuvas-2\/"},"modified":"2026-04-17T04:49:58","modified_gmt":"2026-04-17T02:49:58","slug":"maclean-spot-gu10-mce452-b-sieninis-ir-lubinis-sviestuvas-2","status":"publish","type":"product","link":"https:\/\/www.pricetornado.com\/da\/produkt\/maclean-spot-gu10-mce452-b-sieninis-ir-lubinis-sviestuvas-2\/","title":{"rendered":"\u201eMaclean\u201c SPOT GU10 MCE452 B sieninis ir lubinis \u0161viestuvas"},"content":{"rendered":"<p>K\u00f8b billig \u201eMaclean\u201c SPOT GU10 MCE452 B sieninis ir lubinis \u0161viestuvas!<\/p>\n<p>Sammenlign priser p\u00e5 \u201eMaclean\u201c SPOT GU10 MCE452 B sieninis ir lubinis \u0161viestuvas og k\u00f8b online til den billigste pris, samt p\u00e5 tilbud!\u00a0\u00a0Tjek den bedste pris, produkt beskrivelse, video, test, anmeldelser osv.<\/p>\n<p><strong>Brand: <\/strong>MACLEAN<br \/>\n<strong>EAN: <\/strong>5902211123989<br \/>\n<strong>Producentens varenr.:<\/strong> MCE452B<\/p>\n<p><strong>P.S.<\/strong><br \/>\nTilmeld dig til &#8220;Opret Gratis Prisfald Alarm&#8221;, og bliv underrettet med det samme om prisfald p\u00e5 \u201eMaclean\u201c SPOT GU10 MCE452 B sieninis ir lubinis \u0161viestuvas, og f\u00e5 den billigste pris!<\/p>\n<p>&nbsp;<\/p>\n","protected":false},"excerpt":{"rendered":"<p>K\u00f8b billig \u201eMaclean\u201c SPOT GU10 MCE452 B sieninis ir lubinis \u0161viestuvas! Sammenlign priser p\u00e5 \u201eMaclean\u201c SPOT GU10 MCE452 B sieninis ir lubinis \u0161viestuvas og k\u00f8b online til den billigste pris, samt p\u00e5 tilbud!\u00a0\u00a0Tjek den bedste pris, produkt beskrivelse, video, test, anmeldelser osv. Brand: MACLEAN EAN: 5902211123989 Producentens varenr.: MCE452B P.S. Tilmeld dig til &#8220;Opret Gratis [&hellip;]<\/p>\n","protected":false},"featured_media":999980000004492980,"template":"","meta":[],"store":[1272539],"product_brand":[1272587],"product_cat":[783873,783867,783866],"product_tag":[],"class_list":{"0":"post-449298","1":"product","2":"type-product","3":"status-publish","4":"has-post-thumbnail","6":"store-computersalg","7":"product_brand-maclean","8":"product_cat-alle-mobiltelefoner","9":"product_cat-mobiltelefoner","10":"product_cat-telefoni-gps","11":"pa_maerke-maclean","13":"first","14":"instock","15":"product-type-external"},"_links":{"self":[{"href":"https:\/\/www.pricetornado.com\/da\/wp-json\/wp\/v2\/product\/449298","targetHints":{"allow":["GET"]}}],"collection":[{"href":"https:\/\/www.pricetornado.com\/da\/wp-json\/wp\/v2\/product"}],"about":[{"href":"https:\/\/www.pricetornado.com\/da\/wp-json\/wp\/v2\/types\/product"}],"wp:featuredmedia":[{"embeddable":true,"href":"https:\/\/www.pricetornado.com\/da\/wp-json\/"}],"wp:attachment":[{"href":"https:\/\/www.pricetornado.com\/da\/wp-json\/wp\/v2\/media?parent=449298"}],"wp:term":[{"taxonomy":"store","embeddable":true,"href":"https:\/\/www.pricetornado.com\/da\/wp-json\/wp\/v2\/store?post=449298"},{"taxonomy":"product_brand","embeddable":true,"href":"https:\/\/www.pricetornado.com\/da\/wp-json\/wp\/v2\/product_brand?post=449298"},{"taxonomy":"product_cat","embeddable":true,"href":"https:\/\/www.pricetornado.com\/da\/wp-json\/wp\/v2\/product_cat?post=449298"},{"taxonomy":"product_tag","embeddable":true,"href":"https:\/\/www.pricetornado.com\/da\/wp-json\/wp\/v2\/product_tag?post=449298"}],"curies":[{"name":"wp","href":"https:\/\/api.w.org\/{rel}","templated":true}]}}