{"id":449296,"date":"2026-04-16T00:13:08","date_gmt":"2026-04-15T22:13:08","guid":{"rendered":"https:\/\/www.pricetornado.com\/da\/produkt\/honor-magic-v3-163-cm-6-43-12-gb-512-gb-40-mp-android-14-brun-2\/"},"modified":"2026-04-18T00:29:57","modified_gmt":"2026-04-17T22:29:57","slug":"honor-magic-v3-163-cm-6-43-12-gb-512-gb-40-mp-android-14-brun","status":"publish","type":"product","link":"https:\/\/www.pricetornado.com\/da\/produkt\/honor-magic-v3-163-cm-6-43-12-gb-512-gb-40-mp-android-14-brun\/","title":{"rendered":"Honor Magic V3, 16,3 cm (6.43), 12 GB, 512 GB, 40 MP, Android 14, Brun"},"content":{"rendered":"<p>K\u00f8b billig Honor Magic V3, 16,3 cm (6.43), 12 GB, 512 GB, 40 MP, Android 14, Brun!<\/p>\n<p>Sammenlign priser p\u00e5 Honor Magic V3, 16,3 cm (6.43), 12 GB, 512 GB, 40 MP, Android 14, Brun og k\u00f8b online til den billigste pris, samt p\u00e5 tilbud!\u00a0\u00a0Tjek den bedste pris, produkt beskrivelse, video, test, anmeldelser osv.<\/p>\n<p><strong>Brand: <\/strong>Huawei<br \/>\n<strong>EAN: <\/strong>6936520851553<br \/>\n<strong>Producentens varenr.:<\/strong> 100116655<\/p>\n<p><strong>P.S.<\/strong><br \/>\nTilmeld dig til &#8220;Opret Gratis Prisfald Alarm&#8221;, og bliv underrettet med det samme om prisfald p\u00e5 Honor Magic V3, 16,3 cm (6.43), 12 GB, 512 GB, 40 MP, Android 14, Brun, og f\u00e5 den billigste pris!<\/p>\n<p>&nbsp;<\/p>\n","protected":false},"excerpt":{"rendered":"<p>K\u00f8b billig Honor Magic V3, 16,3 cm (6.43), 12 GB, 512 GB, 40 MP, Android 14, Brun! Sammenlign priser p\u00e5 Honor Magic V3, 16,3 cm (6.43), 12 GB, 512 GB, 40 MP, Android 14, Brun og k\u00f8b online til den billigste pris, samt p\u00e5 tilbud!\u00a0\u00a0Tjek den bedste pris, produkt beskrivelse, video, test, anmeldelser osv. Brand: [&hellip;]<\/p>\n","protected":false},"featured_media":999980000004492960,"template":"","meta":[],"store":[1272539],"product_brand":[1272547],"product_cat":[783873,783867,783866],"product_tag":[],"class_list":{"0":"post-449296","1":"product","2":"type-product","3":"status-publish","4":"has-post-thumbnail","6":"store-computersalg","7":"product_brand-huawei","8":"product_cat-alle-mobiltelefoner","9":"product_cat-mobiltelefoner","10":"product_cat-telefoni-gps","11":"pa_maerke-huawei","13":"first","14":"instock","15":"product-type-external"},"_links":{"self":[{"href":"https:\/\/www.pricetornado.com\/da\/wp-json\/wp\/v2\/product\/449296","targetHints":{"allow":["GET"]}}],"collection":[{"href":"https:\/\/www.pricetornado.com\/da\/wp-json\/wp\/v2\/product"}],"about":[{"href":"https:\/\/www.pricetornado.com\/da\/wp-json\/wp\/v2\/types\/product"}],"wp:featuredmedia":[{"embeddable":true,"href":"https:\/\/www.pricetornado.com\/da\/wp-json\/"}],"wp:attachment":[{"href":"https:\/\/www.pricetornado.com\/da\/wp-json\/wp\/v2\/media?parent=449296"}],"wp:term":[{"taxonomy":"store","embeddable":true,"href":"https:\/\/www.pricetornado.com\/da\/wp-json\/wp\/v2\/store?post=449296"},{"taxonomy":"product_brand","embeddable":true,"href":"https:\/\/www.pricetornado.com\/da\/wp-json\/wp\/v2\/product_brand?post=449296"},{"taxonomy":"product_cat","embeddable":true,"href":"https:\/\/www.pricetornado.com\/da\/wp-json\/wp\/v2\/product_cat?post=449296"},{"taxonomy":"product_tag","embeddable":true,"href":"https:\/\/www.pricetornado.com\/da\/wp-json\/wp\/v2\/product_tag?post=449296"}],"curies":[{"name":"wp","href":"https:\/\/api.w.org\/{rel}","templated":true}]}}