{"id":449295,"date":"2026-04-30T00:21:39","date_gmt":"2026-04-29T22:21:39","guid":{"rendered":"https:\/\/www.pricetornado.com\/da\/produkt\/mobiola-mb610-dual-sim-mobiltelefon-sort-2\/"},"modified":"2026-05-01T00:30:24","modified_gmt":"2026-04-30T22:30:24","slug":"mobiola-mb610-dual-sim-mobiltelefon-sort","status":"publish","type":"product","link":"https:\/\/www.pricetornado.com\/da\/produkt\/mobiola-mb610-dual-sim-mobiltelefon-sort\/","title":{"rendered":"Mobiola MB610 Dual SIM-mobiltelefon Sort"},"content":{"rendered":"<p>K\u00f8b billig Mobiola MB610 Dual SIM-mobiltelefon Sort!<\/p>\n<p>Sammenlign priser p\u00e5 Mobiola MB610 Dual SIM-mobiltelefon Sort og k\u00f8b online til den billigste pris, samt p\u00e5 tilbud!\u00a0\u00a0Tjek den bedste pris, produkt beskrivelse, video, test, anmeldelser osv.<\/p>\n<p><strong>Brand: <\/strong>Mobiola<br \/>\n<strong>EAN: <\/strong>8594203270046<br \/>\n<strong>Producentens varenr.:<\/strong> 21939<\/p>\n<p><strong>P.S.<\/strong><br \/>\nTilmeld dig til &#8220;Opret Gratis Prisfald Alarm&#8221;, og bliv underrettet med det samme om prisfald p\u00e5 Mobiola MB610 Dual SIM-mobiltelefon Sort, og f\u00e5 den billigste pris!<\/p>\n<p>&nbsp;<\/p>\n","protected":false},"excerpt":{"rendered":"<p>K\u00f8b billig Mobiola MB610 Dual SIM-mobiltelefon Sort! Sammenlign priser p\u00e5 Mobiola MB610 Dual SIM-mobiltelefon Sort og k\u00f8b online til den billigste pris, samt p\u00e5 tilbud!\u00a0\u00a0Tjek den bedste pris, produkt beskrivelse, video, test, anmeldelser osv. Brand: Mobiola EAN: 8594203270046 Producentens varenr.: 21939 P.S. Tilmeld dig til &#8220;Opret Gratis Prisfald Alarm&#8221;, og bliv underrettet med det samme [&hellip;]<\/p>\n","protected":false},"featured_media":999980000004492950,"template":"","meta":[],"store":[1272539],"product_brand":[1272672],"product_cat":[783873,783867,783866],"product_tag":[],"class_list":{"0":"post-449295","1":"product","2":"type-product","3":"status-publish","4":"has-post-thumbnail","6":"store-computersalg","7":"product_brand-mobiola","8":"product_cat-alle-mobiltelefoner","9":"product_cat-mobiltelefoner","10":"product_cat-telefoni-gps","11":"pa_maerke-mobiola","13":"first","14":"instock","15":"product-type-external"},"_links":{"self":[{"href":"https:\/\/www.pricetornado.com\/da\/wp-json\/wp\/v2\/product\/449295","targetHints":{"allow":["GET"]}}],"collection":[{"href":"https:\/\/www.pricetornado.com\/da\/wp-json\/wp\/v2\/product"}],"about":[{"href":"https:\/\/www.pricetornado.com\/da\/wp-json\/wp\/v2\/types\/product"}],"wp:featuredmedia":[{"embeddable":true,"href":"https:\/\/www.pricetornado.com\/da\/wp-json\/"}],"wp:attachment":[{"href":"https:\/\/www.pricetornado.com\/da\/wp-json\/wp\/v2\/media?parent=449295"}],"wp:term":[{"taxonomy":"store","embeddable":true,"href":"https:\/\/www.pricetornado.com\/da\/wp-json\/wp\/v2\/store?post=449295"},{"taxonomy":"product_brand","embeddable":true,"href":"https:\/\/www.pricetornado.com\/da\/wp-json\/wp\/v2\/product_brand?post=449295"},{"taxonomy":"product_cat","embeddable":true,"href":"https:\/\/www.pricetornado.com\/da\/wp-json\/wp\/v2\/product_cat?post=449295"},{"taxonomy":"product_tag","embeddable":true,"href":"https:\/\/www.pricetornado.com\/da\/wp-json\/wp\/v2\/product_tag?post=449295"}],"curies":[{"name":"wp","href":"https:\/\/api.w.org\/{rel}","templated":true}]}}