{"id":449282,"date":"2026-04-16T00:22:38","date_gmt":"2026-04-15T22:22:38","guid":{"rendered":"https:\/\/www.pricetornado.com\/da\/produkt\/xiaomi-redmi-9at-166-cm-6-53-1600-x-720-pixel-2-gb-32-gb-13-mp-graa-2\/"},"modified":"2026-04-21T01:00:49","modified_gmt":"2026-04-20T23:00:49","slug":"xiaomi-redmi-9at-166-cm-6-53-1600-x-720-pixel-2-gb-32-gb-13-mp-graa","status":"publish","type":"product","link":"https:\/\/www.pricetornado.com\/da\/produkt\/xiaomi-redmi-9at-166-cm-6-53-1600-x-720-pixel-2-gb-32-gb-13-mp-graa\/","title":{"rendered":"Xiaomi Redmi 9AT, 16,6 cm (6.53), 1600 x 720 pixel, 2 GB, 32 GB, 13 MP, Gr\u00e5"},"content":{"rendered":"<p>K\u00f8b billig Xiaomi Redmi 9AT, 16,6 cm (6.53), 1600 x 720 pixel, 2 GB, 32 GB, 13 MP, Gr\u00e5!<\/p>\n<p>Sammenlign priser p\u00e5 Xiaomi Redmi 9AT, 16,6 cm (6.53), 1600 x 720 pixel, 2 GB, 32 GB, 13 MP, Gr\u00e5 og k\u00f8b online til den billigste pris, samt p\u00e5 tilbud!\u00a0\u00a0Tjek den bedste pris, produkt beskrivelse, video, test, anmeldelser osv.<\/p>\n<p><strong>Brand: <\/strong>Xiaomi<br \/>\n<strong>EAN: <\/strong>6941059648734<br \/>\n<strong>Producentens varenr.:<\/strong> X_REDMI9AT_2_32_GREY_EU<\/p>\n<p><strong>P.S.<\/strong><br \/>\nTilmeld dig til &#8220;Opret Gratis Prisfald Alarm&#8221;, og bliv underrettet med det samme om prisfald p\u00e5 Xiaomi Redmi 9AT, 16,6 cm (6.53), 1600 x 720 pixel, 2 GB, 32 GB, 13 MP, Gr\u00e5, og f\u00e5 den billigste pris!<\/p>\n<p>&nbsp;<\/p>\n","protected":false},"excerpt":{"rendered":"<p>K\u00f8b billig Xiaomi Redmi 9AT, 16,6 cm (6.53), 1600 x 720 pixel, 2 GB, 32 GB, 13 MP, Gr\u00e5! Sammenlign priser p\u00e5 Xiaomi Redmi 9AT, 16,6 cm (6.53), 1600 x 720 pixel, 2 GB, 32 GB, 13 MP, Gr\u00e5 og k\u00f8b online til den billigste pris, samt p\u00e5 tilbud!\u00a0\u00a0Tjek den bedste pris, produkt beskrivelse, video, [&hellip;]<\/p>\n","protected":false},"featured_media":999980000004492820,"template":"","meta":[],"store":[1272539],"product_brand":[1272542],"product_cat":[783870,783867,783866],"product_tag":[],"class_list":{"0":"post-449282","1":"product","2":"type-product","3":"status-publish","4":"has-post-thumbnail","6":"store-computersalg","7":"product_brand-xiaomi","8":"product_cat-android","9":"product_cat-mobiltelefoner","10":"product_cat-telefoni-gps","11":"pa_maerke-xiaomi","13":"first","14":"instock","15":"product-type-external"},"_links":{"self":[{"href":"https:\/\/www.pricetornado.com\/da\/wp-json\/wp\/v2\/product\/449282","targetHints":{"allow":["GET"]}}],"collection":[{"href":"https:\/\/www.pricetornado.com\/da\/wp-json\/wp\/v2\/product"}],"about":[{"href":"https:\/\/www.pricetornado.com\/da\/wp-json\/wp\/v2\/types\/product"}],"wp:featuredmedia":[{"embeddable":true,"href":"https:\/\/www.pricetornado.com\/da\/wp-json\/"}],"wp:attachment":[{"href":"https:\/\/www.pricetornado.com\/da\/wp-json\/wp\/v2\/media?parent=449282"}],"wp:term":[{"taxonomy":"store","embeddable":true,"href":"https:\/\/www.pricetornado.com\/da\/wp-json\/wp\/v2\/store?post=449282"},{"taxonomy":"product_brand","embeddable":true,"href":"https:\/\/www.pricetornado.com\/da\/wp-json\/wp\/v2\/product_brand?post=449282"},{"taxonomy":"product_cat","embeddable":true,"href":"https:\/\/www.pricetornado.com\/da\/wp-json\/wp\/v2\/product_cat?post=449282"},{"taxonomy":"product_tag","embeddable":true,"href":"https:\/\/www.pricetornado.com\/da\/wp-json\/wp\/v2\/product_tag?post=449282"}],"curies":[{"name":"wp","href":"https:\/\/api.w.org\/{rel}","templated":true}]}}