{"id":449243,"date":"2026-04-30T00:20:31","date_gmt":"2026-04-29T22:20:31","guid":{"rendered":"https:\/\/www.pricetornado.com\/da\/produkt\/myphone-mp2220-menu-dual-sim-45-cm-1-77-bluetooth-600-mah-sort-2\/"},"modified":"2026-04-30T00:20:56","modified_gmt":"2026-04-29T22:20:56","slug":"myphone-mp2220-menu-dual-sim-45-cm-1-77-bluetooth-600-mah-sort","status":"publish","type":"product","link":"https:\/\/www.pricetornado.com\/da\/produkt\/myphone-mp2220-menu-dual-sim-45-cm-1-77-bluetooth-600-mah-sort\/","title":{"rendered":"myPhone MP2220, Menu, Dual SIM, 4,5 cm (1.77), Bluetooth, 600 mAh, Sort"},"content":{"rendered":"<p>K\u00f8b billig myPhone MP2220, Menu, Dual SIM, 4,5 cm (1.77), Bluetooth, 600 mAh, Sort!<\/p>\n<p>Sammenlign priser p\u00e5 myPhone MP2220, Menu, Dual SIM, 4,5 cm (1.77), Bluetooth, 600 mAh, Sort og k\u00f8b online til den billigste pris, samt p\u00e5 tilbud!\u00a0\u00a0Tjek den bedste pris, produkt beskrivelse, video, test, anmeldelser osv.<\/p>\n<p><strong>Brand: <\/strong>myPhone<br \/>\n<strong>EAN: <\/strong>5902983612469<br \/>\n<strong>Producentens varenr.:<\/strong> 8_2265111<\/p>\n<p><strong>P.S.<\/strong><br \/>\nTilmeld dig til &#8220;Opret Gratis Prisfald Alarm&#8221;, og bliv underrettet med det samme om prisfald p\u00e5 myPhone MP2220, Menu, Dual SIM, 4,5 cm (1.77), Bluetooth, 600 mAh, Sort, og f\u00e5 den billigste pris!<\/p>\n<p>&nbsp;<\/p>\n","protected":false},"excerpt":{"rendered":"<p>K\u00f8b billig myPhone MP2220, Menu, Dual SIM, 4,5 cm (1.77), Bluetooth, 600 mAh, Sort! Sammenlign priser p\u00e5 myPhone MP2220, Menu, Dual SIM, 4,5 cm (1.77), Bluetooth, 600 mAh, Sort og k\u00f8b online til den billigste pris, samt p\u00e5 tilbud!\u00a0\u00a0Tjek den bedste pris, produkt beskrivelse, video, test, anmeldelser osv. Brand: myPhone EAN: 5902983612469 Producentens varenr.: 8_2265111 [&hellip;]<\/p>\n","protected":false},"featured_media":0,"template":"","meta":[],"store":[1272539],"product_brand":[1272594],"product_cat":[783873,783867,783866],"product_tag":[],"class_list":{"0":"post-449243","1":"product","2":"type-product","3":"status-publish","5":"store-computersalg","6":"product_brand-myphone","7":"product_cat-alle-mobiltelefoner","8":"product_cat-mobiltelefoner","9":"product_cat-telefoni-gps","10":"pa_maerke-myphone","12":"first","13":"instock","14":"product-type-external"},"_links":{"self":[{"href":"https:\/\/www.pricetornado.com\/da\/wp-json\/wp\/v2\/product\/449243","targetHints":{"allow":["GET"]}}],"collection":[{"href":"https:\/\/www.pricetornado.com\/da\/wp-json\/wp\/v2\/product"}],"about":[{"href":"https:\/\/www.pricetornado.com\/da\/wp-json\/wp\/v2\/types\/product"}],"wp:attachment":[{"href":"https:\/\/www.pricetornado.com\/da\/wp-json\/wp\/v2\/media?parent=449243"}],"wp:term":[{"taxonomy":"store","embeddable":true,"href":"https:\/\/www.pricetornado.com\/da\/wp-json\/wp\/v2\/store?post=449243"},{"taxonomy":"product_brand","embeddable":true,"href":"https:\/\/www.pricetornado.com\/da\/wp-json\/wp\/v2\/product_brand?post=449243"},{"taxonomy":"product_cat","embeddable":true,"href":"https:\/\/www.pricetornado.com\/da\/wp-json\/wp\/v2\/product_cat?post=449243"},{"taxonomy":"product_tag","embeddable":true,"href":"https:\/\/www.pricetornado.com\/da\/wp-json\/wp\/v2\/product_tag?post=449243"}],"curies":[{"name":"wp","href":"https:\/\/api.w.org\/{rel}","templated":true}]}}