{"id":449234,"date":"2026-04-30T00:18:28","date_gmt":"2026-04-29T22:18:28","guid":{"rendered":"https:\/\/www.pricetornado.com\/da\/produkt\/motorola-moto-g15-171-cm-6-72-8-gb-512-gb-50-mp-android-15-marineblaa-2\/"},"modified":"2026-05-03T00:50:05","modified_gmt":"2026-05-02T22:50:05","slug":"motorola-moto-g15-171-cm-6-72-8-gb-512-gb-50-mp-android-15-marineblaa","status":"publish","type":"product","link":"https:\/\/www.pricetornado.com\/da\/produkt\/motorola-moto-g15-171-cm-6-72-8-gb-512-gb-50-mp-android-15-marineblaa\/","title":{"rendered":"Motorola moto g15, 17,1 cm (6.72), 8 GB, 512 GB, 50 MP, Android 15, Marinebl\u00e5"},"content":{"rendered":"<p>K\u00f8b billig Motorola moto g15, 17,1 cm (6.72), 8 GB, 512 GB, 50 MP, Android 15, Marinebl\u00e5!<\/p>\n<p>Sammenlign priser p\u00e5 Motorola moto g15, 17,1 cm (6.72), 8 GB, 512 GB, 50 MP, Android 15, Marinebl\u00e5 og k\u00f8b online til den billigste pris, samt p\u00e5 tilbud!\u00a0\u00a0Tjek den bedste pris, produkt beskrivelse, video, test, anmeldelser osv.<\/p>\n<p><strong>Brand: <\/strong>Motorola<br \/>\n<strong>EAN: <\/strong>0840023291753<br \/>\n<strong>Producentens varenr.:<\/strong> S0463517<\/p>\n<p><strong>P.S.<\/strong><br \/>\nTilmeld dig til &#8220;Opret Gratis Prisfald Alarm&#8221;, og bliv underrettet med det samme om prisfald p\u00e5 Motorola moto g15, 17,1 cm (6.72), 8 GB, 512 GB, 50 MP, Android 15, Marinebl\u00e5, og f\u00e5 den billigste pris!<\/p>\n<p>&nbsp;<\/p>\n","protected":false},"excerpt":{"rendered":"<p>K\u00f8b billig Motorola moto g15, 17,1 cm (6.72), 8 GB, 512 GB, 50 MP, Android 15, Marinebl\u00e5! Sammenlign priser p\u00e5 Motorola moto g15, 17,1 cm (6.72), 8 GB, 512 GB, 50 MP, Android 15, Marinebl\u00e5 og k\u00f8b online til den billigste pris, samt p\u00e5 tilbud!\u00a0\u00a0Tjek den bedste pris, produkt beskrivelse, video, test, anmeldelser osv. Brand: [&hellip;]<\/p>\n","protected":false},"featured_media":999980000004492340,"template":"","meta":[],"store":[1272539],"product_brand":[1272545],"product_cat":[783870,783867,783866],"product_tag":[],"class_list":{"0":"post-449234","1":"product","2":"type-product","3":"status-publish","4":"has-post-thumbnail","6":"store-computersalg","7":"product_brand-motorola","8":"product_cat-android","9":"product_cat-mobiltelefoner","10":"product_cat-telefoni-gps","11":"pa_maerke-motorola","13":"first","14":"instock","15":"product-type-external"},"_links":{"self":[{"href":"https:\/\/www.pricetornado.com\/da\/wp-json\/wp\/v2\/product\/449234","targetHints":{"allow":["GET"]}}],"collection":[{"href":"https:\/\/www.pricetornado.com\/da\/wp-json\/wp\/v2\/product"}],"about":[{"href":"https:\/\/www.pricetornado.com\/da\/wp-json\/wp\/v2\/types\/product"}],"wp:featuredmedia":[{"embeddable":true,"href":"https:\/\/www.pricetornado.com\/da\/wp-json\/"}],"wp:attachment":[{"href":"https:\/\/www.pricetornado.com\/da\/wp-json\/wp\/v2\/media?parent=449234"}],"wp:term":[{"taxonomy":"store","embeddable":true,"href":"https:\/\/www.pricetornado.com\/da\/wp-json\/wp\/v2\/store?post=449234"},{"taxonomy":"product_brand","embeddable":true,"href":"https:\/\/www.pricetornado.com\/da\/wp-json\/wp\/v2\/product_brand?post=449234"},{"taxonomy":"product_cat","embeddable":true,"href":"https:\/\/www.pricetornado.com\/da\/wp-json\/wp\/v2\/product_cat?post=449234"},{"taxonomy":"product_tag","embeddable":true,"href":"https:\/\/www.pricetornado.com\/da\/wp-json\/wp\/v2\/product_tag?post=449234"}],"curies":[{"name":"wp","href":"https:\/\/api.w.org\/{rel}","templated":true}]}}