{"id":449228,"date":"2026-04-16T00:18:13","date_gmt":"2026-04-15T22:18:13","guid":{"rendered":"https:\/\/www.pricetornado.com\/da\/produkt\/xiaomi-redmi-note-11-pro-4g-smartphone-dual-sim-ram-6-gb-intern-hukommelse-128-gb-microsd-slot-oled-skaerm-6-67-2400-x-1080-pixels-120-hz-4x-bagkameraer-108-mp-8-mp-2-mp-2-mp-2\/"},"modified":"2026-04-17T00:20:34","modified_gmt":"2026-04-16T22:20:34","slug":"xiaomi-redmi-note-11-pro-4g-smartphone-dual-sim-ram-6-gb-intern-hukommelse-128-gb-microsd-slot-oled-skaerm-6-67-2400-x-1080-pixels-1","status":"publish","type":"product","link":"https:\/\/www.pricetornado.com\/da\/produkt\/xiaomi-redmi-note-11-pro-4g-smartphone-dual-sim-ram-6-gb-intern-hukommelse-128-gb-microsd-slot-oled-skaerm-6-67-2400-x-1080-pixels-1\/","title":{"rendered":"Xiaomi Redmi Note 11 Pro &#8211; 4G smartphone &#8211; dual-SIM &#8211; RAM 6 GB \/ Intern hukommelse 128 GB &#8211; microSD slot &#8211; OLED-sk\u00e6rm &#8211; 6.67 &#8211; 2400 x 1080 pixels (1"},"content":{"rendered":"<p>K\u00f8b billig Xiaomi Redmi Note 11 Pro &#8211; 4G smartphone &#8211; dual-SIM &#8211; RAM 6 GB \/ Intern hukommelse 128 GB &#8211; microSD slot &#8211; OLED-sk\u00e6rm &#8211; 6.67 &#8211; 2400 x 1080 pixels (1!<\/p>\n<p>Sammenlign priser p\u00e5 Xiaomi Redmi Note 11 Pro &#8211; 4G smartphone &#8211; dual-SIM &#8211; RAM 6 GB \/ Intern hukommelse 128 GB &#8211; microSD slot &#8211; OLED-sk\u00e6rm &#8211; 6.67 &#8211; 2400 x 1080 pixels (1 og k\u00f8b online til den billigste pris, samt p\u00e5 tilbud!\u00a0\u00a0Tjek den bedste pris, produkt beskrivelse, video, test, anmeldelser osv.<\/p>\n<p><strong>Brand: <\/strong>Xiaomi<br \/>\n<strong>EAN: <\/strong>6934177769641<br \/>\n<strong>Producentens varenr.:<\/strong> 6934177769641<\/p>\n<p><strong>P.S.<\/strong><br \/>\nTilmeld dig til &#8220;Opret Gratis Prisfald Alarm&#8221;, og bliv underrettet med det samme om prisfald p\u00e5 Xiaomi Redmi Note 11 Pro &#8211; 4G smartphone &#8211; dual-SIM &#8211; RAM 6 GB \/ Intern hukommelse 128 GB &#8211; microSD slot &#8211; OLED-sk\u00e6rm &#8211; 6.67 &#8211; 2400 x 1080 pixels (1, og f\u00e5 den billigste pris!<\/p>\n<p>&nbsp;<\/p>\n","protected":false},"excerpt":{"rendered":"<p>K\u00f8b billig Xiaomi Redmi Note 11 Pro &#8211; 4G smartphone &#8211; dual-SIM &#8211; RAM 6 GB \/ Intern hukommelse 128 GB &#8211; microSD slot &#8211; OLED-sk\u00e6rm &#8211; 6.67 &#8211; 2400 x 1080 pixels (1! Sammenlign priser p\u00e5 Xiaomi Redmi Note 11 Pro &#8211; 4G smartphone &#8211; dual-SIM &#8211; RAM 6 GB \/ Intern hukommelse 128 [&hellip;]<\/p>\n","protected":false},"featured_media":999980000004492280,"template":"","meta":[],"store":[1272539],"product_brand":[1272542],"product_cat":[783873,783867,783866],"product_tag":[],"class_list":{"0":"post-449228","1":"product","2":"type-product","3":"status-publish","4":"has-post-thumbnail","6":"store-computersalg","7":"product_brand-xiaomi","8":"product_cat-alle-mobiltelefoner","9":"product_cat-mobiltelefoner","10":"product_cat-telefoni-gps","11":"pa_maerke-xiaomi","13":"first","14":"instock","15":"product-type-external"},"_links":{"self":[{"href":"https:\/\/www.pricetornado.com\/da\/wp-json\/wp\/v2\/product\/449228","targetHints":{"allow":["GET"]}}],"collection":[{"href":"https:\/\/www.pricetornado.com\/da\/wp-json\/wp\/v2\/product"}],"about":[{"href":"https:\/\/www.pricetornado.com\/da\/wp-json\/wp\/v2\/types\/product"}],"wp:featuredmedia":[{"embeddable":true,"href":"https:\/\/www.pricetornado.com\/da\/wp-json\/"}],"wp:attachment":[{"href":"https:\/\/www.pricetornado.com\/da\/wp-json\/wp\/v2\/media?parent=449228"}],"wp:term":[{"taxonomy":"store","embeddable":true,"href":"https:\/\/www.pricetornado.com\/da\/wp-json\/wp\/v2\/store?post=449228"},{"taxonomy":"product_brand","embeddable":true,"href":"https:\/\/www.pricetornado.com\/da\/wp-json\/wp\/v2\/product_brand?post=449228"},{"taxonomy":"product_cat","embeddable":true,"href":"https:\/\/www.pricetornado.com\/da\/wp-json\/wp\/v2\/product_cat?post=449228"},{"taxonomy":"product_tag","embeddable":true,"href":"https:\/\/www.pricetornado.com\/da\/wp-json\/wp\/v2\/product_tag?post=449228"}],"curies":[{"name":"wp","href":"https:\/\/api.w.org\/{rel}","templated":true}]}}