{"id":449221,"date":"2026-03-26T00:22:16","date_gmt":"2026-03-25T23:22:16","guid":{"rendered":"https:\/\/www.pricetornado.com\/da\/produkt\/estar-x18-funktionstelefon-dual-sim-intern-hukommelse-32-mb-microsd-slot-lcd-skaerm-128-x-160-pixels-rear-camera-03-mp-cool-soelv-2\/"},"modified":"2026-04-29T05:40:44","modified_gmt":"2026-04-29T03:40:44","slug":"estar-x18-funktionstelefon-dual-sim-intern-hukommelse-32-mb-microsd-slot-lcd-skaerm-128-x-160-pixels-rear-camera-03-mp-cool-soelv-2","status":"publish","type":"product","link":"https:\/\/www.pricetornado.com\/da\/produkt\/estar-x18-funktionstelefon-dual-sim-intern-hukommelse-32-mb-microsd-slot-lcd-skaerm-128-x-160-pixels-rear-camera-03-mp-cool-soelv-2\/","title":{"rendered":"eSTAR X18 &#8211; Funktionstelefon &#8211; dual-SIM \/ Intern hukommelse 32 MB &#8211; microSD slot &#8211; LCD-sk\u00e6rm &#8211; 128 x 160 pixels &#8211; rear camera 0,3 MP &#8211; cool s\u00f8lv"},"content":{"rendered":"<p>K\u00f8b billig eSTAR X18 &#8211; Funktionstelefon &#8211; dual-SIM \/ Intern hukommelse 32 MB &#8211; microSD slot &#8211; LCD-sk\u00e6rm &#8211; 128 x 160 pixels &#8211; rear camera 0,3 MP &#8211; cool s\u00f8lv!<\/p>\n<p>Sammenlign priser p\u00e5 eSTAR X18 &#8211; Funktionstelefon &#8211; dual-SIM \/ Intern hukommelse 32 MB &#8211; microSD slot &#8211; LCD-sk\u00e6rm &#8211; 128 x 160 pixels &#8211; rear camera 0,3 MP &#8211; cool s\u00f8lv og k\u00f8b online til den billigste pris, samt p\u00e5 tilbud!\u00a0\u00a0Tjek den bedste pris, produkt beskrivelse, video, test, anmeldelser osv.<\/p>\n<p><strong>Brand: <\/strong>eSTAR<br \/>\n<strong>EAN: <\/strong>5290018727555<br \/>\n<strong>Producentens varenr.:<\/strong> TLRPEST00017SL<\/p>\n<p><strong>P.S.<\/strong><br \/>\nTilmeld dig til &#8220;Opret Gratis Prisfald Alarm&#8221;, og bliv underrettet med det samme om prisfald p\u00e5 eSTAR X18 &#8211; Funktionstelefon &#8211; dual-SIM \/ Intern hukommelse 32 MB &#8211; microSD slot &#8211; LCD-sk\u00e6rm &#8211; 128 x 160 pixels &#8211; rear camera 0,3 MP &#8211; cool s\u00f8lv, og f\u00e5 den billigste pris!<\/p>\n<p>&nbsp;<\/p>\n","protected":false},"excerpt":{"rendered":"<p>K\u00f8b billig eSTAR X18 &#8211; Funktionstelefon &#8211; dual-SIM \/ Intern hukommelse 32 MB &#8211; microSD slot &#8211; LCD-sk\u00e6rm &#8211; 128 x 160 pixels &#8211; rear camera 0,3 MP &#8211; cool s\u00f8lv! Sammenlign priser p\u00e5 eSTAR X18 &#8211; Funktionstelefon &#8211; dual-SIM \/ Intern hukommelse 32 MB &#8211; microSD slot &#8211; LCD-sk\u00e6rm &#8211; 128 x 160 pixels [&hellip;]<\/p>\n","protected":false},"featured_media":999980000004492210,"template":"","meta":[],"store":[1272539],"product_brand":[1272606],"product_cat":[783873,783867,783866],"product_tag":[],"class_list":{"0":"post-449221","1":"product","2":"type-product","3":"status-publish","4":"has-post-thumbnail","6":"store-computersalg","7":"product_brand-estar","8":"product_cat-alle-mobiltelefoner","9":"product_cat-mobiltelefoner","10":"product_cat-telefoni-gps","11":"pa_maerke-estar","13":"first","14":"instock","15":"product-type-external"},"_links":{"self":[{"href":"https:\/\/www.pricetornado.com\/da\/wp-json\/wp\/v2\/product\/449221","targetHints":{"allow":["GET"]}}],"collection":[{"href":"https:\/\/www.pricetornado.com\/da\/wp-json\/wp\/v2\/product"}],"about":[{"href":"https:\/\/www.pricetornado.com\/da\/wp-json\/wp\/v2\/types\/product"}],"wp:featuredmedia":[{"embeddable":true,"href":"https:\/\/www.pricetornado.com\/da\/wp-json\/"}],"wp:attachment":[{"href":"https:\/\/www.pricetornado.com\/da\/wp-json\/wp\/v2\/media?parent=449221"}],"wp:term":[{"taxonomy":"store","embeddable":true,"href":"https:\/\/www.pricetornado.com\/da\/wp-json\/wp\/v2\/store?post=449221"},{"taxonomy":"product_brand","embeddable":true,"href":"https:\/\/www.pricetornado.com\/da\/wp-json\/wp\/v2\/product_brand?post=449221"},{"taxonomy":"product_cat","embeddable":true,"href":"https:\/\/www.pricetornado.com\/da\/wp-json\/wp\/v2\/product_cat?post=449221"},{"taxonomy":"product_tag","embeddable":true,"href":"https:\/\/www.pricetornado.com\/da\/wp-json\/wp\/v2\/product_tag?post=449221"}],"curies":[{"name":"wp","href":"https:\/\/api.w.org\/{rel}","templated":true}]}}