{"id":449193,"date":"2026-04-02T00:14:51","date_gmt":"2026-04-01T22:14:51","guid":{"rendered":"https:\/\/www.pricetornado.com\/da\/produkt\/asus-rog-phone-6-diablo-immortal-edition-5g-smartphone-dual-sim-ram-16-gb-intern-hukommelse-512-gb-oled-skaerm-6-78-2448-x-1080-pixel\/"},"modified":"2026-04-17T01:50:36","modified_gmt":"2026-04-16T23:50:36","slug":"asus-rog-phone-6-diablo-immortal-edition-5g-smartphone-dual-sim-ram-16-gb-intern-hukommelse-512-gb-oled-skaerm-6-78-2448-x-1080-pixels-165-hz-3x-bagkamera-50-mp-13-mp-5-mp-fron","status":"publish","type":"product","link":"https:\/\/www.pricetornado.com\/da\/produkt\/asus-rog-phone-6-diablo-immortal-edition-5g-smartphone-dual-sim-ram-16-gb-intern-hukommelse-512-gb-oled-skaerm-6-78-2448-x-1080-pixels-165-hz-3x-bagkamera-50-mp-13-mp-5-mp-fron\/","title":{"rendered":"ASUS ROG Phone 6 &#8211; Diablo Immortal Edition &#8211; 5G smartphone &#8211; dual-SIM &#8211; RAM 16 GB \/ Intern hukommelse 512 GB &#8211; OLED-sk\u00e6rm &#8211; 6.78 &#8211; 2448 x 1080 pixels (165 Hz) &#8211; 3x bagkamera 50 MP, 13 MP, 5 MP &#8211; front camera 12 MP &#8211; ildr\u00f8d"},"content":{"rendered":"<p>K\u00f8b billig ASUS ROG Phone 6 &#8211; Diablo Immortal Edition &#8211; 5G smartphone &#8211; dual-SIM &#8211; RAM 16 GB \/ Intern hukommelse 512 GB &#8211; OLED-sk\u00e6rm &#8211; 6.78 &#8211; 2448 x 1080 pixels (165 Hz) &#8211; 3x bagkamera 50 MP, 13 MP, 5 MP &#8211; front camera 12 MP &#8211; ildr\u00f8d!<\/p>\n<p>Sammenlign priser p\u00e5 ASUS ROG Phone 6 &#8211; Diablo Immortal Edition &#8211; 5G smartphone &#8211; dual-SIM &#8211; RAM 16 GB \/ Intern hukommelse 512 GB &#8211; OLED-sk\u00e6rm &#8211; 6.78 &#8211; 2448 x 1080 pixels (165 Hz) &#8211; 3x bagkamera 50 MP, 13 MP, 5 MP &#8211; front camera 12 MP &#8211; ildr\u00f8d og k\u00f8b online til den billigste pris, samt p\u00e5 tilbud!\u00a0\u00a0Tjek den bedste pris, produkt beskrivelse, video, test, anmeldelser osv.<\/p>\n<p><strong>Brand: <\/strong>ASUS<br \/>\n<strong>EAN: <\/strong>4711081956488<br \/>\n<strong>Producentens varenr.:<\/strong> 90AI00B9-M002X0<\/p>\n<p><strong>P.S.<\/strong><br \/>\nTilmeld dig til &#8220;Opret Gratis Prisfald Alarm&#8221;, og bliv underrettet med det samme om prisfald p\u00e5 ASUS ROG Phone 6 &#8211; Diablo Immortal Edition &#8211; 5G smartphone &#8211; dual-SIM &#8211; RAM 16 GB \/ Intern hukommelse 512 GB &#8211; OLED-sk\u00e6rm &#8211; 6.78 &#8211; 2448 x 1080 pixels (165 Hz) &#8211; 3x bagkamera 50 MP, 13 MP, 5 MP &#8211; front camera 12 MP &#8211; ildr\u00f8d, og f\u00e5 den billigste pris!<\/p>\n<p>&nbsp;<\/p>\n","protected":false},"excerpt":{"rendered":"<p>K\u00f8b billig ASUS ROG Phone 6 &#8211; Diablo Immortal Edition &#8211; 5G smartphone &#8211; dual-SIM &#8211; RAM 16 GB \/ Intern hukommelse 512 GB &#8211; OLED-sk\u00e6rm &#8211; 6.78 &#8211; 2448 x 1080 pixels (165 Hz) &#8211; 3x bagkamera 50 MP, 13 MP, 5 MP &#8211; front camera 12 MP &#8211; ildr\u00f8d! Sammenlign priser p\u00e5 ASUS [&hellip;]<\/p>\n","protected":false},"featured_media":999980000004491930,"template":"","meta":[],"store":[1272539],"product_brand":[1272556],"product_cat":[783873,783867,783866],"product_tag":[],"class_list":{"0":"post-449193","1":"product","2":"type-product","3":"status-publish","4":"has-post-thumbnail","6":"store-computersalg","7":"product_brand-asus","8":"product_cat-alle-mobiltelefoner","9":"product_cat-mobiltelefoner","10":"product_cat-telefoni-gps","11":"pa_maerke-asus","13":"first","14":"instock","15":"product-type-external"},"_links":{"self":[{"href":"https:\/\/www.pricetornado.com\/da\/wp-json\/wp\/v2\/product\/449193","targetHints":{"allow":["GET"]}}],"collection":[{"href":"https:\/\/www.pricetornado.com\/da\/wp-json\/wp\/v2\/product"}],"about":[{"href":"https:\/\/www.pricetornado.com\/da\/wp-json\/wp\/v2\/types\/product"}],"wp:featuredmedia":[{"embeddable":true,"href":"https:\/\/www.pricetornado.com\/da\/wp-json\/"}],"wp:attachment":[{"href":"https:\/\/www.pricetornado.com\/da\/wp-json\/wp\/v2\/media?parent=449193"}],"wp:term":[{"taxonomy":"store","embeddable":true,"href":"https:\/\/www.pricetornado.com\/da\/wp-json\/wp\/v2\/store?post=449193"},{"taxonomy":"product_brand","embeddable":true,"href":"https:\/\/www.pricetornado.com\/da\/wp-json\/wp\/v2\/product_brand?post=449193"},{"taxonomy":"product_cat","embeddable":true,"href":"https:\/\/www.pricetornado.com\/da\/wp-json\/wp\/v2\/product_cat?post=449193"},{"taxonomy":"product_tag","embeddable":true,"href":"https:\/\/www.pricetornado.com\/da\/wp-json\/wp\/v2\/product_tag?post=449193"}],"curies":[{"name":"wp","href":"https:\/\/api.w.org\/{rel}","templated":true}]}}