{"id":449188,"date":"2026-04-02T00:14:51","date_gmt":"2026-04-01T22:14:51","guid":{"rendered":"https:\/\/www.pricetornado.com\/da\/produkt\/oneplus-nord-ce5-5g-6-77-8gb-256gb-black-infinity-2\/"},"modified":"2026-04-22T02:30:59","modified_gmt":"2026-04-22T00:30:59","slug":"oneplus-nord-ce5-5g-6-77-8gb-256gb-black-infinity","status":"publish","type":"product","link":"https:\/\/www.pricetornado.com\/da\/produkt\/oneplus-nord-ce5-5g-6-77-8gb-256gb-black-infinity\/","title":{"rendered":"OnePlus Nord CE5 5G 6.77 8GB 256GB &#8211; Black Infinity"},"content":{"rendered":"<p>K\u00f8b billig OnePlus Nord CE5 5G 6.77 8GB 256GB &#8211; Black Infinity!<\/p>\n<p>Sammenlign priser p\u00e5 OnePlus Nord CE5 5G 6.77 8GB 256GB &#8211; Black Infinity og k\u00f8b online til den billigste pris, samt p\u00e5 tilbud!\u00a0\u00a0Tjek den bedste pris, produkt beskrivelse, video, test, anmeldelser osv.<\/p>\n<p><strong>Brand: <\/strong>OnePlus<br \/>\n<strong>EAN: <\/strong>6921815629535<br \/>\n<strong>Producentens varenr.:<\/strong> 5011113522<\/p>\n<p><strong>P.S.<\/strong><br \/>\nTilmeld dig til &#8220;Opret Gratis Prisfald Alarm&#8221;, og bliv underrettet med det samme om prisfald p\u00e5 OnePlus Nord CE5 5G 6.77 8GB 256GB &#8211; Black Infinity, og f\u00e5 den billigste pris!<\/p>\n<p>&nbsp;<\/p>\n","protected":false},"excerpt":{"rendered":"<p>K\u00f8b billig OnePlus Nord CE5 5G 6.77 8GB 256GB &#8211; Black Infinity! Sammenlign priser p\u00e5 OnePlus Nord CE5 5G 6.77 8GB 256GB &#8211; Black Infinity og k\u00f8b online til den billigste pris, samt p\u00e5 tilbud!\u00a0\u00a0Tjek den bedste pris, produkt beskrivelse, video, test, anmeldelser osv. Brand: OnePlus EAN: 6921815629535 Producentens varenr.: 5011113522 P.S. Tilmeld dig til [&hellip;]<\/p>\n","protected":false},"featured_media":999980000004491880,"template":"","meta":[],"store":[1272539],"product_brand":[1272554],"product_cat":[783873,783867,783866],"product_tag":[],"class_list":{"0":"post-449188","1":"product","2":"type-product","3":"status-publish","4":"has-post-thumbnail","6":"store-computersalg","7":"product_brand-oneplus","8":"product_cat-alle-mobiltelefoner","9":"product_cat-mobiltelefoner","10":"product_cat-telefoni-gps","11":"pa_maerke-oneplus","13":"first","14":"instock","15":"product-type-external"},"_links":{"self":[{"href":"https:\/\/www.pricetornado.com\/da\/wp-json\/wp\/v2\/product\/449188","targetHints":{"allow":["GET"]}}],"collection":[{"href":"https:\/\/www.pricetornado.com\/da\/wp-json\/wp\/v2\/product"}],"about":[{"href":"https:\/\/www.pricetornado.com\/da\/wp-json\/wp\/v2\/types\/product"}],"wp:featuredmedia":[{"embeddable":true,"href":"https:\/\/www.pricetornado.com\/da\/wp-json\/"}],"wp:attachment":[{"href":"https:\/\/www.pricetornado.com\/da\/wp-json\/wp\/v2\/media?parent=449188"}],"wp:term":[{"taxonomy":"store","embeddable":true,"href":"https:\/\/www.pricetornado.com\/da\/wp-json\/wp\/v2\/store?post=449188"},{"taxonomy":"product_brand","embeddable":true,"href":"https:\/\/www.pricetornado.com\/da\/wp-json\/wp\/v2\/product_brand?post=449188"},{"taxonomy":"product_cat","embeddable":true,"href":"https:\/\/www.pricetornado.com\/da\/wp-json\/wp\/v2\/product_cat?post=449188"},{"taxonomy":"product_tag","embeddable":true,"href":"https:\/\/www.pricetornado.com\/da\/wp-json\/wp\/v2\/product_tag?post=449188"}],"curies":[{"name":"wp","href":"https:\/\/api.w.org\/{rel}","templated":true}]}}