{"id":449173,"date":"2026-04-30T00:14:12","date_gmt":"2026-04-29T22:14:12","guid":{"rendered":"https:\/\/www.pricetornado.com\/da\/produkt\/oppo-reno13-5g-dual-sim-12gb-ram-256gb-luminous-blue-2\/"},"modified":"2026-04-30T00:14:41","modified_gmt":"2026-04-29T22:14:41","slug":"oppo-reno13-5g-dual-sim-12gb-ram-256gb-luminous-blue","status":"publish","type":"product","link":"https:\/\/www.pricetornado.com\/da\/produkt\/oppo-reno13-5g-dual-sim-12gb-ram-256gb-luminous-blue\/","title":{"rendered":"Oppo Reno13 5G Dual Sim 12GB RAM 256GB &#8211; Luminous Blue"},"content":{"rendered":"<p>K\u00f8b billig Oppo Reno13 5G Dual Sim 12GB RAM 256GB &#8211; Luminous Blue!<\/p>\n<p>Sammenlign priser p\u00e5 Oppo Reno13 5G Dual Sim 12GB RAM 256GB &#8211; Luminous Blue og k\u00f8b online til den billigste pris, samt p\u00e5 tilbud!\u00a0\u00a0Tjek den bedste pris, produkt beskrivelse, video, test, anmeldelser osv.<\/p>\n<p><strong>Brand: <\/strong>OPPO<br \/>\n<strong>EAN: <\/strong>6932169359832<br \/>\n<strong>Producentens varenr.:<\/strong> 6932169359832<\/p>\n<p><strong>P.S.<\/strong><br \/>\nTilmeld dig til &#8220;Opret Gratis Prisfald Alarm&#8221;, og bliv underrettet med det samme om prisfald p\u00e5 Oppo Reno13 5G Dual Sim 12GB RAM 256GB &#8211; Luminous Blue, og f\u00e5 den billigste pris!<\/p>\n<p>&nbsp;<\/p>\n","protected":false},"excerpt":{"rendered":"<p>K\u00f8b billig Oppo Reno13 5G Dual Sim 12GB RAM 256GB &#8211; Luminous Blue! Sammenlign priser p\u00e5 Oppo Reno13 5G Dual Sim 12GB RAM 256GB &#8211; Luminous Blue og k\u00f8b online til den billigste pris, samt p\u00e5 tilbud!\u00a0\u00a0Tjek den bedste pris, produkt beskrivelse, video, test, anmeldelser osv. Brand: OPPO EAN: 6932169359832 Producentens varenr.: 6932169359832 P.S. Tilmeld [&hellip;]<\/p>\n","protected":false},"featured_media":999980000004491730,"template":"","meta":[],"store":[1272539],"product_brand":[1272584],"product_cat":[783873,783867,783866],"product_tag":[],"class_list":{"0":"post-449173","1":"product","2":"type-product","3":"status-publish","4":"has-post-thumbnail","6":"store-computersalg","7":"product_brand-oppo","8":"product_cat-alle-mobiltelefoner","9":"product_cat-mobiltelefoner","10":"product_cat-telefoni-gps","11":"pa_maerke-oppo","13":"first","14":"instock","15":"product-type-external"},"_links":{"self":[{"href":"https:\/\/www.pricetornado.com\/da\/wp-json\/wp\/v2\/product\/449173","targetHints":{"allow":["GET"]}}],"collection":[{"href":"https:\/\/www.pricetornado.com\/da\/wp-json\/wp\/v2\/product"}],"about":[{"href":"https:\/\/www.pricetornado.com\/da\/wp-json\/wp\/v2\/types\/product"}],"wp:featuredmedia":[{"embeddable":true,"href":"https:\/\/www.pricetornado.com\/da\/wp-json\/"}],"wp:attachment":[{"href":"https:\/\/www.pricetornado.com\/da\/wp-json\/wp\/v2\/media?parent=449173"}],"wp:term":[{"taxonomy":"store","embeddable":true,"href":"https:\/\/www.pricetornado.com\/da\/wp-json\/wp\/v2\/store?post=449173"},{"taxonomy":"product_brand","embeddable":true,"href":"https:\/\/www.pricetornado.com\/da\/wp-json\/wp\/v2\/product_brand?post=449173"},{"taxonomy":"product_cat","embeddable":true,"href":"https:\/\/www.pricetornado.com\/da\/wp-json\/wp\/v2\/product_cat?post=449173"},{"taxonomy":"product_tag","embeddable":true,"href":"https:\/\/www.pricetornado.com\/da\/wp-json\/wp\/v2\/product_tag?post=449173"}],"curies":[{"name":"wp","href":"https:\/\/api.w.org\/{rel}","templated":true}]}}