{"id":449170,"date":"2026-04-16T00:16:55","date_gmt":"2026-04-15T22:16:55","guid":{"rendered":"https:\/\/www.pricetornado.com\/da\/produkt\/apple-iphone-16-pro-max-512-gb-white-titanium-2\/"},"modified":"2026-04-19T00:40:26","modified_gmt":"2026-04-18T22:40:26","slug":"apple-iphone-16-pro-max-512-gb-white-titanium","status":"publish","type":"product","link":"https:\/\/www.pricetornado.com\/da\/produkt\/apple-iphone-16-pro-max-512-gb-white-titanium\/","title":{"rendered":"Apple | iPhone 16 Pro Max &#8211;  512 GB &#8211; White Titanium"},"content":{"rendered":"<p>K\u00f8b billig Apple | iPhone 16 Pro Max &#8211;  512 GB &#8211; White Titanium!<\/p>\n<p>Sammenlign priser p\u00e5 Apple | iPhone 16 Pro Max &#8211;  512 GB &#8211; White Titanium og k\u00f8b online til den billigste pris, samt p\u00e5 tilbud!\u00a0\u00a0Tjek den bedste pris, produkt beskrivelse, video, test, anmeldelser osv.<\/p>\n<p><strong>Brand: <\/strong>Apple<br \/>\n<strong>EAN: <\/strong>0195949806766<br \/>\n<strong>Producentens varenr.:<\/strong> MYX13QN\/A<\/p>\n<p><strong>P.S.<\/strong><br \/>\nTilmeld dig til &#8220;Opret Gratis Prisfald Alarm&#8221;, og bliv underrettet med det samme om prisfald p\u00e5 Apple | iPhone 16 Pro Max &#8211;  512 GB &#8211; White Titanium, og f\u00e5 den billigste pris!<\/p>\n<p>&nbsp;<\/p>\n","protected":false},"excerpt":{"rendered":"<p>K\u00f8b billig Apple | iPhone 16 Pro Max &#8211; 512 GB &#8211; White Titanium! Sammenlign priser p\u00e5 Apple | iPhone 16 Pro Max &#8211; 512 GB &#8211; White Titanium og k\u00f8b online til den billigste pris, samt p\u00e5 tilbud!\u00a0\u00a0Tjek den bedste pris, produkt beskrivelse, video, test, anmeldelser osv. Brand: Apple EAN: 0195949806766 Producentens varenr.: MYX13QN\/A [&hellip;]<\/p>\n","protected":false},"featured_media":999980000004491700,"template":"","meta":[],"store":[1272539],"product_brand":[1272540],"product_cat":[783868,783867,783866],"product_tag":[],"class_list":{"0":"post-449170","1":"product","2":"type-product","3":"status-publish","4":"has-post-thumbnail","6":"store-computersalg","7":"product_brand-apple","8":"product_cat-apple-iphone","9":"product_cat-mobiltelefoner","10":"product_cat-telefoni-gps","11":"pa_maerke-apple","13":"first","14":"instock","15":"product-type-external"},"_links":{"self":[{"href":"https:\/\/www.pricetornado.com\/da\/wp-json\/wp\/v2\/product\/449170","targetHints":{"allow":["GET"]}}],"collection":[{"href":"https:\/\/www.pricetornado.com\/da\/wp-json\/wp\/v2\/product"}],"about":[{"href":"https:\/\/www.pricetornado.com\/da\/wp-json\/wp\/v2\/types\/product"}],"wp:featuredmedia":[{"embeddable":true,"href":"https:\/\/www.pricetornado.com\/da\/wp-json\/"}],"wp:attachment":[{"href":"https:\/\/www.pricetornado.com\/da\/wp-json\/wp\/v2\/media?parent=449170"}],"wp:term":[{"taxonomy":"store","embeddable":true,"href":"https:\/\/www.pricetornado.com\/da\/wp-json\/wp\/v2\/store?post=449170"},{"taxonomy":"product_brand","embeddable":true,"href":"https:\/\/www.pricetornado.com\/da\/wp-json\/wp\/v2\/product_brand?post=449170"},{"taxonomy":"product_cat","embeddable":true,"href":"https:\/\/www.pricetornado.com\/da\/wp-json\/wp\/v2\/product_cat?post=449170"},{"taxonomy":"product_tag","embeddable":true,"href":"https:\/\/www.pricetornado.com\/da\/wp-json\/wp\/v2\/product_tag?post=449170"}],"curies":[{"name":"wp","href":"https:\/\/api.w.org\/{rel}","templated":true}]}}