{"id":449166,"date":"2026-03-26T00:17:37","date_gmt":"2026-03-25T23:17:37","guid":{"rendered":"https:\/\/www.pricetornado.com\/da\/produkt\/samsung-galaxy-a02s-0-3-nude-transparent-2\/"},"modified":"2026-04-17T04:30:30","modified_gmt":"2026-04-17T02:30:30","slug":"samsung-galaxy-a02s-0-3-nude-transparent-2","status":"publish","type":"product","link":"https:\/\/www.pricetornado.com\/da\/produkt\/samsung-galaxy-a02s-0-3-nude-transparent-2\/","title":{"rendered":"Samsung Galaxy A02s 0.3 Nude, Transparent"},"content":{"rendered":"<p>K\u00f8b billig Samsung Galaxy A02s 0.3 Nude, Transparent!<\/p>\n<p>Sammenlign priser p\u00e5 Samsung Galaxy A02s 0.3 Nude, Transparent og k\u00f8b online til den billigste pris, samt p\u00e5 tilbud!\u00a0\u00a0Tjek den bedste pris, produkt beskrivelse, video, test, anmeldelser osv.<\/p>\n<p><strong>Brand: <\/strong>PURO<br \/>\n<strong>EAN: <\/strong>8033830299667<br \/>\n<strong>Producentens varenr.:<\/strong> SGA02S03NUDETR<\/p>\n<p><strong>P.S.<\/strong><br \/>\nTilmeld dig til &#8220;Opret Gratis Prisfald Alarm&#8221;, og bliv underrettet med det samme om prisfald p\u00e5 Samsung Galaxy A02s 0.3 Nude, Transparent, og f\u00e5 den billigste pris!<\/p>\n<p>&nbsp;<\/p>\n","protected":false},"excerpt":{"rendered":"<p>K\u00f8b billig Samsung Galaxy A02s 0.3 Nude, Transparent! Sammenlign priser p\u00e5 Samsung Galaxy A02s 0.3 Nude, Transparent og k\u00f8b online til den billigste pris, samt p\u00e5 tilbud!\u00a0\u00a0Tjek den bedste pris, produkt beskrivelse, video, test, anmeldelser osv. Brand: PURO EAN: 8033830299667 Producentens varenr.: SGA02S03NUDETR P.S. Tilmeld dig til &#8220;Opret Gratis Prisfald Alarm&#8221;, og bliv underrettet med [&hellip;]<\/p>\n","protected":false},"featured_media":999980000004491660,"template":"","meta":[],"store":[1272539],"product_brand":[1272579],"product_cat":[783873,783867,783866],"product_tag":[],"class_list":{"0":"post-449166","1":"product","2":"type-product","3":"status-publish","4":"has-post-thumbnail","6":"store-computersalg","7":"product_brand-puro","8":"product_cat-alle-mobiltelefoner","9":"product_cat-mobiltelefoner","10":"product_cat-telefoni-gps","11":"pa_maerke-puro","13":"first","14":"instock","15":"product-type-external"},"_links":{"self":[{"href":"https:\/\/www.pricetornado.com\/da\/wp-json\/wp\/v2\/product\/449166","targetHints":{"allow":["GET"]}}],"collection":[{"href":"https:\/\/www.pricetornado.com\/da\/wp-json\/wp\/v2\/product"}],"about":[{"href":"https:\/\/www.pricetornado.com\/da\/wp-json\/wp\/v2\/types\/product"}],"wp:featuredmedia":[{"embeddable":true,"href":"https:\/\/www.pricetornado.com\/da\/wp-json\/"}],"wp:attachment":[{"href":"https:\/\/www.pricetornado.com\/da\/wp-json\/wp\/v2\/media?parent=449166"}],"wp:term":[{"taxonomy":"store","embeddable":true,"href":"https:\/\/www.pricetornado.com\/da\/wp-json\/wp\/v2\/store?post=449166"},{"taxonomy":"product_brand","embeddable":true,"href":"https:\/\/www.pricetornado.com\/da\/wp-json\/wp\/v2\/product_brand?post=449166"},{"taxonomy":"product_cat","embeddable":true,"href":"https:\/\/www.pricetornado.com\/da\/wp-json\/wp\/v2\/product_cat?post=449166"},{"taxonomy":"product_tag","embeddable":true,"href":"https:\/\/www.pricetornado.com\/da\/wp-json\/wp\/v2\/product_tag?post=449166"}],"curies":[{"name":"wp","href":"https:\/\/api.w.org\/{rel}","templated":true}]}}