{"id":449154,"date":"2026-04-16T00:15:10","date_gmt":"2026-04-15T22:15:10","guid":{"rendered":"https:\/\/www.pricetornado.com\/da\/produkt\/poco-f8-pro-167-cm-6-59-2510-x-1156-pixel-12-gb-256-gb-50-mp-sort-3\/"},"modified":"2026-04-18T00:30:08","modified_gmt":"2026-04-17T22:30:08","slug":"poco-f8-pro-167-cm-6-59-2510-x-1156-pixel-12-gb-256-gb-50-mp-sort-2","status":"publish","type":"product","link":"https:\/\/www.pricetornado.com\/da\/produkt\/poco-f8-pro-167-cm-6-59-2510-x-1156-pixel-12-gb-256-gb-50-mp-sort-2\/","title":{"rendered":"POCO F8 Pro, 16,7 cm (6.59), 2510 x 1156 pixel, 12 GB, 256 GB, 50 MP, Sort"},"content":{"rendered":"<p>K\u00f8b billig POCO F8 Pro, 16,7 cm (6.59), 2510 x 1156 pixel, 12 GB, 256 GB, 50 MP, Sort!<\/p>\n<p>Sammenlign priser p\u00e5 POCO F8 Pro, 16,7 cm (6.59), 2510 x 1156 pixel, 12 GB, 256 GB, 50 MP, Sort og k\u00f8b online til den billigste pris, samt p\u00e5 tilbud!\u00a0\u00a0Tjek den bedste pris, produkt beskrivelse, video, test, anmeldelser osv.<\/p>\n<p><strong>Brand: <\/strong>POCO<br \/>\n<strong>EAN: <\/strong>6932554472252<br \/>\n<strong>Producentens varenr.:<\/strong> 6932554472252<\/p>\n<p><strong>P.S.<\/strong><br \/>\nTilmeld dig til &#8220;Opret Gratis Prisfald Alarm&#8221;, og bliv underrettet med det samme om prisfald p\u00e5 POCO F8 Pro, 16,7 cm (6.59), 2510 x 1156 pixel, 12 GB, 256 GB, 50 MP, Sort, og f\u00e5 den billigste pris!<\/p>\n<p>&nbsp;<\/p>\n","protected":false},"excerpt":{"rendered":"<p>K\u00f8b billig POCO F8 Pro, 16,7 cm (6.59), 2510 x 1156 pixel, 12 GB, 256 GB, 50 MP, Sort! Sammenlign priser p\u00e5 POCO F8 Pro, 16,7 cm (6.59), 2510 x 1156 pixel, 12 GB, 256 GB, 50 MP, Sort og k\u00f8b online til den billigste pris, samt p\u00e5 tilbud!\u00a0\u00a0Tjek den bedste pris, produkt beskrivelse, video, [&hellip;]<\/p>\n","protected":false},"featured_media":999980000004491540,"template":"","meta":[],"store":[1272539],"product_brand":[1272557],"product_cat":[783873,783867,783866],"product_tag":[],"class_list":{"0":"post-449154","1":"product","2":"type-product","3":"status-publish","4":"has-post-thumbnail","6":"store-computersalg","7":"product_brand-poco","8":"product_cat-alle-mobiltelefoner","9":"product_cat-mobiltelefoner","10":"product_cat-telefoni-gps","11":"pa_maerke-poco","13":"first","14":"instock","15":"product-type-external"},"_links":{"self":[{"href":"https:\/\/www.pricetornado.com\/da\/wp-json\/wp\/v2\/product\/449154","targetHints":{"allow":["GET"]}}],"collection":[{"href":"https:\/\/www.pricetornado.com\/da\/wp-json\/wp\/v2\/product"}],"about":[{"href":"https:\/\/www.pricetornado.com\/da\/wp-json\/wp\/v2\/types\/product"}],"wp:featuredmedia":[{"embeddable":true,"href":"https:\/\/www.pricetornado.com\/da\/wp-json\/"}],"wp:attachment":[{"href":"https:\/\/www.pricetornado.com\/da\/wp-json\/wp\/v2\/media?parent=449154"}],"wp:term":[{"taxonomy":"store","embeddable":true,"href":"https:\/\/www.pricetornado.com\/da\/wp-json\/wp\/v2\/store?post=449154"},{"taxonomy":"product_brand","embeddable":true,"href":"https:\/\/www.pricetornado.com\/da\/wp-json\/wp\/v2\/product_brand?post=449154"},{"taxonomy":"product_cat","embeddable":true,"href":"https:\/\/www.pricetornado.com\/da\/wp-json\/wp\/v2\/product_cat?post=449154"},{"taxonomy":"product_tag","embeddable":true,"href":"https:\/\/www.pricetornado.com\/da\/wp-json\/wp\/v2\/product_tag?post=449154"}],"curies":[{"name":"wp","href":"https:\/\/api.w.org\/{rel}","templated":true}]}}